{"id":1645,"date":"2016-05-26T10:27:14","date_gmt":"2016-05-26T01:27:14","guid":{"rendered":"http:\/\/naoshima.net\/?page_id=1645"},"modified":"2025-07-23T17:35:31","modified_gmt":"2025-07-23T08:35:31","slug":"keisai","status":"publish","type":"page","link":"http:\/\/naoshima.net\/fr\/keisai\/","title":{"rendered":"Publication de diverses images"},"content":{"rendered":"<p><span style=\"font-size: 16px;\">Pour ceux qui souhaitent publier des images d'\u0153uvres d'art et d'architecture sur l'\u00eele de Naoshima.<\/span><\/p>\n<p><span style=\"font-size: 16px;\">Chaque \u0153uvre\/installation a son propre organisme d\u00e9tenteur de droits. Le lieu d'introduction d'une demande de licence diff\u00e8re selon l'\u0153uvre, il convient donc de v\u00e9rifier avant d'introduire votre demande.<br \/>Pour les photos autres que celles ci-dessous (par exemple, paysage urbain), veuillez contacter l'Association touristique de Naoshima.<br \/><\/span><\/p>\n<div class=\"keisaiBox\">\n<p><span style=\"font-size: 16px;\">[Nom de l'entreprise\/de l'installation].<\/span><br \/><span style=\"font-size: 16px;\">Citrouille rouge - Pavillon Naoshima - Hall Naoshima<\/span><\/p>\n<p><span style=\"font-size: 16px;\">[Organisme de gestion].<\/span><br \/><span style=\"font-size: 16px;\">Naoshima Town Hall, General Affairs Section Tel : 087-892-2222 Fax : 087-892-3888<\/span><\/p>\n<p><span style=\"font-size: 16px;\">Pour plus d'informations.<a href=\"https:\/\/www.town.naoshima.lg.jp\/about\/kouhou\/post_3.html\" target=\"_blank\">Site web de la ville de Naoshima<\/a>pour plus d'informations.<\/span><\/p>\n<\/div>\n<div class=\"keisaiBox\">\n<p><span style=\"font-size: 16px;\">[Nom de l'entreprise\/de l'installation].<\/span><br \/><span style=\"font-size: 16px;\">Benesse House \u30fbProjet de maison \u30fbAutres (par exemple, activit\u00e9s communautaires)<\/span><\/p>\n<p><span style=\"font-size: 16px;\">[Organisme de gestion].<\/span><br \/><span style=\"font-size: 16px;\">Benesse Holdings Corporation, Relations publiques T\u00e9l. : 087-892-2887 Fax : 087-840-8277<\/span><\/p>\n<p><span style=\"font-size: 16px;\">Pour plus d'informations.<a href=\"http:\/\/benesse-artsite.jp\/contact\/press\/\" target=\"_blank\">Site de Benesse Art Site Naoshima.<\/a>pour plus d'informations.<\/span><\/p>\n<\/div>\n<div class=\"keisaiBox\">\n<p><span style=\"font-size: 16px;\">[Nom de l'entreprise\/de l'installation].<\/span><br \/><span style=\"font-size: 16px;\">Chichu Art Museum - Naoshima Public Bath \"I\u2665yu\" - Lee Ufan Museum - ANDO MUSEUM - Miyaura Gallery Roku-ku<\/span><\/p>\n<p><span style=\"font-size: 16px;\">[Organisme de gestion].<\/span><br \/><span style=\"font-size: 16px;\">Responsable des relations publiques, Fondation Fukutake T\u00e9l. : 087-892-2550 Fax : 087-892-4466<\/span><\/p>\n<p><span style=\"font-size: 16px;\">Pour plus d'informations.<a href=\"http:\/\/benesse-artsite.jp\/contact\/press\/\" target=\"_blank\">Site de Benesse Art Site Naoshima.<\/a>pour plus d'informations.<\/span><\/p>\n<\/div>","protected":false},"excerpt":{"rendered":"<p>\u76f4\u5cf6\u5cf6\u5185\u306b\u3042\u308b\u30a2\u30fc\u30c8\u4f5c\u54c1\u3084\u5efa\u7bc9\u7269\u306e\u753b\u50cf\u3092\u63b2\u8f09\u3054\u5e0c\u671b\u306e\u65b9\u3078 \u5404\u4f5c\u54c1\u30fb\u65bd\u8a2d\u306b\u306f\u5404\u3005\u6a29\u5229\u3092\u4fdd\u6709\u3057\u3066\u3044\u308b\u7d44\u7e54\u304c\u3042\u308a\u307e\u3059\u3002\u4f5c\u54c1\u306b\u3088\u3063\u3066\u3001\u4f7f\u7528\u8a31\u53ef\u7533\u8acb\u3092\u63d0\u51fa\u3059\u308b\u3068\u3053\u308d\u304c\u9055\u3044\u307e\u3059\u306e\u3067\u3001\u78ba\u8a8d\u306e\u4e0a\u3001\u7533\u8acb\u3092\u304a\u9858\u3044\u3057\u307e\u3059\u3002\u4e0b\u8a18\u4ee5\u5916\u306e\u5199\u771f\uff08\u753a\u4e26 [&hellip;]<\/p>\n","protected":false},"author":1,"featured_media":0,"parent":0,"menu_order":0,"comment_status":"closed","ping_status":"closed","template":"","meta":{"_acf_changed":false,"footnotes":""},"class_list":["post-1645","page","type-page","status-publish","hentry"],"acf":[],"publishpress_future_workflow_manual_trigger":{"enabledWorkflows":[]},"_links":{"self":[{"href":"http:\/\/naoshima.net\/fr\/wp-json\/wp\/v2\/pages\/1645","targetHints":{"allow":["GET"]}}],"collection":[{"href":"http:\/\/naoshima.net\/fr\/wp-json\/wp\/v2\/pages"}],"about":[{"href":"http:\/\/naoshima.net\/fr\/wp-json\/wp\/v2\/types\/page"}],"author":[{"embeddable":true,"href":"http:\/\/naoshima.net\/fr\/wp-json\/wp\/v2\/users\/1"}],"replies":[{"embeddable":true,"href":"http:\/\/naoshima.net\/fr\/wp-json\/wp\/v2\/comments?post=1645"}],"version-history":[{"count":0,"href":"http:\/\/naoshima.net\/fr\/wp-json\/wp\/v2\/pages\/1645\/revisions"}],"wp:attachment":[{"href":"http:\/\/naoshima.net\/fr\/wp-json\/wp\/v2\/media?parent=1645"}],"curies":[{"name":"wp","href":"https:\/\/api.w.org\/{rel}","templated":true}]}}