{"id":1699,"date":"2016-05-30T09:08:46","date_gmt":"2016-05-30T00:08:46","guid":{"rendered":"http:\/\/naoshima.net\/?page_id=1699"},"modified":"2025-04-04T16:46:06","modified_gmt":"2025-04-04T07:46:06","slug":"uno","status":"publish","type":"page","link":"http:\/\/naoshima.net\/fr\/uno\/","title":{"rendered":"Liaison entre le port de Uno et la gare d'Okayama"},"content":{"rendered":"<div class=\"unoBox\">\n<p><span style=\"font-size: 16px;\">Il existe deux options de transport public entre le port Uno et la gare d'Okayama : JR et Ryobi Bus.<\/span><\/p>\n<p><span style=\"font-size: 16px;\">Horaire de correspondance A partir du 15 mars 2025<a href=\"http:\/\/naoshima.net\/wp-content\/uploads\/2025\/04\/d62530d603566512f846200645eb486a.pdf\">de cette mani\u00e8re (direction proche de l'orateur ou vers l'orateur)<br \/><\/a>\u00a0\u00a0\u00a0\u00a0\u00a0\u00a0\u00a0\u00a0\u00a0\u00a0\u00a0\u00a0\u00a0\u00a0\u00a0\u00a0\u00a0\u00a0\u00a0\u00a0\u00a0\u00a0\u00a0\u00a0\u00a0\u00a0\u00a0 (15 mars : r\u00e9vision des horaires de la ligne JR Uno ; 16 mars : r\u00e9vision des tarifs des bus Ryobi)<br \/><\/span><\/p>\n<h2>JR<\/h2>\n<p><span style=\"font-size: 16px;\">(vols sans transfert) 50-57 minutes.<\/span><br \/><span style=\"font-size: 16px;\">(Transferts \u00e0 la station Chayamachi) 47-51 minutes.<\/span><br \/><span style=\"font-size: 16px;\">Adultes 590 \u00a5<\/span><\/p>\n<h2><span style=\"font-size: 16px;\">bus<\/span><\/h2>\n<p><span style=\"font-size: 16px;\">62-64 mins Adultes \u00a5660 *Veuillez noter que les bus peuvent \u00eatre retard\u00e9s en raison des embouteillages et d'autres conditions routi\u00e8res.<\/span><\/p>\n<h2><span style=\"font-size: 16px;\">taxi<\/span><\/h2>\n<p><span style=\"font-size: 16px;\">Le trajet dure environ 50 minutes et co\u00fbte un peu moins de 8 000 yens (environ).<\/span><\/p>\n<\/div>","protected":false},"excerpt":{"rendered":"<p>\u5b87\u91ce\u6e2f\u304b\u3089\u5ca1\u5c71\u99c5\u307e\u3067\u306e\u516c\u5171\u4ea4\u901a\u6a5f\u95a2\u306fJR\u3068\u4e21\u5099\u30d0\u30b9\u306e2\u901a\u308a\u3042\u308a\u307e\u3059 \u63a5\u7d9a\u6642\u523b\u8868\u3000\u4ee4\u548c7\u5e743\u670815\u65e5\u304b\u3089\u306f\u3053\u3061\u3089\u00a0\u00a0\u00a0\u00a0\u00a0\u00a0\u00a0\u00a0\u00a0\u00a0\u00a0\u00a0\u00a0\u00a0\u00a0\u00a0\u00a0\u00a0\u00a0\u00a0\u00a0\u00a0\u00a0\u00a0\u00a0\u00a0\u00a0 \uff083\u670815\u65e5JR\u5b87\u91ce\u7dda\u30c0\u30a4\u30e4\u6539\u6b63\u30013\u670816\u65e5\u4e21\u5099\u30d0\u30b9\u6599 [&hellip;]<\/p>\n","protected":false},"author":1,"featured_media":0,"parent":0,"menu_order":0,"comment_status":"closed","ping_status":"closed","template":"","meta":{"_acf_changed":false,"footnotes":""},"class_list":["post-1699","page","type-page","status-publish","hentry"],"acf":[],"publishpress_future_workflow_manual_trigger":{"enabledWorkflows":[]},"_links":{"self":[{"href":"http:\/\/naoshima.net\/fr\/wp-json\/wp\/v2\/pages\/1699","targetHints":{"allow":["GET"]}}],"collection":[{"href":"http:\/\/naoshima.net\/fr\/wp-json\/wp\/v2\/pages"}],"about":[{"href":"http:\/\/naoshima.net\/fr\/wp-json\/wp\/v2\/types\/page"}],"author":[{"embeddable":true,"href":"http:\/\/naoshima.net\/fr\/wp-json\/wp\/v2\/users\/1"}],"replies":[{"embeddable":true,"href":"http:\/\/naoshima.net\/fr\/wp-json\/wp\/v2\/comments?post=1699"}],"version-history":[{"count":0,"href":"http:\/\/naoshima.net\/fr\/wp-json\/wp\/v2\/pages\/1699\/revisions"}],"wp:attachment":[{"href":"http:\/\/naoshima.net\/fr\/wp-json\/wp\/v2\/media?parent=1699"}],"curies":[{"name":"wp","href":"https:\/\/api.w.org\/{rel}","templated":true}]}}