{"id":1919,"date":"2016-07-01T10:43:29","date_gmt":"2016-07-01T01:43:29","guid":{"rendered":"http:\/\/naoshima.net\/?page_id=1919"},"modified":"2026-04-18T08:34:57","modified_gmt":"2026-04-17T23:34:57","slug":"teijyu","status":"publish","type":"page","link":"http:\/\/naoshima.net\/fr\/teijyu\/","title":{"rendered":"Pour ceux qui envisagent de d\u00e9m\u00e9nager, de s'installer, de travailler ou de travailler \u00e0 temps partiel \u00e0 Naoshima"},"content":{"rendered":"<p><span style=\"font-size: 16px;\">La ville de Naoshima encourage la migration et l'installation dans le but de revitaliser la communaut\u00e9 locale gr\u00e2ce \u00e0 l'utilisation efficace des maisons et des terrains vacants de la ville.<\/span><\/p>\n<p><span style=\"font-size: 16px;\">Je veux vivre sur une \u00eele, mais je me demande si j'ai une maison ou un terrain ? Qu'en est-il du travail ? Si vous envisagez de vivre sur une \u00eele, il existe un site web qui vous conviendra parfaitement.<\/span><span style=\"font-size: 16px;\">C'est ici \u2192.<span style=\"background-color: #ffcc99; font-size: 20px;\"><strong><span style=\"color: #0000ff;\"><u><a style=\"color: #0000ff; background-color: #ffcc99;\" href=\"http:\/\/naoshimacolors.com\/\" target=\"_blank\" rel=\"noopener\"><span style=\"background-color: #ffcc00;\"><span style=\"background-color: #ff99cc;\"><span style=\"background-color: #fa73a7;\">\u300c<\/span>\u76f4<\/span><span style=\"background-color: #ffcc99;\">\u5cf6<\/span><\/span><span style=\"background-color: #ffff99;\">\u30ab<\/span><span style=\"background-color: #ccffcc;\">\u30e9<\/span><span style=\"background-color: #ccffff;\">\u30fc<\/span><span style=\"background-color: #99ccff;\">\u30ba<\/span><span style=\"background-color: #cc99ff;\">\u300d<\/span><\/a><\/u><\/span><\/strong><\/span>Est.<\/span><\/p>\n<p><span style=\"font-size: 16px;\">Outre la pr\u00e9sentation de maisons et de terrains vacants aux candidats \u00e0 l'\u00e9migration et \u00e0 l'installation, ainsi que d'emplois sur l'\u00eele, le site web fournit \u00e9galement toute une s\u00e9rie d'autres informations sur les charmes de la vie \u00e0 Naoshima.<\/span><span style=\"font-size: 16px;\">Le SNS de la coop\u00e9rative de d\u00e9veloppement communautaire de la ville de Naoshima, qui est \u00e9galement g\u00e9r\u00e9 par l'association de d\u00e9veloppement communautaire de la ville de Naoshima, a \u00e9t\u00e9 mis en place.<\/span><span style=\"font-size: 16px;\">Jetez-y un coup d'\u0153il.<\/span><\/p>\n<p><span style=\"font-size: 16px;\">Pour plus d'informations, veuillez contacter<br \/>\nMairie de Naoshima, section urbanisme et tourisme T\u00e9l. 087-892-2020 (en semaine de 9h00 \u00e0 17h00).<\/span><\/p>","protected":false},"excerpt":{"rendered":"<p>\u76f4\u5cf6\u753a\u3067\u306f\u3001\u753a\u5185\u306b\u304a\u3051\u308b\u7a7a\u304d\u5bb6\u30fb\u7a7a\u304d\u5730\u306e\u6709\u52b9\u6d3b\u7528\u3092\u901a\u3057\u3066\u3001\u5730\u57df\u306e\u6d3b\u6027\u5316\u3092\u56f3\u308b\u3053\u3068\u3092\u76ee\u7684\u306b\u3001\u79fb\u4f4f\u30fb\u5b9a\u4f4f\u3092\u4fc3\u9032\u3057\u3066\u3044\u307e\u3059\u3002 \u5cf6\u66ae\u3089\u3057\u3092\u5e0c\u671b\u3057\u3066\u3044\u308b\u3051\u3069\u3001\u300c\u5bb6\u3084\u571f\u5730\u306f\u3042\u308b\u306e\u304b\u306a\uff1f\u4ed5\u4e8b\u306f\u3069\u3046\u3057\u3088\u3046\uff1f\u300d\u3068\u304a\u8003\u3048\u306e\u65b9\u306b\u3046\u3063\u3066\u3064\u3051\u306e\u30b5 [&hellip;]<\/p>\n","protected":false},"author":1,"featured_media":0,"parent":0,"menu_order":0,"comment_status":"closed","ping_status":"closed","template":"","meta":{"_acf_changed":false,"footnotes":""},"class_list":["post-1919","page","type-page","status-publish","hentry"],"acf":[],"publishpress_future_workflow_manual_trigger":{"enabledWorkflows":[]},"_links":{"self":[{"href":"http:\/\/naoshima.net\/fr\/wp-json\/wp\/v2\/pages\/1919","targetHints":{"allow":["GET"]}}],"collection":[{"href":"http:\/\/naoshima.net\/fr\/wp-json\/wp\/v2\/pages"}],"about":[{"href":"http:\/\/naoshima.net\/fr\/wp-json\/wp\/v2\/types\/page"}],"author":[{"embeddable":true,"href":"http:\/\/naoshima.net\/fr\/wp-json\/wp\/v2\/users\/1"}],"replies":[{"embeddable":true,"href":"http:\/\/naoshima.net\/fr\/wp-json\/wp\/v2\/comments?post=1919"}],"version-history":[{"count":5,"href":"http:\/\/naoshima.net\/fr\/wp-json\/wp\/v2\/pages\/1919\/revisions"}],"predecessor-version":[{"id":7408,"href":"http:\/\/naoshima.net\/fr\/wp-json\/wp\/v2\/pages\/1919\/revisions\/7408"}],"wp:attachment":[{"href":"http:\/\/naoshima.net\/fr\/wp-json\/wp\/v2\/media?parent=1919"}],"curies":[{"name":"wp","href":"https:\/\/api.w.org\/{rel}","templated":true}]}}