{"id":131,"date":"2015-09-11T16:38:52","date_gmt":"2015-09-11T07:38:52","guid":{"rendered":"http:\/\/naoshima.net\/?page_id=131"},"modified":"2024-09-05T11:57:38","modified_gmt":"2024-09-05T02:57:38","slug":"experience_tsurikouen","status":"publish","type":"page","link":"https:\/\/naoshima.net\/fr\/experience\/experience_tsurikouen\/","title":{"rendered":"Parc de p\u00eache de Naoshima"},"content":{"rendered":"<div class=\"experienceBox\">\n<div class=\"expTuri\">\n<h2><img loading=\"lazy\" decoding=\"async\" class=\"size-full wp-image-4163 alignnone\" src=\"http:\/\/naoshima.net\/wp-content\/uploads\/2021\/05\/d28a4b9912e8f2aebb904a9bcc44d695.gif\" alt=\"\u91e3\u308a\u516c\u5712\u30d0\u30ca\u30fc\" width=\"484\" height=\"64\" \/><\/h2>\n<p class=\"lead\"><strong><span style=\"color: #ff0000;\"><strong class=\"text-color-red\">Les jours d'ouverture du Fishing Park ont \u00e9t\u00e9 modifi\u00e9s depuis le jeudi 1er avril 2021.<\/strong><br \/><\/span><\/strong><\/p>\n<p class=\"leadImage\"><img loading=\"lazy\" decoding=\"async\" class=\"aligncenter wp-image-4647 size-medium\" src=\"http:\/\/naoshima.net\/wp-content\/uploads\/2022\/03\/32689-300x225.jpg\" alt=\"\" width=\"300\" height=\"225\" srcset=\"https:\/\/naoshima.net\/wp-content\/uploads\/2022\/03\/32689-300x225.jpg 300w, https:\/\/naoshima.net\/wp-content\/uploads\/2022\/03\/32689-800x600.jpg 800w, https:\/\/naoshima.net\/wp-content\/uploads\/2022\/03\/32689-240x180.jpg 240w, https:\/\/naoshima.net\/wp-content\/uploads\/2022\/03\/32689.jpg 1477w\" sizes=\"auto, (max-width: 300px) 100vw, 300px\" \/><\/p>\n<\/div>\n<div class=\"area\">\n<h3><img loading=\"lazy\" decoding=\"async\" class=\"alignnone\" src=\"http:\/\/naoshima.net\/wp-content\/uploads\/2015\/09\/experience_time.gif\" alt=\"\u958b\u5712\u65e5\u6642\u30fb\u91e3\u308a\u5834\" width=\"168\" height=\"42\" \/><\/h3>\n<div class=\"expSec clear\">\n<table class=\"extb1\">\n<tbody>\n<tr>\n<td width=\"260\"><img loading=\"lazy\" decoding=\"async\" class=\"aligncenter wp-image-4646 size-medium\" src=\"http:\/\/naoshima.net\/wp-content\/uploads\/2022\/03\/32690-300x225.jpg\" alt=\"32690\" width=\"300\" height=\"225\" srcset=\"https:\/\/naoshima.net\/wp-content\/uploads\/2022\/03\/32690-300x225.jpg 300w, https:\/\/naoshima.net\/wp-content\/uploads\/2022\/03\/32690-800x600.jpg 800w, https:\/\/naoshima.net\/wp-content\/uploads\/2022\/03\/32690-240x180.jpg 240w, https:\/\/naoshima.net\/wp-content\/uploads\/2022\/03\/32690.jpg 1477w\" sizes=\"auto, (max-width: 300px) 100vw, 300px\" \/><\/td>\n<td valign=\"top\">\n<table class=\"extb2\" style=\"height: 132px;\" width=\"417\">\n<tbody>\n<tr>\n<th>jour ouvrable<\/th>\n<td>Du mercredi au dimanche et les jours f\u00e9ri\u00e9s.<\/td>\n<\/tr>\n<tr>\n<th>les heures d'ouverture (d'un magasin, d'un restaurant, etc.)<\/th>\n<td>\n<p>De 7h \u00e0 17h.<\/p>\n<p>(Pas d'op\u00e9rations de p\u00eache de nuit).<\/p>\n<\/td>\n<\/tr>\n<tr>\n<th>\n<p><span style=\"font-size: 14px;\">jour de fermeture d'un parc\u00a0\u00a0\u00a0 <br \/><\/span><\/p>\n<\/th>\n<td>\n<p>Les lundis et mardis (en cas de jour f\u00e9ri\u00e9 ou de jour de remplacement, le jour suivant qui n'est pas f\u00e9ri\u00e9 est ferm\u00e9).<\/p>\n<p>Fin d'ann\u00e9e et Nouvel An (16 d\u00e9cembre - 14 janvier de l'ann\u00e9e suivante)<\/p>\n<p>Typhons et autres intemp\u00e9ries, etc.<\/p>\n<\/td>\n<\/tr>\n<tr>\n<th>\n<p><span style=\"font-size: 14px;\">lieu de p\u00eache<\/span><\/p>\n<\/th>\n<td>\n<p>Uniquement \u00e0 proximit\u00e9 des fosses de ma\u00e7onnerie et des petites installations de rupture du c\u00f4t\u00e9 ouest.<\/p>\n<p>*Les jet\u00e9es fixes et les zones de p\u00eache sur roche \u00e0 l'est n'ont pas encore \u00e9t\u00e9 restaur\u00e9es,<\/p>\n<p>Non disponible pour le moment.<\/p>\n<\/td>\n<\/tr>\n<\/tbody>\n<\/table>\n<\/td>\n<\/tr>\n<\/tbody>\n<\/table>\n<\/div>\n<h3><img loading=\"lazy\" decoding=\"async\" src=\"http:\/\/naoshima.net\/wp-content\/uploads\/2015\/09\/experience_pay.gif\" alt=\"\u6599\u91d1\" width=\"168\" height=\"42\" \/><\/h3>\n<div class=\"expSec clear\">\n<ul>\n<li>Entr\u00e9e Adultes (16 ans et plus) \u00a5 100 Enfants (6 \u00e0 moins de 16 ans) \u00a5 50<\/li>\n<li>Le droit d'entr\u00e9e comprend le droit de p\u00eache. (Les cannes \u00e0 p\u00eache, etc. sont disponibles moyennant un suppl\u00e9ment).<\/li>\n<li>Les enfants en bas \u00e2ge (moins de 6 ans) sont gratuits.<\/li>\n<li>Location de cannes \u00e0 p\u00eache 500 yens<\/li>\n<li>Rations : krill 650 yens \/ crevettes 400 yens \/ kokisashi 500 yens (grand et petit) \/ m\u00e9lange cru 500 yens \/.<\/li>\n<\/ul>\n<\/div>\n<h3><img loading=\"lazy\" decoding=\"async\" src=\"http:\/\/naoshima.net\/wp-content\/uploads\/2015\/09\/experience_etc.gif\" alt=\"\u305d\u306e\u4ed6\" width=\"168\" height=\"42\" \/><\/h3>\n<div class=\"expSec clear\">\n<ul>\n<li>Les enfants n'ayant pas atteint l'\u00e2ge du coll\u00e8ge ne peuvent entrer dans le parc que s'ils sont accompagn\u00e9s ou guid\u00e9s par un parent ou un tuteur.<\/li>\n<li>Le nombre de cannes \u00e0 p\u00eache est limit\u00e9 \u00e0 deux par personne.<\/li>\n<li>Parking disponible (gratuit).<\/li>\n<li>La route est tr\u00e8s \u00e9troite au-del\u00e0 de Tsutsuji-so, ce qui la rend impraticable pour les gros v\u00e9hicules.<\/li>\n<li>Si vous venez dans une grande voiture, veuillez garer votre voiture dans le parking de Tsutsuji-so et venir au parc. (5 minutes de marche)<\/li>\n<\/ul>\n<\/div>\n<h3><img loading=\"lazy\" decoding=\"async\" src=\"http:\/\/naoshima.net\/wp-content\/uploads\/2015\/09\/experience_access.gif\" alt=\"\u30a2\u30af\u30bb\u30b9\" width=\"168\" height=\"42\" \/><\/h3>\n<div class=\"expSec clear\"><iframe loading=\"lazy\" style=\"border: 1px solid #dcd1ba;\" src=\"https:\/\/www.google.com\/maps\/embed?pb=!1m14!1m8!1m3!1d13161.179751795537!2d134.0016805!3d34.4446603!3m2!1i1024!2i768!4f13.1!3m3!1m2!1s0x0%3A0xa8f701dc454a1a55!2z55u05bO25rW36Yej44KK5YWs5ZyS!5e0!3m2!1sja!2sjp!4v1438242286483\" width=\"815\" height=\"400\" frameborder=\"0\" allowfullscreen=\"allowfullscreen\"><\/iframe><\/div>\n<h3><img loading=\"lazy\" decoding=\"async\" src=\"http:\/\/naoshima.net\/wp-content\/uploads\/2015\/09\/experience_inq.gif\" alt=\"\u304a\u554f\u5408\u308f\u305b\" width=\"156\" height=\"42\" \/><\/h3>\n<div class=\"expSec clear\">\n<dl class=\"clear\">\n<dt>Bureau de gestion du parc de p\u00eache de Naoshima<\/dt>\n<dd><img loading=\"lazy\" decoding=\"async\" src=\"http:\/\/naoshima.net\/wp-content\/uploads\/2015\/09\/experience_tel.gif\" alt=\"\u96fb\u8a71\" width=\"34\" height=\"34\" \/><span class=\"tel-link\">087-892-2891<\/span><img loading=\"lazy\" decoding=\"async\" src=\"http:\/\/naoshima.net\/wp-content\/uploads\/2015\/09\/experience_fax.gif\" alt=\"\" width=\"34\" height=\"34\" \/>sans<\/dd>\n<dt>NPO Association touristique de la ville de Naoshima<\/dt>\n<dd><img loading=\"lazy\" decoding=\"async\" src=\"http:\/\/naoshima.net\/wp-content\/uploads\/2015\/09\/experience_tel.gif\" alt=\"\u96fb\u8a71\" width=\"34\" height=\"34\" \/><span class=\"tel-link\">087-892-2299<\/span><img loading=\"lazy\" decoding=\"async\" src=\"http:\/\/naoshima.net\/wp-content\/uploads\/2015\/09\/experience_fax.gif\" alt=\"\" width=\"34\" height=\"34\" \/>087-892-2210<\/dd>\n<\/dl>\n<\/div>\n<\/div>\n<\/div>","protected":false},"excerpt":{"rendered":"<p>\u4ee4\u548c\uff13\u5e74\uff14\u6708\uff11\u65e5\uff08\u6728\uff09\u3088\u308a\u3001\u3064\u308a\u516c\u5712\u306e\u55b6\u696d\u65e5\u304c\u5909\u66f4\u306b\u306a\u3063\u3066\u3044\u307e\u3059\u3002 \u55b6\u696d\u65e5 \u6bce\u9031\u6c34\u66dc\u65e5\uff5e\u65e5\u66dc\u65e5\u3001\u795d\u65e5 \u55b6\u696d\u6642\u9593 \u5348\u524d\uff17\u6642\u304b\u3089\u5348\u5f8c\uff15\u6642\u307e\u3067 \uff08\u591c\u91e3\u308a\u306e\u55b6\u696d\u306f\u3042\u308a\u307e\u305b\u3093\uff09 \u4f11\u5712\u65e5\u3000\u3000\u00a0\u00a0\u00a0 \u6708\u66dc\u65e5\u3001\u706b\u66dc\u65e5\uff08\u795d\u65e5\u3084\u632f\u66ff\u4f11\u65e5\u306e\u5834 [&hellip;]<\/p>\n","protected":false},"author":1,"featured_media":0,"parent":87,"menu_order":0,"comment_status":"closed","ping_status":"closed","template":"","meta":{"_acf_changed":false,"footnotes":""},"class_list":["post-131","page","type-page","status-publish","hentry"],"acf":[],"publishpress_future_workflow_manual_trigger":{"enabledWorkflows":[]},"_links":{"self":[{"href":"https:\/\/naoshima.net\/fr\/wp-json\/wp\/v2\/pages\/131","targetHints":{"allow":["GET"]}}],"collection":[{"href":"https:\/\/naoshima.net\/fr\/wp-json\/wp\/v2\/pages"}],"about":[{"href":"https:\/\/naoshima.net\/fr\/wp-json\/wp\/v2\/types\/page"}],"author":[{"embeddable":true,"href":"https:\/\/naoshima.net\/fr\/wp-json\/wp\/v2\/users\/1"}],"replies":[{"embeddable":true,"href":"https:\/\/naoshima.net\/fr\/wp-json\/wp\/v2\/comments?post=131"}],"version-history":[{"count":0,"href":"https:\/\/naoshima.net\/fr\/wp-json\/wp\/v2\/pages\/131\/revisions"}],"up":[{"embeddable":true,"href":"https:\/\/naoshima.net\/fr\/wp-json\/wp\/v2\/pages\/87"}],"wp:attachment":[{"href":"https:\/\/naoshima.net\/fr\/wp-json\/wp\/v2\/media?parent=131"}],"curies":[{"name":"wp","href":"https:\/\/api.w.org\/{rel}","templated":true}]}}