{"id":135,"date":"2015-09-11T16:40:37","date_gmt":"2015-09-11T07:40:37","guid":{"rendered":"http:\/\/naoshima.net\/?page_id=135"},"modified":"2026-02-27T13:21:01","modified_gmt":"2026-02-27T04:21:01","slug":"mitsubishi","status":"publish","type":"page","link":"https:\/\/naoshima.net\/fr\/experience\/mitsubishi\/","title":{"rendered":"Visite de la fonderie et de la raffinerie de Naoshima de Mitsubishi Materials Corporation"},"content":{"rendered":"<div class=\"experienceBox\">\n<div class=\"expEco\">\n<p><a href=\"http:\/\/naoshima.net\/wp-content\/uploads\/2023\/10\/860dfb4064c7bab319e4ceeb99c7c113.png\"><img loading=\"lazy\" decoding=\"async\" class=\"alignleft wp-image-5527 size-full\" src=\"http:\/\/naoshima.net\/wp-content\/uploads\/2023\/10\/860dfb4064c7bab319e4ceeb99c7c113-e1698720951993.png\" alt=\"\u30d0\u30ca\u30fc\u2461\" width=\"859\" height=\"67\" \/><\/a><\/p>\n<div class=\"sec01\">\n<h3><a href=\"http:\/\/www.pref.kagawa.lg.jp\/haitai\/ecoisland2\/\">Plan de l'\u00eele \u00e9co de Naoshima<\/a><\/h3>\n<pre class=\"code preBreak\">\u00a0<\/pre>\n<p>Afin de maintenir la vitalit\u00e9 et le d\u00e9veloppement de l'\u00eele au XXIe si\u00e8cle, la ville de Naoshima tente de cr\u00e9er de nouvelles industries et de revitaliser la ville en utilisant les caract\u00e9ristiques particuli\u00e8res qu'elle a d\u00e9velopp\u00e9es au fil des ans.<a href=\"http:\/\/www.pref.kagawa.lg.jp\/haitai\/ecoisland2\/\"><span style=\"color: #0000ff;\">Plan de l'\u00eele \u00e9co de Naoshima<\/span><\/a>Afin de relever ce d\u00e9fi, le projet vise \u00e0 d\u00e9velopper des industries environnementales qui construisent de nouveaux syst\u00e8mes de recyclage pour les d\u00e9chets qui sont actuellement un probl\u00e8me \u00e0 \u00e9liminer, \u00e0 cr\u00e9er des emplois et \u00e0 former une zone mod\u00e8le pour une soci\u00e9t\u00e9 ax\u00e9e sur le recyclage gr\u00e2ce \u00e0 un am\u00e9nagement urbain harmonis\u00e9 sur le plan environnemental et dirig\u00e9 par les habitants et \u00e0 l'accueil proactif des visiteurs. La fonderie et la raffinerie de Naoshima de Mitsubishi Materials Corporation ont \u00e9t\u00e9 cr\u00e9\u00e9es \u00e0 l'\u00e8re Taisho. Le cuivre, l'or et l'argent y sont fondus, et la production est l'une des plus \u00e9lev\u00e9es du Japon. L'or, en particulier, est fondu \u00e0 raison de pr\u00e8s de 40 tonnes par an, et tout l'or de Mitsubishi est actuellement fondu \u00e0 Naoshima. Cette visite permet de d\u00e9couvrir l'usine. \u00c0 c\u00f4t\u00e9, l'installation de recyclage des m\u00e9taux pr\u00e9cieux r\u00e9cup\u00e8re des m\u00e9taux pr\u00e9cieux tels que l'or, l'argent, le cuivre, le plomb et le zinc \u00e0 partir de d\u00e9chets qui \u00e9taient auparavant mis en d\u00e9charge, tels que les cendres volantes fondues des installations de traitement des d\u00e9chets, les appareils m\u00e9nagers mis au rebut et la poussi\u00e8re des d\u00e9chiqueteuses. La chaleur est \u00e9galement r\u00e9cup\u00e9r\u00e9e et utilis\u00e9e pour produire de l'\u00e9lectricit\u00e9. Cette installation peut \u00e9galement \u00eatre visit\u00e9e.<\/p>\n<\/div>\n<div class=\"sec03\"><a href=\"http:\/\/naoshima.net\/wp-content\/uploads\/2023\/10\/experience_re-241.png\"><img loading=\"lazy\" decoding=\"async\" class=\"alignleft wp-image-5511 size-full\" src=\"http:\/\/naoshima.net\/wp-content\/uploads\/2023\/10\/experience_re-241.png\" alt=\"experience_re-241\" width=\"410\" height=\"557\" srcset=\"https:\/\/naoshima.net\/wp-content\/uploads\/2023\/10\/experience_re-241.png 410w, https:\/\/naoshima.net\/wp-content\/uploads\/2023\/10\/experience_re-241-221x300.png 221w\" sizes=\"auto, (max-width: 410px) 100vw, 410px\" \/><\/a><\/div>\n<\/div>\n<div class=\"areaEco\">\n<h3><img loading=\"lazy\" decoding=\"async\" src=\"http:\/\/naoshima.net\/wp-content\/uploads\/2015\/09\/experience_eco-031.gif\" alt=\"\" width=\"227\" height=\"42\" \/><\/h3>\n<div class=\"expSec clear\">\n<table style=\"height: 1369px; width: 100%;\" width=\"684\">\n<tbody>\n<tr>\n<th style=\"width: 20%;\" width=\"20%\">\u00a0<\/th>\n<td style=\"background-color: #c1e0ff; width: 66.5331%;\" colspan=\"2\" width=\"40%\">\n<p>Visite de la fonderie et de la raffinerie de Naoshima de Mitsubishi Materials Corporation<\/p>\n<\/td>\n<\/tr>\n<tr>\n<th style=\"white-space: nowrap; width: 20%;\">Heures de visite<\/th>\n<td style=\"width: 33.1663%;\">\n<p>Session du matin \/ 10h00-11h50.<\/p>\n<p>(environ 1 h 50).<\/p>\n<\/td>\n<td style=\"width: 33.3667%;\">\n<p>Session de l'apr\u00e8s-midi \/ 14:20 - 16:10<\/p>\n<p>(environ 1 h 50).<\/p>\n<\/td>\n<\/tr>\n<tr>\n<th style=\"width: 20%;\">\n<p>&nbsp;<\/p>\n<p>Lieu et contenu de la visite<\/p>\n<\/th>\n<td style=\"width: 66.5331%;\" colspan=\"2\">\n<p><span style=\"font-size: 14px;\">(i) postes d'amarrage, (ii) fonderies de cuivre, (iii) fonderies de cuivre, (iv) usines de m\u00e9taux pr\u00e9cieux, (v) installations de recyclage des m\u00e9taux pr\u00e9cieux, (vi) explications sur les activit\u00e9s, visionnage de vid\u00e9os et visites d'installations pour les installations (i) \u00e0 (v)<\/span><\/p>\n<\/td>\n<\/tr>\n<tr>\n<th style=\"width: 20%;\">Capacit\u00e9 d'accueil<\/th>\n<td style=\"width: 66.5331%;\" colspan=\"2\">\n<p><span style=\"font-size: 14px;\">En principe, jusqu'\u00e0 10 personnes (11-15 personnes peuvent \u00eatre accept\u00e9es, mais certaines visites des installations seront supprim\u00e9es).<\/span><\/p>\n<\/td>\n<\/tr>\n<tr>\n<th style=\"width: 20%;\">p\u00e9riode de mise en \u0153uvre<\/th>\n<td style=\"width: 66.5331%;\" colspan=\"2\">\n<p>\u00a0Lun, mar, mer, jeu, ven.<\/p>\n<p>*Les visites ne sont pas possibles les samedis, dimanches et jours f\u00e9ri\u00e9s, qui sont r\u00e9guli\u00e8rement ferm\u00e9s, ni pendant les longs cong\u00e9s tels que le Nouvel An, les f\u00eates de fin d'ann\u00e9e et les f\u00eates de fin d'ann\u00e9e.<\/p>\n<p>*Peut \u00eatre refus\u00e9 en fonction des conditions d'exploitation et de l'acceptation des tourn\u00e9es.<\/p>\n<p><span style=\"color: #ff0000;\">*Non ouvert aux visites du 3 avril 2026 au 28 mai 2026 en raison des conditions d'exploitation.<\/span><\/p>\n<\/td>\n<\/tr>\n<tr>\n<th style=\"width: 20%;\">Frais de visite<\/th>\n<td style=\"width: 66.5331%;\" colspan=\"2\">\n<p>gratuit<\/p>\n<\/td>\n<\/tr>\n<tr>\n<th style=\"width: 20%;\">les moyens de transport<\/th>\n<td style=\"width: 66.5331%;\" colspan=\"2\">\n<p>Les participants \u00e0 la visite doivent prendre le bus de ville depuis le port de Miyaura (ou marcher) jusqu'\u00e0 la porte principale.<\/p>\n<p>Session du matin\/ (d\u00e9part) 09:45 du port de Miyaura, arriv\u00e9e \u00e0 la porte principale \u00e0 09:51,<\/p>\n<p>\u3000\u3000\u3000\u3000\u3000(Retour) D\u00e9part de la porte principale \u00e0 12:04, arriv\u00e9e au port de Miyaura \u00e0 12:10.<br \/>\nSession de l'apr\u00e8s-midi\/ (Outbound) D\u00e9part du port de Miyaura \u00e0 14:07 et arriv\u00e9e \u00e0 la porte principale \u00e0 14:13,<\/p>\n<p>\u3000\u3000\u3000\u3000\u3000(Retour) D\u00e9part de la porte principale 16:22, arriv\u00e9e au port de Miyaura 16:28.<\/p>\n<p>*Les voitures particuli\u00e8res, les motos et les v\u00e9los sont interdits.<\/p>\n<\/td>\n<\/tr>\n<tr>\n<th style=\"width: 20%;\">Demande de renseignements.<\/th>\n<td style=\"width: 66.5331%;\" colspan=\"2\">NPO Naoshima Town Tourist Association TEL :<span class=\"tel-link\">087-892-2299<\/span><\/td>\n<\/tr>\n<tr>\n<th style=\"width: 20%;\">Comment postuler ?<\/th>\n<td style=\"width: 66.5331%;\" colspan=\"2\">\n<p>Les candidatures sont \u00e0 d\u00e9poser sur le site Internet de l'association touristique de la ville de Naoshima.<\/p>\n<\/td>\n<\/tr>\n<tr>\n<th style=\"width: 20%;\">Date limite de d\u00e9p\u00f4t des candidatures<\/th>\n<td style=\"width: 66.5331%;\" colspan=\"2\">\n<p>Vendredi deux semaines avant la semaine de la date souhait\u00e9e de la visite (la r\u00e9ception ouvre un mois \u00e0 l'avance).<\/p>\n<\/td>\n<\/tr>\n<tr>\n<th style=\"width: 20%;\">Autre.<\/th>\n<td style=\"width: 66.5331%;\" colspan=\"2\">\n<p>1. Les enfants d'\u00e2ge pr\u00e9scolaire ne sont pas autoris\u00e9s \u00e0 visiter le mus\u00e9e. Les mineurs doivent \u00eatre accompagn\u00e9s d'un adulte.<br \/>\n2. 16-30 personnes doivent s'inscrire s\u00e9par\u00e9ment le matin et l'apr\u00e8s-midi, en raison de la taille limit\u00e9e des installations.<\/p>\n<\/td>\n<\/tr>\n<\/tbody>\n<\/table>\n<\/div>\n<h3><img loading=\"lazy\" decoding=\"async\" src=\"http:\/\/naoshima.net\/wp-content\/uploads\/2015\/09\/experience_re-25.png\" alt=\"\" width=\"294\" height=\"42\" \/><\/h3>\n<div class=\"expSec clear\">\n<ol>\n<li class=\"n01\">Appelez-nous pour v\u00e9rifier la disponibilit\u00e9 et faire une r\u00e9servation provisoire pour le jour de votre visite. Dans certains cas, nous pouvons \u00eatre amen\u00e9s \u00e0 refuser votre demande si nous avons d\u00e9j\u00e0 atteint notre capacit\u00e9 d'accueil ou pour des raisons op\u00e9rationnelles.\n<p>Contact.<span class=\"tel-link\">087-892-2299<\/span>\u3000Association touristique de la ville de Naoshima (8:30-18:00)<\/p>\n<\/li>\n<li class=\"n02\">Apr\u00e8s avoir effectu\u00e9 une r\u00e9servation provisoire, remplissez le formulaire [Demande] et envoyez-le nous.\n<p>\u2192 La r\u00e9servation est consid\u00e9r\u00e9e comme compl\u00e8te \u00e0 partir de la confirmation de r\u00e9ception. Si vous vous pr\u00e9sentez au mus\u00e9e le jour de la visite avec une r\u00e9servation provisoire, vous ne pourrez pas visiter le mus\u00e9e.<\/p>\n<\/li>\n<li class=\"n03\">Veuillez lire attentivement les informations et les pr\u00e9cautions contenues dans l'e-mail de r\u00e9ponse automatique avant de vous rendre \u00e0 Naoshima.<\/li>\n<li class=\"n04\">Le jour de votre visite, passez d'abord par l'association touristique \u00e0 la \"Sea Station\". Vous recevrez un \"badge\" n\u00e9cessaire \u00e0 l'entr\u00e9e.\n<p>(Si vous prenez un bus depuis l'arr\u00eat de bus du port de Honmura, veuillez nous en informer dans la case \"Autres\" lors de votre inscription).<\/p>\n<\/li>\n<\/ol>\n<p class=\"orderm\"><img loading=\"lazy\" decoding=\"async\" src=\"http:\/\/naoshima.net\/wp-content\/uploads\/2015\/09\/experience_re-08.gif\" alt=\"\" width=\"242\" height=\"19\" \/><\/p>\n<p style=\"margin-bottom: 10px;\"><img loading=\"lazy\" decoding=\"async\" class=\"alignnone size-full wp-image-1851\" src=\"http:\/\/naoshima.net\/wp-content\/uploads\/2015\/09\/eco_orderflow1.gif\" alt=\"eco_orderflow\" usemap=\"#Map\" width=\"813\" height=\"496\" \/><\/p>\n<map name=\"Map\">\n<area alt=\"\u53c2\u52a0\u8005\u540d\u7c3f\uff08PDF\uff09\" coords=\"254,430,364,430,364,490,254,490,254,430\" shape=\"poly\" href=\"http:\/\/naoshima.net\/wp-content\/uploads\/2015\/09\/meibo.pdf\" \/>\n<area alt=\"\u53c2\u52a0\u8005\u540d\u7c3f\uff08Excel\uff09\" coords=\"141,430,251,430,251,490,141,490,141,430\" shape=\"poly\" href=\"http:\/\/naoshima.net\/wp-content\/uploads\/2015\/09\/meibo.xlsx\" \/>\n <\/map>\n<p class=\"orderbtn\"><a href=\"#\" data-izimodal-open=\".iziModal\"><img decoding=\"async\" src=\"http:\/\/naoshima.net\/wp-content\/uploads\/2015\/09\/experience_eco-08.png\" alt=\"\u30e1\u30fc\u30eb\u306b\u3066\u898b\u5b66\u7533\u8fbc\u3092\u3059\u308b\" \/><\/a><\/p>\n<div class=\"iziModal\">\n<div class=\"tourModal\">\n<p>Appelez pour v\u00e9rifier la disponibilit\u00e9 \u00e0 la date de votre visite et..,<br \/>\nAvez-vous fait une r\u00e9servation provisoire ?<\/p>\n<p class=\"btns\"><a href=\"\/fr\/experience\/mitsubishi\/tour-offer\/\">Oui, monsieur.<\/a><a href=\"#\" data-izimodal-open=\".iziModal2\">Non. Non.<\/a><\/p>\n<\/div>\n<\/div>\n<div class=\"iziModal2\">\n<div class=\"tourModal\">\n<p>A l'association touristique de la ville de Naoshima.<br \/>\nAppelez pour v\u00e9rifier la disponibilit\u00e9 \u00e0 la date de votre visite et..,<br \/>\nFaire une r\u00e9servation provisoire.<\/p>\n<p>Association touristique de la ville de Naoshima (8:15-18:00)<br \/>\n<a href=\"tel:0878922299\">TEL : 087-892-2299.<\/a><\/p>\n<p class=\"btns\"><a href=\"#\" data-izimodal-close=\"\">retour<\/a><\/p>\n<\/div>\n<\/div>\n<p class=\"orderm\"><img loading=\"lazy\" decoding=\"async\" src=\"http:\/\/naoshima.net\/wp-content\/uploads\/2015\/09\/experience_eco-09.gif\" alt=\"\" width=\"239\" height=\"33\" \/><\/p>\n<p class=\"alignnone\"><a href=\"http:\/\/naoshima.net\/wp-content\/uploads\/2023\/10\/631704f64a08b815c13d25a112501fe2.pdf\"><span class=\"orderm\"><img loading=\"lazy\" decoding=\"async\" class=\"alignright\" src=\"http:\/\/naoshima.net\/wp-content\/uploads\/2015\/09\/experience_eco-10.gif\" alt=\"\" width=\"216\" height=\"44\" \/><\/span><\/a>T\u00e9l\u00e9chargez le formulaire de demande prescrit (fichier PDF), compl\u00e9tez-le et faxez-le au 087-892-2210.<\/p>\n<\/div>\n<h3><span class=\"orderm\"><img loading=\"lazy\" decoding=\"async\" src=\"http:\/\/naoshima.net\/wp-content\/uploads\/2015\/09\/experience_eco-041.gif\" alt=\"\" width=\"227\" height=\"42\" \/><\/span><\/h3>\n<div class=\"expSec clear\">\n<p style=\"color: #ff2626; font-size: 16px;\"><strong>Vendredi deux semaines avant la date souhait\u00e9e de la visite (la r\u00e9ception ouvre un mois avant).<\/strong><\/p>\n<p>Les jours o\u00f9 il y a une forte concentration de demandes de visites, les demandes sont accept\u00e9es par ordre d'arriv\u00e9e et seront ferm\u00e9es d\u00e8s que la capacit\u00e9 sera atteinte.<\/p>\n<p>Veuillez vous inscrire suffisamment \u00e0 l'avance, car il pourrait \u00eatre trop tard si vous vous inscrivez deux semaines \u00e0 l'avance, un vendredi.<\/p>\n<\/div>\n<h3><img loading=\"lazy\" decoding=\"async\" src=\"http:\/\/naoshima.net\/wp-content\/uploads\/2015\/09\/experience_re-26.png\" alt=\"\" width=\"227\" height=\"42\" \/><\/h3>\n<div class=\"expSec clear\">\n<p>Afin de garantir une visite s\u00fbre et agr\u00e9able, veuillez suivre les instructions du personnel charg\u00e9 de l'information et effectuer votre visite \u00e0 partir de la zone d'observation d\u00e9sign\u00e9e.<\/p>\n<p>Votre compr\u00e9hension et votre coop\u00e9ration sont appr\u00e9ci\u00e9es.<\/p>\n<ul class=\"onegai\">\n<li class=\"n01\">A propos de la session de questions-r\u00e9ponses<br \/>\nVeuillez noter qu'il s'agit d'une pr\u00e9sentation g\u00e9n\u00e9rale du projet et des installations destin\u00e9e au grand public et que nous ne sommes pas en mesure de r\u00e9pondre aux questions concernant les d\u00e9tails techniques.<\/li>\n<li class=\"n02\">Respect strict des heures de visite.<br \/>\nVeuillez collaborer au bon d\u00e9roulement de la visite afin qu'elle puisse avoir lieu dans les d\u00e9lais pr\u00e9vus, car les bus de la ville ont des horaires fixes. Veuillez vous pr\u00e9senter \u00e0 la porte principale 5 minutes avant le d\u00e9but de la visite.<\/li>\n<li class=\"n03\">Interdiction de marcher<br \/>\nUne fois la visite des installations commenc\u00e9e, le transport sera assur\u00e9 dans des v\u00e9hicules d\u00e9sign\u00e9s et la marche n'est pas autoris\u00e9e.<\/li>\n<li class=\"n04\">photographie<br \/>\nIl y a un certain nombre de zones dans l'usine o\u00f9 la photographie est interdite pour des raisons de confidentialit\u00e9 et autres.<br \/>\nVeuillez en tenir compte lors de votre visite et suivre les instructions du personnel charg\u00e9 de l'information.<\/li>\n<li class=\"n05\">V\u00eatements.<br \/>\nVeuillez porter des pantalons longs et des chaussures de sport (pas de sandales, de talons hauts, etc.) dans lesquelles vous pouvez marcher confortablement et qui ne d\u00e9couvrent pas vos pieds.<br \/>\n*Nous nous r\u00e9servons le droit de refuser des visiteurs s'ils portent des v\u00eatements inadapt\u00e9s \u00e0 la visite. Veuillez suivre les instructions du personnel d'encadrement et porter des \u00e9quipements de protection pendant la visite.<\/li>\n<\/ul>\n<\/div>\n<h3><span class=\"orderm\"><img loading=\"lazy\" decoding=\"async\" src=\"http:\/\/naoshima.net\/wp-content\/uploads\/2015\/09\/experience_eco-111.gif\" alt=\"\" width=\"156\" height=\"42\" \/><\/span><\/h3>\n<div class=\"expSec clear\"><iframe loading=\"lazy\" style=\"border: 1px solid #dcd1ba;\" src=\"https:\/\/www.google.com\/maps\/embed?pb=!1m14!1m8!1m3!1d13157.644685761352!2d133.9744447!3d34.4670922!3m2!1i1024!2i768!4f13.1!3m3!1m2!1s0x3553f03992e15029%3A0xa4575a372ea29386!2z5LiJ6I-x44Oe44OG44Oq44Ki44Or77yI5qCq77yJIOebtOWztuijvemMrOaJgOe3j-WLmeiqsg!5e0!3m2!1sja!2sjp!4v1447468447729\" width=\"815\" height=\"400\" frameborder=\"0\" allowfullscreen=\"allowfullscreen\"><\/iframe><\/div>\n<h3><span class=\"orderm\"><img loading=\"lazy\" decoding=\"async\" src=\"http:\/\/naoshima.net\/wp-content\/uploads\/2015\/09\/experience_re-27.png\" alt=\"\" width=\"156\" height=\"42\" \/><\/span><\/h3>\n<div class=\"expSec clear\">\n<ul>\n<li>Si vous n'avez pas d'autre choix que d'annuler votre r\u00e9servation, n'oubliez pas de contacter l'association touristique de Naoshima (Tel :<span class=\"tel-link\">087-892-2299<\/span>(voir ci-dessous).<\/li>\n<li>Le ferry peut \u00eatre annul\u00e9 sans pr\u00e9avis en cas de conditions m\u00e9t\u00e9orologiques d\u00e9favorables. A noter.<\/li>\n<li>La zone de l'usine est une propri\u00e9t\u00e9 priv\u00e9e de l'entreprise et n'est pas accessible aux v\u00e9hicules priv\u00e9s, aux bicyclettes et aux pi\u00e9tons. Veuillez utiliser les bus de la ville.<\/li>\n<\/ul>\n<\/div>\n<h3><span class=\"orderm\"><img loading=\"lazy\" decoding=\"async\" src=\"http:\/\/naoshima.net\/wp-content\/uploads\/2015\/09\/experience_re-28.png\" alt=\"\" width=\"156\" height=\"42\" \/><\/span><\/h3>\n<div class=\"expSec clear\">\n<p><strong>S\u00e9ance du matin<\/strong><\/p>\n<p>D\u00e9part du port de Miyaura 9:45 &gt;&gt;&gt; Visite de la fonderie et de la raffinerie de Naoshima &gt;&gt;&gt; D\u00e9part de la porte principale 12:04 &gt;&gt;&gt; Arriv\u00e9e au port de Miyaura 12:10<\/p>\n<hr \/>\n<p><strong>Session de l'apr\u00e8s-midi<\/strong><\/p>\n<p>D\u00e9part du port de Miyaura 14:07 &gt;&gt;&gt; Visite de la fonderie et de la raffinerie de Naoshima &gt;&gt;&gt; D\u00e9part de la porte principale 16:22 &gt;&gt;&gt; Arriv\u00e9e au port de Miyaura 16:28<\/p>\n<\/div>\n<h3><span class=\"orderm\"><img loading=\"lazy\" decoding=\"async\" src=\"http:\/\/naoshima.net\/wp-content\/uploads\/2015\/09\/experience_re-29.png\" alt=\"\" width=\"156\" height=\"42\" \/><\/span><\/h3>\n<div class=\"expSec clear\">\n<dl class=\"clear\">\n<dt>NPO Association touristique de la ville de Naoshima<\/dt>\n<dd><img loading=\"lazy\" decoding=\"async\" class=\"alignnone size-full wp-image-209\" src=\"http:\/\/naoshima.net\/wp-content\/uploads\/2015\/09\/experience_tel.gif\" alt=\"\u96fb\u8a71\" width=\"34\" height=\"34\" \/><span class=\"tel-link\">087-892-2299<\/span><img loading=\"lazy\" decoding=\"async\" class=\"alignnone size-full wp-image-227\" src=\"http:\/\/naoshima.net\/wp-content\/uploads\/2015\/09\/experience_fax.gif\" alt=\"FAX\" width=\"34\" height=\"34\" \/>087-892-2210<img loading=\"lazy\" decoding=\"async\" class=\"alignnone size-full wp-image-436\" src=\"http:\/\/naoshima.net\/wp-content\/uploads\/2015\/09\/experience_mail.gif\" alt=\"\u30e1\u30fc\u30eb\" width=\"34\" height=\"34\" \/><a href=\"mailto:info@naoshima.net\">info@naoshima.net<\/a><\/dd>\n<\/dl>\n<\/div>\n<\/div>\n<\/div>","protected":false},"excerpt":{"rendered":"<p>\u30a8\u30b3\u30a2\u30a4\u30e9\u30f3\u30c9\u306a\u304a\u3057\u307e\u30d7\u30e9\u30f3 \u00a0 \u76f4\u5cf6\u753a\u3067\u306f\u300121\u4e16\u7d00\u306b\u304a\u3044\u3066\u3001\u5cf6\u306e\u6d3b\u529b\u3068\u767a\u5c55\u3092\u7dad\u6301\u3057\u3066\u3044\u304f\u305f\u3081\u3001\u3053\u308c\u307e\u3067\u753a\u304c\u57f9\u3063\u305f\u7279\u8272\u3092\u6d3b\u7528\u3057\u3066\u65b0\u305f\u306a\u7523\u696d\u3092\u5275\u51fa\u3057\u3001\u753a\u306e\u6d3b\u6027\u5316\u3092\u56f3\u308d\u3046\u3068\u3057\u3066\u3044\u307e\u3059\u3002\u30a8\u30b3\u30a2\u30a4\u30e9\u30f3\u30c9\u306a\u304a\u3057\u307e\u30d7\u30e9\u30f3\u306f\u3001\u3053\u306e\u8ab2 [&hellip;]<\/p>\n","protected":false},"author":1,"featured_media":0,"parent":87,"menu_order":0,"comment_status":"closed","ping_status":"closed","template":"","meta":{"_acf_changed":false,"footnotes":""},"class_list":["post-135","page","type-page","status-publish","hentry"],"acf":[],"publishpress_future_workflow_manual_trigger":{"enabledWorkflows":[]},"_links":{"self":[{"href":"https:\/\/naoshima.net\/fr\/wp-json\/wp\/v2\/pages\/135","targetHints":{"allow":["GET"]}}],"collection":[{"href":"https:\/\/naoshima.net\/fr\/wp-json\/wp\/v2\/pages"}],"about":[{"href":"https:\/\/naoshima.net\/fr\/wp-json\/wp\/v2\/types\/page"}],"author":[{"embeddable":true,"href":"https:\/\/naoshima.net\/fr\/wp-json\/wp\/v2\/users\/1"}],"replies":[{"embeddable":true,"href":"https:\/\/naoshima.net\/fr\/wp-json\/wp\/v2\/comments?post=135"}],"version-history":[{"count":9,"href":"https:\/\/naoshima.net\/fr\/wp-json\/wp\/v2\/pages\/135\/revisions"}],"predecessor-version":[{"id":7335,"href":"https:\/\/naoshima.net\/fr\/wp-json\/wp\/v2\/pages\/135\/revisions\/7335"}],"up":[{"embeddable":true,"href":"https:\/\/naoshima.net\/fr\/wp-json\/wp\/v2\/pages\/87"}],"wp:attachment":[{"href":"https:\/\/naoshima.net\/fr\/wp-json\/wp\/v2\/media?parent=135"}],"curies":[{"name":"wp","href":"https:\/\/api.w.org\/{rel}","templated":true}]}}