{"id":159,"date":"2015-09-12T10:50:42","date_gmt":"2015-09-12T01:50:42","guid":{"rendered":"http:\/\/naoshima.net\/?page_id=159"},"modified":"2019-07-17T10:04:43","modified_gmt":"2019-07-17T01:04:43","slug":"planning","status":"publish","type":"page","link":"https:\/\/naoshima.net\/fr\/planning\/","title":{"rendered":"Plan."},"content":{"rendered":"<div class=\"keikaku\">\n<p class=\"planKeikaku\" style=\"text-align: center;\"><img loading=\"lazy\" decoding=\"async\" class=\"alignnone size-full wp-image-606\" src=\"http:\/\/naoshima.net\/wp-content\/uploads\/2015\/09\/planning-011.gif\" alt=\"\u76f4\u5cf6\u306e\u6ede\u5728\u4e88\u5b9a\u3092\u7acb\u3066\u308b\u969b\u306b\u3001\u53c2\u8003\u306b\u3057\u3066\u304f\u3060\u3055\u3044\" width=\"413\" height=\"18\" \/>\u3000<img loading=\"lazy\" decoding=\"async\" src=\"http:\/\/naoshima.net\/wp-content\/uploads\/2015\/09\/planning-02.gif\" alt=\"\" width=\"193\" height=\"154\" \/><\/p>\n<h2>Temps de trajet approximatif pour se rendre sur chaque site et heures de visite pour chaque installation.<\/h2>\n<table class=\"planFlow\">\n<tbody>\n<tr>\n<th><img loading=\"lazy\" decoding=\"async\" src=\"http:\/\/naoshima.net\/wp-content\/uploads\/2015\/09\/planning-04.png\" alt=\"\u5bae\u6d66\u6e2f\" width=\"133\" height=\"40\" \/><\/th>\n<td>\n<p><img loading=\"lazy\" decoding=\"async\" class=\"alignleft\" src=\"http:\/\/naoshima.net\/wp-content\/uploads\/2015\/09\/planning-05.png\" alt=\"\u6d77\u306e\u99c5\u306a\u304a\u3057\u307e\" width=\"240\" height=\"172\" \/>L'association touristique de la ville de Naoshima est situ\u00e9e juste \u00e0 c\u00f4t\u00e9 du port de Miyaura.<br \/> Il y a des casiers \u00e0 monnaie \u00e0 la station maritime de Naoshima.<br \/>Laissez d'abord vos bagages lourds ici et partez l\u00e9ger !<a href=\"http:\/\/naoshima.net\/wp-content\/uploads\/2015\/09\/uminoeki.pdf\" target=\"_blank\"><img loading=\"lazy\" decoding=\"async\" class=\"alignright\" src=\"http:\/\/naoshima.net\/wp-content\/uploads\/2015\/09\/planning-06.png\" alt=\"\" width=\"176\" height=\"172\" \/><\/a><\/p>\n<p><a href=\"http:\/\/naoshima.net\/wp-content\/uploads\/2015\/09\/uminoeki.pdf\" target=\"_blank\">Guide d'\u00e9tage dans l'association touristique<\/a><\/p>\n<\/td>\n<\/tr>\n<tr>\n<th class=\"nodis\">\u00a0<\/th>\n<td>\n<h3 class=\"miyaaka\">citrouille rouge<\/h3>\n<table>\n<tbody>\n<tr>\n<td>\n<ul class=\"planMeyasu\">\n<li class=\"kansyou\">Dur\u00e9e approximative de visionnage : 10 minutes.<\/li>\n<\/ul>\n<p><a href=\"http:\/\/naoshima.net\/fr\/art\/art_miyanoura\/#c09\">Citrouille rouge Voir plus d'informations<\/a><\/p>\n<\/td>\n<td><img loading=\"lazy\" decoding=\"async\" class=\"alignright\" src=\"http:\/\/naoshima.net\/wp-content\/uploads\/2015\/09\/planning-12.jpg\" alt=\"\u8d64\u304b\u307c\u3061\u3083\" width=\"240\" height=\"169\" \/><\/td>\n<\/tr>\n<\/tbody>\n<\/table>\n<\/td>\n<\/tr>\n<tr>\n<th class=\"nodis\">\u00a0<\/th>\n<td>\n<h3 class=\"miyaaka\">Bain public de Naoshima \"I \u2665 Yu\".<\/h3>\n<table>\n<tbody>\n<tr>\n<td>\n<ul class=\"planMeyasu\">\n<li class=\"kansyou\">Dur\u00e9e de visionnage approximative : 10 minutes (ext\u00e9rieur uniquement).<\/li>\n<li class=\"ofuro\">30 minutes (en cas de bain)<\/li>\n<\/ul>\n<p><a href=\"http:\/\/naoshima.net\/fr\/art\/art_miyanoura\/#c05\">Naoshima Public Bath \"I \u2665 Yu\" Voir plus d'informations.<\/a><img loading=\"lazy\" decoding=\"async\" class=\"alignright\" src=\"http:\/\/naoshima.net\/wp-content\/uploads\/2015\/09\/planning-16.jpg\" alt=\"\" width=\"115\" height=\"124\" \/><\/p>\n<\/td>\n<td><img loading=\"lazy\" decoding=\"async\" class=\"size-full wp-image-1639 alignright\" src=\"http:\/\/naoshima.net\/wp-content\/uploads\/2015\/09\/planning-1511.jpg\" alt=\"\" width=\"240\" height=\"178\" \/><\/td>\n<\/tr>\n<\/tbody>\n<\/table>\n<\/td>\n<\/tr>\n<tr>\n<th class=\"nodis\">\u00a0<\/th>\n<td>\n<h3 class=\"miyaaka\">Pavillon Naoshima.<\/h3>\n<table>\n<tbody>\n<tr>\n<td>\n<ul class=\"planMeyasu\">\n<li class=\"kansyou\">Dur\u00e9e approximative de visionnage : 15 minutes.<\/li>\n<\/ul>\n<p><a href=\"http:\/\/naoshima.net\/fr\/art\/art_miyanoura\/#c09\">Pavillon Naoshima Plus d'informations.<\/a><\/p>\n<\/td>\n<td><img loading=\"lazy\" decoding=\"async\" class=\"alignright\" src=\"http:\/\/naoshima.net\/wp-content\/uploads\/2015\/09\/planning-17.jpg\" alt=\"\u76f4\u5cf6\u30d1\u30f4\u30a3\u30ea\u30aa\u30f3\" width=\"240\" height=\"159\" \/><\/td>\n<\/tr>\n<\/tbody>\n<\/table>\n<\/td>\n<\/tr>\n<tr>\n<th><img loading=\"lazy\" decoding=\"async\" src=\"http:\/\/naoshima.net\/wp-content\/uploads\/2015\/09\/planning-07.png\" alt=\"\u672c\u6751\u5730\u533a\" width=\"133\" height=\"40\" \/><\/th>\n<td>\n<h3 class=\"honmidori\">Projet de maison<\/h3>\n<table>\n<tbody>\n<tr>\n<td>\n<ul class=\"planMeyasu\">\n<li class=\"kansyou\">Dur\u00e9e approximative de visionnage : 120 minutes.<\/li>\n<\/ul>\n<p><a href=\"http:\/\/naoshima.net\/fr\/art\/art_honmura\/#c20\">Projet de maison Plus d'informations.<\/a><\/p>\n<\/td>\n<td><img loading=\"lazy\" decoding=\"async\" class=\"alignright\" src=\"http:\/\/naoshima.net\/wp-content\/uploads\/2015\/09\/planning-24.jpg\" alt=\"\u5bb6\u30d7\u30ed\u30b8\u30a7\u30af\u30c8\" width=\"240\" height=\"199\" \/><\/td>\n<\/tr>\n<\/tbody>\n<\/table>\n<\/td>\n<\/tr>\n<tr>\n<th class=\"nodis\">\u00a0<\/th>\n<td>\n<h3 class=\"honmidori\">MUS\u00c9E ANDO<\/h3>\n<table>\n<tbody>\n<tr>\n<td>\n<ul class=\"planMeyasu\">\n<li class=\"kansyou\">Dur\u00e9e approximative de visionnage : 15-30 minutes.<\/li>\n<\/ul>\n<p><a href=\"http:\/\/naoshima.net\/fr\/art\/art_honmura\/#c21\">MUS\u00c9E ANDO Plus d'informations.<\/a><\/p>\n<p class=\"nomg\"><img loading=\"lazy\" decoding=\"async\" src=\"http:\/\/naoshima.net\/wp-content\/uploads\/2015\/09\/planning-26.jpg\" alt=\"\u672c\u6751\u5730\u533a\uff0d\u3064\u3064\u3058\u8358\" width=\"142\" height=\"17\" \/><\/p>\n<ul class=\"planAccess clear\">\n<li class=\"toho\">Marche : 30 minutes.<\/li>\n<li class=\"bus\">Bus : 6 minutes.<\/li>\n<li class=\"bicycle\">V\u00e9lo : 10-15 minutes.<\/li>\n<\/ul>\n<\/td>\n<td><img loading=\"lazy\" decoding=\"async\" class=\"alignright\" src=\"http:\/\/naoshima.net\/wp-content\/uploads\/2015\/09\/planning-25.jpg\" alt=\"ANDO MUSEUM\" width=\"240\" height=\"180\" \/><\/td>\n<\/tr>\n<\/tbody>\n<\/table>\n<\/td>\n<\/tr>\n<tr>\n<th><img loading=\"lazy\" decoding=\"async\" src=\"http:\/\/naoshima.net\/wp-content\/uploads\/2015\/09\/planning-08.png\" alt=\"\u672c\u6751\u5730\u533a\" width=\"133\" height=\"40\" \/><\/th>\n<td>\n<h3 class=\"tuorange\">\u0152uvres d'ext\u00e9rieur (par exemple, citrouilles)<\/h3>\n<table>\n<tbody>\n<tr>\n<td>\n<ul class=\"planMeyasu\">\n<li class=\"kansyou\">Dur\u00e9e approximative de visionnage : 60 minutes.<\/li>\n<\/ul>\n<p><a href=\"http:\/\/naoshima.net\/fr\/art\/art_museum\/#c00\">Travaux d'ext\u00e9rieur Voir plus d'informations<\/a><\/p>\n<p class=\"nomg\"><img loading=\"lazy\" decoding=\"async\" src=\"http:\/\/naoshima.net\/wp-content\/uploads\/2015\/09\/planning-28.jpg\" alt=\"\u672c\u6751\u5730\u533a\uff0d\u3064\u3064\u3058\u8358\" width=\"240\" height=\"17\" \/><\/p>\n<ul class=\"planAccess clear\">\n<li class=\"toho\">Marche : 10 min.<\/li>\n<li class=\"bus\">Bus : 2 mins.<\/li>\n<\/ul>\n<\/td>\n<td><img loading=\"lazy\" decoding=\"async\" class=\"alignright\" src=\"http:\/\/naoshima.net\/wp-content\/uploads\/2015\/09\/planning-27.jpg\" alt=\"\u5357\u74dc\" width=\"240\" height=\"283\" \/><\/td>\n<\/tr>\n<\/tbody>\n<\/table>\n<\/td>\n<\/tr>\n<tr>\n<th><img loading=\"lazy\" decoding=\"async\" src=\"http:\/\/naoshima.net\/wp-content\/uploads\/2015\/09\/planning-09.png\" alt=\"\u30d9\u30cd\u30c3\u30bb\u30cf\u30a6\u30b9\u30df\u30e5\u30fc\u30b8\u30a2\u30e0\" width=\"133\" height=\"60\" \/><\/th>\n<td>\n<h3 class=\"beneblue\">Mus\u00e9e de la maison Benesse<\/h3>\n<table>\n<tbody>\n<tr>\n<td>\n<ul class=\"planMeyasu\">\n<li class=\"kansyou\">Dur\u00e9e approximative de visionnage : 60 minutes.<\/li>\n<\/ul>\n<p><a href=\"http:\/\/naoshima.net\/fr\/art\/art_museum\/#c03\">Benesse House Museum Plus d'informations<\/a><\/p>\n<p class=\"nomg\"><img loading=\"lazy\" decoding=\"async\" src=\"http:\/\/naoshima.net\/wp-content\/uploads\/2015\/09\/planning-30.jpg\" alt=\"\u30d9\u30cd\u30c3\u30bb\u30cf\u30a6\u30b9\u30df\u30e5\u30fc\u30b8\u30a2\u30e0\uff0d\u674e\u79b9\u7165\u7f8e\u8853\u9928\" width=\"276\" height=\"17\" \/><\/p>\n<ul class=\"planAccess clear\">\n<li class=\"toho\">Marche : 10 min.<\/li>\n<li class=\"bus\">Bus : 2 mins.<\/li>\n<\/ul>\n<\/td>\n<td><img loading=\"lazy\" decoding=\"async\" class=\"alignright\" src=\"http:\/\/naoshima.net\/wp-content\/uploads\/2015\/09\/planning-29.jpg\" alt=\"\u30d9\u30cd\u30c3\u30bb\u30cf\u30a6\u30b9\u30df\u30e5\u30fc\u30b8\u30a2\u30e0\" width=\"240\" height=\"181\" \/><\/td>\n<\/tr>\n<\/tbody>\n<\/table>\n<\/td>\n<\/tr>\n<tr>\n<th><img loading=\"lazy\" decoding=\"async\" src=\"http:\/\/naoshima.net\/wp-content\/uploads\/2015\/09\/planning-10.png\" alt=\"\u674e\u79b9\u7165\u7f8e\u8853\u9928\" width=\"133\" height=\"40\" \/><\/th>\n<td>\n<h3 class=\"riblue\">Mus\u00e9e Lee Ufan<\/h3>\n<table>\n<tbody>\n<tr>\n<td>\n<ul class=\"planMeyasu\">\n<li class=\"kansyou\">Dur\u00e9e approximative de visionnage : 30 minutes.<\/li>\n<\/ul>\n<p><a href=\"http:\/\/naoshima.net\/fr\/art\/art_museum\/#c02\">Mus\u00e9e Lee Ufan Plus d'informations<\/a><\/p>\n<p class=\"nomg\"><img loading=\"lazy\" decoding=\"async\" src=\"http:\/\/naoshima.net\/wp-content\/uploads\/2015\/09\/planning-32.jpg\" alt=\"\u674e\u79b9\u7165\u7f8e\u8853\u9928\uff0d\u5730\u4e2d\u7f8e\u8853\u9928\" width=\"188\" height=\"17\" \/><\/p>\n<ul class=\"planAccess clear\">\n<li class=\"toho\">Marche : 10 min.<\/li>\n<li class=\"bus\">Bus : 2 mins.<\/li>\n<\/ul>\n<\/td>\n<td><img loading=\"lazy\" decoding=\"async\" class=\"alignright\" src=\"http:\/\/naoshima.net\/wp-content\/uploads\/2015\/09\/planning-31.jpg\" alt=\"\u674e\u79b9\u7165\u7f8e\u8853\u9928\" width=\"240\" height=\"210\" \/><\/td>\n<\/tr>\n<\/tbody>\n<\/table>\n<\/td>\n<\/tr>\n<tr>\n<th><img loading=\"lazy\" decoding=\"async\" src=\"http:\/\/naoshima.net\/wp-content\/uploads\/2015\/09\/planning-11.png\" alt=\"\u5730\u4e2d\u7f8e\u8853\u9928\" width=\"133\" height=\"40\" \/><\/th>\n<td>\n<h3 class=\"timidori\">Mus\u00e9e de la M\u00e9diterran\u00e9e<\/h3>\n<table>\n<tbody>\n<tr>\n<td>\n<ul class=\"planMeyasu\">\n<li class=\"kansyou\">Dur\u00e9e approximative de visionnage : 60-90 minutes.<\/li>\n<\/ul>\n<p><a href=\"http:\/\/naoshima.net\/fr\/art\/art_museum\/#c01\">Mus\u00e9e d'art Chichu Plus d'informations<\/a><\/p>\n<p class=\"nomg\"><img loading=\"lazy\" decoding=\"async\" src=\"http:\/\/naoshima.net\/wp-content\/uploads\/2015\/09\/planning-34.jpg\" alt=\"\u5730\u4e2d\u7f8e\u8853\u9928\uff0d\u5bae\u6d66\u6e2f\" width=\"150\" height=\"17\" \/><\/p>\n<ul class=\"planAccess clear\">\n<li class=\"toho\">Marche : 30 minutes.<\/li>\n<li class=\"bicycle\">V\u00e9lo : 15-25 minutes.<\/li>\n<\/ul>\n<\/td>\n<td><img loading=\"lazy\" decoding=\"async\" class=\"alignright\" src=\"http:\/\/naoshima.net\/wp-content\/uploads\/2015\/09\/planning-33.jpg\" alt=\"\u5730\u4e2d\u7f8e\u8853\u9928\" width=\"240\" height=\"210\" \/><\/td>\n<\/tr>\n<\/tbody>\n<\/table>\n<p><span style=\"color: #ff0000;\">*Il n'y a pas de service de bus urbain entre le mus\u00e9e d'art Chichu et le port de Miyaura.<\/span><br \/><span style=\"color: #ff0000;\">Une fois sur place, retournez \u00e0 Tsutsuji-so et prenez le bus de la ville.<\/span><\/p>\n<\/td>\n<\/tr>\n<tr>\n<th class=\"noline\"><img loading=\"lazy\" decoding=\"async\" src=\"http:\/\/naoshima.net\/wp-content\/uploads\/2015\/09\/planning-04.png\" alt=\"\u5bae\u6d66\u6e2f\" width=\"133\" height=\"40\" \/><\/th>\n<td>\n<p><img loading=\"lazy\" decoding=\"async\" class=\"alignleft\" src=\"http:\/\/naoshima.net\/wp-content\/uploads\/2015\/09\/planning-05.png\" alt=\"\" width=\"240\" height=\"172\" \/>Pour les souvenirs, il y a \u00e9galement un coin souvenir dans l'association touristique.<br \/>N'h\u00e9sitez pas \u00e0 passer !!!<\/p>\n<p><a href=\"http:\/\/naoshima.net\/fr\/omiyage\/\">Voir la page d'introduction Souvenirs et sp\u00e9cialit\u00e9s<\/a><\/p>\n<\/td>\n<\/tr>\n<\/tbody>\n<\/table>\n<ul class=\"planningAtten clear\">\n<li><img loading=\"lazy\" decoding=\"async\" class=\"alignright\" src=\"http:\/\/naoshima.net\/wp-content\/uploads\/2015\/09\/planning-36.jpg\" alt=\"\u6642\u9593\u306b\u4f59\u88d5\u3092\u6301\u3063\u3066\u8a08\u753b\u3092\u7acb\u3066\u3066\u304f\u3060\u3055\u3044\" width=\"245\" height=\"159\" \/>Tout d'abord, calculez le temps pass\u00e9 sur l'\u00eele en fonction des heures d'arriv\u00e9e et de d\u00e9part du ferry que vous pr\u00e9voyez d'emprunter.<\/li>\n<li>Essayez d'arriver au port 20 minutes avant l'heure de d\u00e9part du ferry de retour.<\/li>\n<li>Si vous voyagez en bus, il peut y avoir un temps d'attente.<\/li>\n<li>Les repas peuvent durer 30 minutes pour des plats simples tels que les udon aux heures de pointe, et jusqu'\u00e0 une heure pour des plats plus \u00e9labor\u00e9s.<\/li>\n<li>Pendant les grandes vacances et le Festival international d'art de Setouchi, il y aura des temps d'attente et des billets num\u00e9rot\u00e9s dans diverses installations, il est donc fort probable que vous ne puissiez pas suivre votre programme.<\/li>\n<\/ul>\n<\/div>","protected":false},"excerpt":{"rendered":"<p>\u3000 \u5404\u62e0\u70b9\u3078\u306e\u79fb\u52d5\u6642\u9593\u3068\u5404\u65bd\u8a2d\u306e\u9451\u8cde\u6642\u9593\u306e\u76ee\u5b89 \u5bae\u6d66\u6e2f\u3059\u3050\u305d\u3070\u306b\u3001\u76f4\u5cf6\u753a\u89b3\u5149\u5354\u4f1a\u304c\u3042\u308a\u307e\u3059\u3002 \u6d77\u306e\u99c5\u306a\u304a\u3057\u307e\u306b\u30b3\u30a4\u30f3\u30ed\u30c3\u30ab\u30fc\u304c\u3042\u308a\u307e\u3059\u306e\u3067\u91cd\u305f\u3044\u8377\u7269\u306f\u307e\u305a\u3001\u3053\u3053\u3078\u9810\u3051\u3066\u8eab\u8efd\u306b\u306a\u308a\u307e\u3057\u3087\u3046!! \u89b3\u5149\u5354\u4f1a\u5185\u30d5\u30ed\u30a2\u30ac\u30a4\u30c9 \u00a0  [&hellip;]<\/p>\n","protected":false},"author":1,"featured_media":0,"parent":0,"menu_order":0,"comment_status":"closed","ping_status":"closed","template":"","meta":{"_acf_changed":false,"footnotes":""},"class_list":["post-159","page","type-page","status-publish","hentry"],"acf":[],"publishpress_future_workflow_manual_trigger":{"enabledWorkflows":[]},"_links":{"self":[{"href":"https:\/\/naoshima.net\/fr\/wp-json\/wp\/v2\/pages\/159","targetHints":{"allow":["GET"]}}],"collection":[{"href":"https:\/\/naoshima.net\/fr\/wp-json\/wp\/v2\/pages"}],"about":[{"href":"https:\/\/naoshima.net\/fr\/wp-json\/wp\/v2\/types\/page"}],"author":[{"embeddable":true,"href":"https:\/\/naoshima.net\/fr\/wp-json\/wp\/v2\/users\/1"}],"replies":[{"embeddable":true,"href":"https:\/\/naoshima.net\/fr\/wp-json\/wp\/v2\/comments?post=159"}],"version-history":[{"count":0,"href":"https:\/\/naoshima.net\/fr\/wp-json\/wp\/v2\/pages\/159\/revisions"}],"wp:attachment":[{"href":"https:\/\/naoshima.net\/fr\/wp-json\/wp\/v2\/media?parent=159"}],"curies":[{"name":"wp","href":"https:\/\/api.w.org\/{rel}","templated":true}]}}