{"id":1714,"date":"2016-05-30T10:40:15","date_gmt":"2016-05-30T01:40:15","guid":{"rendered":"http:\/\/naoshima.net\/?page_id=1714"},"modified":"2025-07-23T15:31:25","modified_gmt":"2025-07-23T06:31:25","slug":"naoshima","status":"publish","type":"page","link":"https:\/\/naoshima.net\/fr\/naoshima\/","title":{"rendered":"Pour les visiteurs de Naoshima - Veuillez d'abord lire ceci."},"content":{"rendered":"<div class=\"naoshimaBox\">\n<h1><strong><span style=\"font-size: 20px; color: #0000ff;\">\u25c6V\u00e9rifiez si les mus\u00e9es et autres installations sont ouverts le jour o\u00f9 vous pr\u00e9voyez de visiter l'\u00eele.<\/span><\/strong><\/h1>\n<p>\u3000<span style=\"font-size: 16px;\">\u3000Dans de rares cas, les \u0153uvres d'art souhait\u00e9es peuvent ne pas \u00eatre visibles pour des raisons de maintenance ou autres. Veuillez noter que de nombreux restaurants de l'\u00eele sont \u00e9galement ferm\u00e9s \u00e0 cette occasion.<\/span><\/p>\n<p><span style=\"font-size: 16px;\">\u3000\u3000Benesse Art Site Naoshima Le calendrier d'ouverture est le suivant<span style=\"text-decoration: underline;\"><span style=\"color: #ff00ff; text-decoration: underline;\"><a href=\"https:\/\/benesse-artsite.jp\/calendar\/\">de cette mani\u00e8re (direction proche de l'orateur ou vers l'orateur)<\/a><\/span><\/span><\/span><\/p>\n<p><span style=\"font-size: 16px;\">\u3000\u3000\u00c0 partir du 1er octobre 2024, presque toutes les installations artistiques de Naoshima ont mis en place un syst\u00e8me de billetterie en ligne.<\/span><\/p>\n<p><span style=\"font-size: 16px;\">\u3000\u3000<\/span><span style=\"font-size: 16px;\">Veuillez noter que le prix des billets en ligne diff\u00e8re du prix des billets achet\u00e9s au guichet le jour de l'achat.<\/span><span style=\"font-size: 16px;\">Oui.<\/span><\/p>\n<p><span style=\"font-size: 16px;\">\u3000\u3000R\u00e9servez \u00e0 l'avance les installations que vous souhaitez visiter, qui peuvent \u00eatre r\u00e9serv\u00e9es par date et heure. La page de r\u00e9servation est<span style=\"text-decoration: underline;\"><span style=\"color: #ff00ff; text-decoration: underline;\"><a href=\"https:\/\/benesse-artsite.jp\/general-information-2020.html\">de cette mani\u00e8re (direction proche de l'orateur ou vers l'orateur)<\/a><\/span><\/span><\/span><\/p>\n<h1><strong><span style=\"font-size: 20px; color: #0000ff;\">Acc\u00e8s \u00e0 l'\u00eele de Naoshima<\/span><\/strong><\/h1>\n<p><span style=\"font-size: 20px; color: #0000ff;\">\u3000<\/span><span style=\"font-size: 16px;\"><span style=\"color: #000000;\">Naoshima est accessible depuis Honshu via le port d'Uno \u00e0 Tamano, pr\u00e9fecture d'Okayama, et depuis Shikoku via le port de Takamatsu \u00e0 Takamatsu, pr\u00e9fecture de Kagawa,<\/span><\/span><span style=\"font-size: 16px;\"><span style=\"color: #000000;\">transbordeur de voitures<\/span><span style=\"color: #000000;\">\u30fb<\/span>Les navires \u00e0 passagers sont exploit\u00e9s.<\/span><span style=\"font-size: 16px;\">L'horaire est le suivant.<strong><span style=\"text-decoration: underline; color: #0000ff;\"><a style=\"color: #0000ff; text-decoration: underline;\" href=\"https:\/\/www.shikokukisen.com\/instant\/\">de cette mani\u00e8re (direction proche de l'orateur ou vers l'orateur)<\/a><\/span><\/strong><\/span><\/p>\n<h1><strong><span style=\"font-size: 20px; color: #0000ff;\">\u25c6Naoshima Highlights<\/span><\/strong><\/h1>\n<h1>\u3000<img loading=\"lazy\" decoding=\"async\" class=\"aligncenter size-large wp-image-4692\" src=\"http:\/\/naoshima.net\/wp-content\/uploads\/2022\/03\/dfd9d380a5e2a02f1a00ce3ee61e921d-800x470.png\" alt=\"\u76f4\u5cf6\u5730\u56f3\" width=\"800\" height=\"470\" srcset=\"https:\/\/naoshima.net\/wp-content\/uploads\/2022\/03\/dfd9d380a5e2a02f1a00ce3ee61e921d-800x470.png 800w, https:\/\/naoshima.net\/wp-content\/uploads\/2022\/03\/dfd9d380a5e2a02f1a00ce3ee61e921d-300x176.png 300w, https:\/\/naoshima.net\/wp-content\/uploads\/2022\/03\/dfd9d380a5e2a02f1a00ce3ee61e921d.png 1118w\" sizes=\"auto, (max-width: 800px) 100vw, 800px\" \/><\/h1>\n<div>\u3000<span style=\"font-size: 16px;\">Les trois principales attractions touristiques de Naoshima sont les suivantes<\/span><\/div>\n<div><span style=\"font-size: 16px;\">\u3000\u3000(i)<span style=\"text-decoration: underline; color: #0000ff;\"><strong><span style=\"text-decoration: underline;\"><a style=\"color: #0000ff; text-decoration: underline;\" href=\"http:\/\/naoshima.net\/fr\/art\/art_museum\/\">Espace mus\u00e9al<\/a><\/span><\/strong><\/span><\/span><\/div>\n<div><span style=\"font-size: 16px;\">\u3000\u3000(ii)<span style=\"text-decoration: underline; color: #0000ff;\"><strong><span style=\"text-decoration: underline;\"><a style=\"color: #0000ff; text-decoration: underline;\" href=\"http:\/\/naoshima.net\/fr\/art\/art_honmura\/\">Zone principale du village<\/a><\/span><\/strong><\/span><\/span><\/div>\n<div><span style=\"font-size: 16px;\">\u3000\u3000(iii)<span style=\"text-decoration: underline; color: #0000ff;\"><strong><span style=\"text-decoration: underline;\"><a style=\"color: #0000ff; text-decoration: underline;\" href=\"http:\/\/naoshima.net\/fr\/art\/art_miyanoura\/\">R\u00e9gion de Miyanoura<\/a><\/span><\/strong><\/span><\/span><\/div>\n<div><span style=\"font-size: 16px;\">\u00a0<\/span><\/div>\n<div><span style=\"font-size: 16px;\">Nous recommandons toutefois de passer une nuit sur place afin d'appr\u00e9cier pleinement toutes les installations artistiques et les \u0153uvres d'art en plein air,<\/span><span style=\"font-size: 16px;\">Environ huit heures suffisent pour visiter toutes les installations artistiques.<\/span><span style=\"font-size: 16px;\">(Le temps de visionnage varie d'une personne \u00e0 l'autre et n'est qu'une indication).<\/span><\/div>\n<div><span style=\"font-size: 16px;\">Si vous ne disposez que d'une demi-journ\u00e9e, choisissez quelques \u00e9tablissements que vous souhaitez visiter et planifiez votre visite en cons\u00e9quence.<\/span><\/div>\n<div><span style=\"font-size: 16px;\">Les heures de visionnage approximatives pour chaque installation sont les suivantes<strong><span style=\"text-decoration: underline;\"><span style=\"color: #0000ff;\"><a style=\"color: #0000ff; text-decoration: underline;\" href=\"http:\/\/naoshima.net\/fr\/planning\/\">de cette mani\u00e8re (direction proche de l'orateur ou vers l'orateur)<\/a><\/span><\/span><\/strong>pour plus d'informations.<\/span><\/div>\n<div>Il n'y a pas de moyen efficace de se d\u00e9placer \u00e0 Naoshima, mais en fonction de la date \u00e0 laquelle vous pouvez obtenir une r\u00e9servation au mus\u00e9e d'art Chichu et de l'endroit o\u00f9 vous souhaitez d\u00e9jeuner, vous pouvez d\u00e9cider de faire le tour \u00e0 partir de la zone du mus\u00e9e ou de la zone du village principal.<\/div>\n<div>\u00a0<\/div>\n<h1><strong><span style=\"color: #0000ff; font-size: 20px;\">\u25c6 Moyens de transport \u00e0 l'int\u00e9rieur des \u00eeles<\/span>\u00a0<\/strong>\u3000<span style=\"font-size: 16px;\">\u3000<\/span><\/h1>\n<h2><span style=\"font-size: 20px;\">(1) Bus de ville + navette Benesse Art Site Naoshima sur place<\/span><\/h2>\n<p><span style=\"font-size: 16px;\"><img loading=\"lazy\" decoding=\"async\" class=\"aligncenter size-large wp-image-4701\" src=\"http:\/\/naoshima.net\/wp-content\/uploads\/2022\/03\/dfd9d380a5e2a02f1a00ce3ee61e921d1-800x183.png\" alt=\"\u76f4\u5cf6\u5730\u56f3\" width=\"800\" height=\"183\" srcset=\"https:\/\/naoshima.net\/wp-content\/uploads\/2022\/03\/dfd9d380a5e2a02f1a00ce3ee61e921d1-800x183.png 800w, https:\/\/naoshima.net\/wp-content\/uploads\/2022\/03\/dfd9d380a5e2a02f1a00ce3ee61e921d1-300x69.png 300w, https:\/\/naoshima.net\/wp-content\/uploads\/2022\/03\/dfd9d380a5e2a02f1a00ce3ee61e921d1.png 1064w\" sizes=\"auto, (max-width: 800px) 100vw, 800px\" \/><\/span><\/p>\n<p><span style=\"font-size: 16px;\"><strong>\u3000\u3000<\/strong><\/span><span style=\"font-size: 16px;\"><strong>\u3000<\/strong><\/span><\/p>\n<p><span style=\"font-size: 16px;\">\u3000\u3000\u3000Depuis le port de Miyaura, o\u00f9 le ferry arrive et repart, jusqu'\u00e0 la zone de Honmura o\u00f9 se trouve le projet de maison ANDO MUSEUM.<\/span><\/p>\n<p><span style=\"font-size: 16px;\">\u3000\u3000\u3000Via,<\/span><span style=\"font-size: 16px;\">Un bus de ville dessert Tsutsuji-so (\u00e0 partir de l'arr\u00eat de bus n\u00b0 2 du port de Miyaura).<\/span><span style=\"font-size: 16px;\">Veuillez vous inscrire<\/span><\/p>\n<p><span style=\"font-size: 16px;\">\u3000\u3000\u3000(Oui). Depuis Tsutsuji-so, transfert vers la navette Benesse Art Site Naoshima sur place.<\/span><span style=\"font-size: 16px;\">En,<\/span><\/p>\n<p><span style=\"font-size: 16px;\">\u3000\u3000\u3000Vous pouvez visiter le mus\u00e9e dans la zone des mus\u00e9es. Transfert en bus du port de Miyaura au mus\u00e9e d'art de Chichu.<\/span><\/p>\n<p><span style=\"font-size: 16px;\">\u3000\u3000\u3000Il faut compter environ 30 minutes.<\/span><\/p>\n<p><span style=\"font-size: 16px;\">\u3000\u3000    Pour vous rendre au House Project ANDO MUSEUM, prenez le bus de ville en direction de Tsutsujiso et descendez \u00e0 l'arr\u00eat \"Noukyo-mae\".<\/span><\/p>\n<p><span style=\"font-size: 16px;\">\u3000\u3000\u3000descendant<\/span><span style=\"font-size: 16px;\">S'il vous pla\u00eet, faites-le.<\/span><\/p>\n<p><span style=\"font-size: 16px;\">\u3000\u3000\u3000Le tarif du bus urbain est de 100 yens par trajet, payable en pi\u00e8ces de monnaie \u00e0 la descente du bus. Benesse Art Sa<\/span><\/p>\n<p><span style=\"font-size: 16px;\">\u3000\u3000\u3000Ito direct<\/span><span style=\"font-size: 16px;\">Les navettes \u00e0 l'int\u00e9rieur de l'\u00eele sont gratuites.<\/span><\/p>\n<p><span style=\"font-size: 16px;\">\u00a0<\/span><\/p>\n<p><span style=\"font-size: 16px;\">\u3000\u3000\u3000<strong><span style=\"text-decoration: underline; color: #0000ff;\"><a style=\"color: #0000ff; text-decoration: underline;\" href=\"http:\/\/naoshima.net\/wp-content\/uploads\/2025\/03\/53574bafe4fd10bb87b9b6f9131569fb.pdf\">Horaires des bus de la ville<\/a><\/span><\/strong><\/span><\/p>\n<p><span style=\"font-size: 16px;\">\u3000\u3000\u3000<strong><span style=\"text-decoration: underline; color: #0000ff;\"><a style=\"color: #0000ff; text-decoration: underline;\" href=\"https:\/\/www.benesse-artsite.jp\/stay\/FreeBus_timetable.pdf\">Benesse Art Site Naoshima Horaires des navettes sur place<\/a><\/span><\/strong><\/span><\/p>\n<p><span style=\"font-size: 16px;\">\u00a0<\/span><\/p>\n<h2><span style=\"font-size: 20px;\">(ii) Location de bicyclettes.<\/span><\/h2>\n<p><span style=\"font-size: 16px;\">\u3000\u3000\u3000Il y a cinq magasins de location de v\u00e9los autour du port de Miyaura, o\u00f9 les ferries arrivent et partent, et deux dans la r\u00e9gion de Honmura.<\/span><\/p>\n<p><span style=\"font-size: 16px;\">\u00a0 \u00a0 \u00a0 existence (au moment pr\u00e9sent)<\/span><span style=\"font-size: 16px;\">Voici une liste des questions les plus importantes.<\/span><\/p>\n<p><span style=\"font-size: 16px;\">\u3000\u3000\u3000Il est toutefois recommand\u00e9 si vous souhaitez profiter des visites de Naoshima sans vous soucier des horaires de bus,<strong><span style=\"color: #ff0000;\">La bicyclette.<\/span><\/strong><\/span><\/p>\n<p><span style=\"font-size: 16px;\"><strong><span style=\"color: #ff0000;\">\u3000\u3000\u3000Route interdite (par exemple sur un panneau)<\/span><\/strong><\/span><strong><span style=\"font-size: 16px; color: #ff0000;\">Entreprise int\u00e9rieure<\/span><\/strong><span style=\"font-size: 16px;\"><strong><span style=\"color: #ff0000;\">Il y a une zone arri\u00e8re (section entre les portes est et nord de la zone du mus\u00e9e) *Sauf pour les invit\u00e9s de Benesse House.<\/span><\/strong>\u3000<\/span><\/p>\n<p><span style=\"font-size: 16px;\">\u3000\u3000\u3000Parking \u00e0 v\u00e9los pr\u00e8s de la porte est.<\/span><span style=\"font-size: 16px;\">Ou le mus\u00e9e d'art Chichu Chi.<\/span><span style=\"font-size: 16px;\">Kettle Centre et pr\u00e8s de la porte nord.<\/span><\/p>\n<p><span style=\"font-size: 16px;\">\u3000\u3000\u3000Garez votre v\u00e9lo dans le parking \u00e0 v\u00e9los et marchez<\/span><span style=\"font-size: 16px;\">Ou Benesse Art Site.<\/span><span style=\"font-size: 16px;\">En navette \u00e0 l'int\u00e9rieur de Naoshima<\/span><\/p>\n<p><span style=\"font-size: 16px;\">\u3000\u3000\u3000Continuez (vers le mus\u00e9e d'art Chichu).<\/span><span style=\"font-size: 16px;\">On peut s'y rendre \u00e0 v\u00e9lo.<\/span><span style=\"font-size: 16px;\">Voici une liste des questions les plus importantes.<\/span><\/p>\n<p><span style=\"font-size: 16px;\">\u3000\u3000\u3000[15-25 minutes du port de Miyaura].<\/span><\/p>\n<p><span style=\"font-size: 16px;\">\u3000\u3000\u3000Pour plus d'informations sur la location de v\u00e9los, voir.<strong><span style=\"text-decoration: underline; color: #0000ff;\"><a style=\"color: #0000ff; text-decoration: underline;\" href=\"http:\/\/naoshima.net\/fr\/access\/rental\/\">de cette mani\u00e8re (direction proche de l'orateur ou vers l'orateur)<\/a><\/span><\/strong><\/span><\/p>\n<p>\u3000\u3000\u3000 Les routes de l'\u00eele \u00e9tant \u00e9troites, il convient de rester en file indienne, de rouler sur le c\u00f4t\u00e9 gauche de la route et de faire attention aux accidents.<\/p>\n<p><span style=\"font-size: 16px;\">\u00a0<\/span><\/p>\n<h2><strong><span style=\"font-size: 20px;\">\u3000(iii) Location de voitures.<\/span><\/strong><\/h2>\n<p><span style=\"font-size: 16px;\">\u3000\u3000\u3000Il existe trois agences de location de voitures \u00e0 Naoshima. Certaines parties de la zone du mus\u00e9e sont praticables, de m\u00eame que les bicyclettes.<\/span><\/p>\n<p><span style=\"font-size: 16px;\">\u3000\u3000\u3000enfant pr\u00e9coce<\/span><span style=\"font-size: 16px;\">Le parking adjacent \u00e0 la Villa Azal\u00e9e ou le parking de la billetterie du mus\u00e9e d'art Chichu.<\/span><\/p>\n<p><span style=\"font-size: 16px;\">\u3000\u3000\u3000Pull over,<\/span><span style=\"font-size: 16px;\">Marchez ou prenez la navette Benesse Art Site Naoshima sur place.<\/span><\/p>\n<p><span style=\"font-size: 16px;\">\u3000\u3000(L'acc\u00e8s au mus\u00e9e d'art Chichu se fait en voiture.<\/span><span style=\"font-size: 16px;\">(Accessible en v\u00e9hicule motoris\u00e9).<\/span><\/p>\n<p><span style=\"font-size: 16px;\">\u3000\u3000\u3000Les op\u00e9rateurs de location de voitures sont.<span style=\"text-decoration: underline;\"><span style=\"color: #0000ff;\"><strong><a style=\"color: #0000ff; text-decoration: underline;\" href=\"http:\/\/naoshima.net\/fr\/access\/access_from\/\">de cette mani\u00e8re (direction proche de l'orateur ou vers l'orateur)<\/a><\/strong><\/span><\/span><\/span><\/p>\n<p><span style=\"font-size: 16px;\">\u00a0<\/span><\/p>\n<h2><strong><span style=\"font-size: 20px;\">\u3000(iv) Taxi.<\/span><\/strong><\/h2>\n<p><span style=\"font-size: 16px;\">\u3000 \u3000\u3000Il n'y a que deux taxis sur Naoshima. Ils attendent au port de Miyaura, mais il faut r\u00e9server \u00e0 l'avance.<\/span><\/p>\n<p><span style=\"font-size: 16px;\">\u3000\u3000\u3000m\u00eame que<\/span><span style=\"font-size: 16px;\">Noh.<\/span><\/p>\n<p><span style=\"font-size: 16px;\">\u3000 \u3000\u3000<strong><span style=\"font-size: 20px;\">Nisshin Taxi 087-882-2424 Okawa Taxi 087-851-3358<\/span><\/strong><\/span><\/p>\n<p><span style=\"font-size: 20px; color: #ff0000;\">\u00a0*Les stations-service de l'\u00eele sont ferm\u00e9es le dimanche et pendant les f\u00eates de fin d'ann\u00e9e.<\/span><span style=\"font-size: 20px; color: #ff0000;\">Il est donc conseill\u00e9 aux clients arrivant en voiture de faire le plein de carburant au pr\u00e9alable.<\/span><\/p>\n<\/div>","protected":false},"excerpt":{"rendered":"<p>\u25c6\u6765\u5cf6\u3092\u4e88\u5b9a\u3057\u3066\u3044\u308b\u65e5\u306b\u7f8e\u8853\u9928\u7b49\u306e\u65bd\u8a2d\u304c\u958b\u9928\u3057\u3066\u3044\u308b\u304b\u3092\u8abf\u3079\u307e\u3057\u3087\u3046\u3000\u3000 \u3000\u3000\u307e\u308c\u306b\u30e1\u30f3\u30c6\u30ca\u30f3\u30b9\u7b49\u3067\u5e0c\u671b\u306e\u4f5c\u54c1\u304c\u3054\u89a7\u3044\u305f\u3060\u3051\u306a\u3044\u4e8b\u304c\u3042\u308a\u307e\u3059\u3002\u307e\u305f\u305d\u306e\u969b\u306f\u5cf6\u5185\u591a\u304f\u306e\u98f2\u98df\u5e97\u3082\u304a\u4f11\u307f\u306a\u306e\u3067\u3054\u6ce8\u610f\u304f\u3060\u3055\u3044\u3002 \u3000\u3000\u30d9\u30cd\u30c3\u30bb\u30a2\u30fc\u30c8 [&hellip;]<\/p>\n","protected":false},"author":1,"featured_media":0,"parent":0,"menu_order":0,"comment_status":"closed","ping_status":"closed","template":"","meta":{"_acf_changed":false,"footnotes":""},"class_list":["post-1714","page","type-page","status-publish","hentry"],"acf":[],"publishpress_future_workflow_manual_trigger":{"enabledWorkflows":[]},"_links":{"self":[{"href":"https:\/\/naoshima.net\/fr\/wp-json\/wp\/v2\/pages\/1714","targetHints":{"allow":["GET"]}}],"collection":[{"href":"https:\/\/naoshima.net\/fr\/wp-json\/wp\/v2\/pages"}],"about":[{"href":"https:\/\/naoshima.net\/fr\/wp-json\/wp\/v2\/types\/page"}],"author":[{"embeddable":true,"href":"https:\/\/naoshima.net\/fr\/wp-json\/wp\/v2\/users\/1"}],"replies":[{"embeddable":true,"href":"https:\/\/naoshima.net\/fr\/wp-json\/wp\/v2\/comments?post=1714"}],"version-history":[{"count":0,"href":"https:\/\/naoshima.net\/fr\/wp-json\/wp\/v2\/pages\/1714\/revisions"}],"wp:attachment":[{"href":"https:\/\/naoshima.net\/fr\/wp-json\/wp\/v2\/media?parent=1714"}],"curies":[{"name":"wp","href":"https:\/\/api.w.org\/{rel}","templated":true}]}}