{"id":297,"date":"2015-09-14T18:14:44","date_gmt":"2015-09-14T09:14:44","guid":{"rendered":"http:\/\/naoshima.net\/?page_id=297"},"modified":"2015-09-14T18:48:43","modified_gmt":"2015-09-14T09:48:43","slug":"tokusan","status":"publish","type":"page","link":"https:\/\/naoshima.net\/fr\/omiyage\/tokusan\/","title":{"rendered":"SOLASHIO\uff08\u30bd\u30e9\u30b7\u30aa\uff09"},"content":{"rendered":"<p><img loading=\"lazy\" decoding=\"async\" src=\"http:\/\/naoshima.net\/wp-content\/uploads\/2015\/09\/solashio-01.jpg\" alt=\"\u702c\u6238\u5185\u6d77\u306e\u6d77\u6c34\u3068\u592a\u967d\u3068\u611b\u60c5\u3067\u3067\u304d\u305f\u3053\u3060\u308f\u308a\u306e\u5b8c\u5168\u5929\u65e5\u5869\u3000SOLASHIO\uff08\u30bd\u30e9\u30b7\u30aa\uff09\" width=\"883\" height=\"378\" \/><\/p>\n<ul class=\"solashioMenu clear\">\n<li><a class=\"now\" href=\"http:\/\/naoshima.net\/fr\/omiyage\/tokusan\/\"><img loading=\"lazy\" decoding=\"async\" src=\"http:\/\/naoshima.net\/wp-content\/uploads\/2015\/09\/arrow-04.gif\" alt=\"\" width=\"9\" height=\"7\" \/>SOLASHIO TOP<\/a><\/li>\n<li><a href=\"http:\/\/naoshima.net\/fr\/omiyage\/solashio\/\"><img loading=\"lazy\" decoding=\"async\" src=\"http:\/\/naoshima.net\/wp-content\/uploads\/2015\/09\/arrow-04.gif\" alt=\"\" width=\"9\" height=\"7\" \/>Comment SOLASHIO a \u00e9t\u00e9 cr\u00e9\u00e9<\/a><\/li>\n<li><a href=\"http:\/\/naoshima.net\/fr\/omiyage\/info\/\"><img loading=\"lazy\" decoding=\"async\" src=\"http:\/\/naoshima.net\/wp-content\/uploads\/2015\/09\/arrow-04.gif\" alt=\"\" width=\"9\" height=\"7\" \/>SOLASHIO Pr\u00e9sentation du produit.<\/a><\/li>\n<\/ul>\n<div class=\"solaAbout clear\">\n<div class=\"solaText\">\n<h2>Naoshima, l'\u00eele du sel.<\/h2>\n<p>La production de sel dans l'archipel de Naoshima remonte \u00e0 l'\u00e9poque d'Himiko.<\/p>\n<p> Cela s'est poursuivi jusqu'\u00e0 la p\u00e9riode Showa, o\u00f9 la production de sel \u00e9tait l'une des industries de Naoshima.<\/p>\n<p> Les nombreux tumulus et les 500 billions de fragments de poterie, qui ont \u00e9t\u00e9 class\u00e9s site historique national en tant que site de production de sel, en sont la preuve.<\/p>\n<p> La technologie est combin\u00e9e \u00e0 la sagesse moderne pour cr\u00e9er SOLASHIO.<\/p>\n<\/div>\n<div class=\"solaImage\"><img loading=\"lazy\" decoding=\"async\" src=\"http:\/\/naoshima.net\/wp-content\/uploads\/2015\/09\/solashio-03.jpg\" alt=\"\" width=\"280\" height=\"210\" \/><\/div>\n<\/div>\n<div class=\"solaAbout clear\">\n<div class=\"solaText\">\n<h2>L'engagement de SOLASHIO \u00e0.<\/h2>\n<p><span style=\"color: #dd3522; font-size: 16px; font-weight: bold;\">SOLASHIO est un sel enti\u00e8rement s\u00e9ch\u00e9 au soleil<\/span><\/p>\n<p> Alors que le sel s\u00e9ch\u00e9 au soleil, g\u00e9n\u00e9ralement vendu en grandes quantit\u00e9s, est fabriqu\u00e9 en dissolvant d'abord du sel s\u00e9ch\u00e9 au soleil import\u00e9, puis en le faisant cuire dans une bouilloire pour gagner du temps, SOLASHIO utilise uniquement la chaleur solaire pour transformer l'eau de mer de la mer int\u00e9rieure de Seto en sel. En effet, il faut beaucoup de temps et d'efforts pour produire un sel au go\u00fbt riche et vivant. Il n'existe que quelques sels s\u00e9ch\u00e9s au soleil au Japon qui sont fabriqu\u00e9s uniquement \u00e0 l'aide de la chaleur du soleil.<\/p>\n<p><a href=\"http:\/\/naoshima.net\/fr\/omiyage\/solashio\/\"><img loading=\"lazy\" decoding=\"async\" src=\"http:\/\/naoshima.net\/wp-content\/uploads\/2015\/09\/solashio-06.jpg\" alt=\"SOLASHIO(\u30bd\u30e9\u30b7\u30aa)\u304c\u3067\u304d\u308b\u307e\u3067\" width=\"279\" height=\"53\" \/><\/a><\/p>\n<\/div>\n<div class=\"solaImage\"><img loading=\"lazy\" decoding=\"async\" src=\"http:\/\/naoshima.net\/wp-content\/uploads\/2015\/09\/solashio-04.jpg\" alt=\"\" width=\"280\" height=\"187\" \/><\/div>\n<\/div>\n<div class=\"solaAbout clear\">\n<div class=\"solaText\">\n<h2>SOLASHIO Ingr\u00e9dients.<\/h2>\n<p><span style=\"font-size: 16px; font-weight: bold;\">SOLASHIO contient 166 mg de potassium et 1200 mg de calcium,<\/p>\n<p> Contient 538 mg de magn\u00e9sium. (dans 100 g de produit).<\/span><\/p>\n<p style=\"text-align: right;\">(26 mai 2011\/Kagawa Pharmaceutical Association Inspection Centre).<\/p>\n<p style=\"color: #dd3421;\">Par rapport au sel ordinaire (sel \u00e9tranger recristallis\u00e9, dissous et s\u00e9ch\u00e9 au soleil), SOLASHIO est plus riche en divers composants, ce qui lui conf\u00e8re une plus grande profondeur de go\u00fbt.<\/p>\n<\/div>\n<div class=\"solaImage\"><img loading=\"lazy\" decoding=\"async\" src=\"http:\/\/naoshima.net\/wp-content\/uploads\/2015\/09\/solashio-05.jpg\" alt=\"\" width=\"280\" height=\"210\" \/><\/div>\n<\/div>","protected":false},"excerpt":{"rendered":"<p>SOLASHIO(\u30bd\u30e9\u30b7\u30aa) TOP SOLASHIO(\u30bd\u30e9\u30b7\u30aa) \u304c\u3067\u304d\u308b\u307e\u3067 SOLASHIO(\u30bd\u30e9\u30b7\u30aa) \u88fd\u54c1\u7d39\u4ecb \u5869\u306e\u5cf6\u300c\u76f4\u5cf6\u300d \u76f4\u5cf6\u8af8\u5cf6\u3067\u306f\u53e4\u304f\u306f\u5351\u5f25\u547c\u306e\u6642\u4ee3\u304b\u3089\u5869\u304c\u4f5c\u3089\u308c\u3066\u304d\u307e\u3057\u305f\u3002 \u305d\u308c\u306f\u662d\u548c\u306e\u6642\u4ee3\u307e\u3067\u7d9a\u304d [&hellip;]<\/p>\n","protected":false},"author":1,"featured_media":0,"parent":266,"menu_order":0,"comment_status":"closed","ping_status":"closed","template":"","meta":{"_acf_changed":false,"footnotes":""},"class_list":["post-297","page","type-page","status-publish","hentry"],"acf":[],"publishpress_future_workflow_manual_trigger":{"enabledWorkflows":[]},"_links":{"self":[{"href":"https:\/\/naoshima.net\/fr\/wp-json\/wp\/v2\/pages\/297","targetHints":{"allow":["GET"]}}],"collection":[{"href":"https:\/\/naoshima.net\/fr\/wp-json\/wp\/v2\/pages"}],"about":[{"href":"https:\/\/naoshima.net\/fr\/wp-json\/wp\/v2\/types\/page"}],"author":[{"embeddable":true,"href":"https:\/\/naoshima.net\/fr\/wp-json\/wp\/v2\/users\/1"}],"replies":[{"embeddable":true,"href":"https:\/\/naoshima.net\/fr\/wp-json\/wp\/v2\/comments?post=297"}],"version-history":[{"count":0,"href":"https:\/\/naoshima.net\/fr\/wp-json\/wp\/v2\/pages\/297\/revisions"}],"up":[{"embeddable":true,"href":"https:\/\/naoshima.net\/fr\/wp-json\/wp\/v2\/pages\/266"}],"wp:attachment":[{"href":"https:\/\/naoshima.net\/fr\/wp-json\/wp\/v2\/media?parent=297"}],"curies":[{"name":"wp","href":"https:\/\/api.w.org\/{rel}","templated":true}]}}