{"id":343,"date":"2015-09-14T19:05:57","date_gmt":"2015-09-14T10:05:57","guid":{"rendered":"http:\/\/naoshima.net\/?page_id=343"},"modified":"2021-05-15T13:02:31","modified_gmt":"2021-05-15T04:02:31","slug":"termsofuse","status":"publish","type":"page","link":"https:\/\/naoshima.net\/fr\/termsofuse\/","title":{"rendered":"A propos de l'utilisation du site"},"content":{"rendered":"<h2>A propos de l'utilisation du site<\/h2>\n<h3>\u00c0 propos de l'entit\u00e9 op\u00e9rationnelle<\/h3>\n<p>Ce site web est produit, g\u00e9r\u00e9 et exploit\u00e9 par l'association touristique de Naoshima.<\/p>\n<h3>Droits d'auteur et marques d\u00e9pos\u00e9es<\/h3>\n<p>Les droits d'auteur et autres droits relatifs aux \u0153uvres (textes, photographies, graphiques, dessins, marques de fabrique et marques) figurant sur ce site web appartiennent \u00e0 l'association touristique de Naoshima, aux d\u00e9tenteurs originaux des droits d'auteur et aux autres d\u00e9tenteurs de droits. Il est interdit d'utiliser (reproduire, d\u00e9tourner, modifier, distribuer, vendre, publier, etc.) ces \u0153uvres sans autorisation pr\u00e9alable, au-del\u00e0 de la port\u00e9e express\u00e9ment autoris\u00e9e par la loi.<\/p>\n<h3>Avis de non-responsabilit\u00e9.<\/h3>\n<p>L'Association touristique de Naoshima a publi\u00e9 les informations sur ce site avec le plus grand soin, mais ne garantit pas leur exactitude ou leur s\u00e9curit\u00e9. Elle n'accepte aucune responsabilit\u00e9 pour tout dommage r\u00e9sultant de l'utilisation de ce site web. Les informations contenues dans ce site peuvent \u00eatre modifi\u00e9es, supprim\u00e9es, ajout\u00e9es ou corrig\u00e9es sans pr\u00e9avis.<\/p>\n<h3>Liens vers ce site<\/h3>\n<p>Aucune autorisation sp\u00e9cifique pr\u00e9alable n'est requise pour cr\u00e9er un lien vers ce site web. Toutefois, nous vous demandons de respecter les clauses suivantes.<\/p>\n<ul>\n<li>L'adresse du lien est la page d'accueil (<a href=\"http:\/\/naoshima.net\/fr\/\">http:\/\/naoshima.net<\/a>(voir ci-dessous) est recommand\u00e9. Les liens vers d'autres adresses sont susceptibles d'\u00eatre modifi\u00e9s \u00e0 l'avenir et nous ne pouvons pas garantir la validit\u00e9 de ces liens.<\/li>\n<li>Les liens vers des sites web contenant des informations sur des activit\u00e9s ill\u00e9gales ou qui s'\u00e9cartent des normes socialement accept\u00e9es, ou vers des sites web dont le contenu peut porter atteinte \u00e0 l'ordre public et \u00e0 la morale, ne sont pas autoris\u00e9s.<\/li>\n<li>Les liens sous forme de pages de ce site web apparaissant dans des cadres comme faisant partie du contenu du site web \u00e0 partir duquel ils sont li\u00e9s ne sont pas autoris\u00e9s.<\/li>\n<li>L'association touristique de Naoshima n'est pas responsable du contenu des sites web li\u00e9s. L'association touristique de Naoshima ne garantit pas non plus le contenu de ces sites.<\/li>\n<\/ul>\n<h3>Banni\u00e8res pour les liens<\/h3>\n<p>Site officiel de l'association touristique de Naoshima, banni\u00e8re pour les liens. Veuillez utiliser cette banni\u00e8re si vous souhaitez introduire notre site web sur votre site.<\/p>\n<p><img loading=\"lazy\" decoding=\"async\" class=\"alignnone size-full wp-image-1717\" src=\"http:\/\/naoshima.net\/wp-content\/uploads\/2015\/09\/banner_naoshima_w120_H601.gif\" alt=\"banner_naoshima_w120_H60\" width=\"120\" height=\"60\" \/><\/p>\n<p><img loading=\"lazy\" decoding=\"async\" src=\"http:\/\/naoshima.net\/wp-content\/uploads\/2015\/09\/banner_naoshima_w234_H60.gif\" alt=\"\" width=\"234\" height=\"60\" \/><\/p>\n<p><img loading=\"lazy\" decoding=\"async\" class=\"alignnone size-full wp-image-1718\" src=\"http:\/\/naoshima.net\/wp-content\/uploads\/2015\/09\/banner_naoshima_w300_H1001.gif\" alt=\"banner_naoshima_w300_H100\" width=\"300\" height=\"100\" \/><\/p>\n<h3>Liens \u00e0 partir de ce site web<\/h3>\n<p>Les sites web li\u00e9s \u00e0 ce site sont g\u00e9r\u00e9s et exploit\u00e9s par leurs entit\u00e9s respectives et ne sont pas n\u00e9cessairement sous le contr\u00f4le de l'association touristique de Naoshima, ni en partenariat ou en coop\u00e9ration avec elle.<br \/> L'association touristique de Naoshima n'est pas responsable du contenu de ces sites, ni des probl\u00e8mes li\u00e9s \u00e0 la consultation des sites li\u00e9s ou \u00e0 la perte des sites eux-m\u00eames.<\/p>\n<h3>environnement recommand\u00e9<\/h3>\n<h4>Syst\u00e8me d'exploitation recommand\u00e9<\/h4>\n<ul>\n<li>Windows : Windows Vista\/7\/8<\/li>\n<li>Macintosh : Mac OSX 10.7 et sup\u00e9rieur.<\/li>\n<\/ul>\n<h4>Navigateur recommand\u00e9<\/h4>\n<ul>\n<li>Windows : Internet Explorer 10.0 ou sup\u00e9rieur, Firefox (derni\u00e8re version)<\/li>\n<li>Macintosh : Safari 6 ou sup\u00e9rieur, Firefox (derni\u00e8re version)<\/li>\n<\/ul>\n<h4>Plug-ins recommand\u00e9s<\/h4>\n<p>Certains contenus n\u00e9cessitent les plug-ins suivants<\/p>\n<ul>\n<ul><!--\n\n\n\n\n\n\n\n\n\n\n\n\n\n\n\n\n\n\n\n\n\n\n\n<li>Macromedia Flash Player<\/li>\n\n\n\n\n\n\n\n\n\n\n\n\n\n\n\n\n\n\n\n\n\n\n\n\n\n\n\n\n\n\n\n\n\n\n\n\n\n\n\n\n\n\n\n\n\n--><\/p>\n<li>Adobe Reader<br \/> <a href=\"https:\/\/get.adobe.com\/jp\/reader\/\" target=\"_blank\"><img loading=\"lazy\" decoding=\"async\" class=\"alignright\" src=\"http:\/\/naoshima.net\/wp-content\/uploads\/2015\/09\/get-adobereader-s.gif\" alt=\"AdobeR Reader\uff08\u7121\u6599\uff09\" width=\"110\" height=\"27\" \/><\/a>Pour visualiser les fichiers au format PDF, vous devez disposer d'AdobeR Reader (gratuit), disponible aupr\u00e8s d'Adobe Systems Incorporated. Si vous ne l'avez pas, cliquez sur le bouton \u00e0 gauche pour le t\u00e9l\u00e9charger.<\/li>\n<\/ul>\n<\/ul>\n<p><!--\n\n\n\n\n\n\n\n\n\n\n\n\n\n\n\n\n\n\n\n\n\n\n\n<li>Windows Media Player<\/li>\n\n\n\n\n\n\n\n\n\n\n\n\n\n\n\n\n\n\n\n\n\n\n\n\n\n\n\n\n\n\n\n\n\n\n\n\n\n\n\n\n\n\n\n\n\n--><\/p>\n<h4>Javascript et cookies<\/h4>\n<p>Le Javascript et les cookies sont utilis\u00e9s dans certaines parties de ce site web.<\/p>\n<p>Veuillez noter que si Javascript est d\u00e9sactiv\u00e9 dans les param\u00e8tres de votre navigateur, il se peut que vous ne puissiez pas consulter confortablement ce site web.<\/p>\n<p>Pour les cookies, une \u00e9tude des pages que vous avez consult\u00e9es sur ce site web,<br \/> Si l'utilisation des cookies est d\u00e9sactiv\u00e9e dans les param\u00e8tres du navigateur,<br \/> Veuillez noter que certaines restrictions peuvent s'appliquer \u00e0 l'utilisation de ce site web.<\/p>\n<h2>Pr\u00e9sentation de l'association touristique de la ville de Naoshima<\/h2>\n<div id=\"uminoeki\" class=\"uminoeki\">\n<h3>Station maritime \"Naoshima\".<\/h3>\n<div class=\"clear\">\n<p><img loading=\"lazy\" decoding=\"async\" class=\"alignright\" src=\"http:\/\/naoshima.net\/wp-content\/uploads\/2015\/09\/uminoeki.jpg\" alt=\"\" width=\"240\" height=\"172\" \/>Un b\u00e2timent transparent, l\u00e9ger, \u00e0 ossature en acier et en partie en b\u00e9ton arm\u00e9, construit en 2006 pour servir de terminal de ferry au port de Miyaura, la porte d'entr\u00e9e maritime de Naoshima. L'ouvrage a \u00e9t\u00e9 con\u00e7u par SANAA, qui a remport\u00e9 le prix Pritzker, le prix Nobel de l'architecture, en 2010. Compos\u00e9 de fines colonnes, de murs miroirs et de bo\u00eetes en verre, il s'agit d'une architecture qui ne s'affirme pas comme telle. Le b\u00e2timent est adapt\u00e9 \u00e0 un tel \"Naoshima\".<\/p>\n<p>Des chaises con\u00e7ues par SANAA sont \u00e9galement install\u00e9es dans l'espace vert adjacent.<\/p>\n<\/div>\n<h4 class=\"detail\">Pour plus d'informations.<\/h4>\n<table border=\"0\" cellspacing=\"0\" cellpadding=\"0\">\n<tbody>\n<tr>\n<th>Demande de renseignements.<\/th>\n<td>tel : 087-892-2299 fax : 087-892-2210 <br \/> E-mail :.<a href=\"mailto:info@naoshima.net\">info@naoshima.net<\/a><\/td>\n<\/tr>\n<tr>\n<th>acc\u00e8s<\/th>\n<td>\u00c0 quelques pas du port de Miyaura.<\/td>\n<\/tr>\n<tr>\n<th>carte guide<\/th>\n<td><a href=\"http:\/\/naoshima.net\/wp-content\/uploads\/2015\/09\/uminoeki.pdf\">Sea Station Naoshima Information map<\/a><\/td>\n<\/tr>\n<\/tbody>\n<\/table>\n<table class=\"shisetsu\" border=\"0\" cellspacing=\"0\" cellpadding=\"0\">\n<tbody>\n<tr>\n<th><img loading=\"lazy\" decoding=\"async\" src=\"http:\/\/naoshima.net\/wp-content\/uploads\/2015\/09\/icn_ship.gif\" alt=\"\" width=\"54\" height=\"54\" \/>Vente de billets (Shikoku Kisen)<\/th>\n<td>5:30-20:30.<\/td>\n<\/tr>\n<tr>\n<th><img loading=\"lazy\" decoding=\"async\" src=\"http:\/\/naoshima.net\/wp-content\/uploads\/2015\/09\/icn_guide.gif\" alt=\"\" width=\"54\" height=\"54\" \/>Centre d'information touristique (Association touristique de Naoshima)<\/th>\n<td>8:30-18:00.<\/td>\n<\/tr>\n<tr>\n<th><img loading=\"lazy\" decoding=\"async\" src=\"http:\/\/naoshima.net\/wp-content\/uploads\/2015\/09\/icn_miyage.gif\" alt=\"\" width=\"54\" height=\"54\" \/>Vente de souvenirs (Naoshima Rakuichi).<\/th>\n<td>9:00-18:00<\/td>\n<\/tr>\n<tr>\n<th><img loading=\"lazy\" decoding=\"async\" src=\"http:\/\/naoshima.net\/wp-content\/uploads\/2015\/09\/icn_cafe.gif\" alt=\"\" width=\"54\" height=\"54\" \/>Caf\u00e9 (Caf\u00e9 Ougiya)<\/th>\n<td>10:00-19:00.<\/td>\n<\/tr>\n<tr>\n<th><img loading=\"lazy\" decoding=\"async\" src=\"http:\/\/naoshima.net\/wp-content\/uploads\/2015\/09\/icn_locker.gif\" alt=\"\" width=\"54\" height=\"54\" \/>casier \u00e0 pi\u00e8ces<\/th>\n<td>\n<p>(Int\u00e9rieur) 5:30-20:30 (Petit\/\u00a3200)<br \/> (Ext\u00e9rieur) 24 heures (petit\/\u00a5200 moyen\/\u00a5300 grand\/\u00a5500)<\/p>\n<\/td>\n<\/tr>\n<\/tbody>\n<\/table>\n<h4 class=\"info\">Informations utiles.<\/h4>\n<ul>\n<li>Les autres installations comprennent un arr\u00eat de bus urbain, des toilettes publiques, des aires d'attente et un parking de ramassage et de d\u00e9p\u00f4t.<\/li>\n<li><del>Les billets pour le House Project (billet commun de 1 050 yens seulement) sont disponibles \u00e0 la vente de souvenirs (Naoshima Rakuichi).<\/del>(actuellement suspendu temporairement). (Le traitement est actuellement suspendu temporairement).<\/li>\n<li>Les donn\u00e9es sur la construction sont disponibles \u00e0 l'adresse suivante<a href=\"https:\/\/www.town.naoshima.lg.jp\/about_naoshima\/shisetsu\/index.html\" target=\"_blank\">de cette mani\u00e8re (direction proche de l'orateur ou vers l'orateur)<\/a>(site web de la ville de Naoshima).<\/li>\n<\/ul>\n<h4 class=\"atten\">attention (heed)<\/h4>\n<div class=\"attenBox\">\n<p>La d\u00e9nomination \"station maritime\" est utilis\u00e9e, mais elle diff\u00e8re de la d\u00e9finition de \"station maritime\" telle qu'elle est d\u00e9finie par l'Autorit\u00e9 des transports et le Conseil pour la promotion de l'\u00e9tablissement de \"stations maritimes\",<span class=\"attention\">Il ne s'agit pas d'une installation d'amarrage pour les bateaux de plaisance ou autres.<\/span>\u3002<br \/>Si vous souhaitez vous amarrer au port de Miyaura, veuillez en faire la demande \u00e0 l'association touristique de Naoshima (NPO) au moins trois jours avant la date d'amarrage souhait\u00e9e.<br \/>Pour plus d'informations.<a href=\"http:\/\/naoshima.net\/fr\/keiryu\/\" target=\"_blank\">de cette mani\u00e8re (direction proche de l'orateur ou vers l'orateur)<\/a>depuis (c'est-\u00e0-dire \"depuis quand ?\")<a href=\"http:\/\/naoshima.net\/wp-content\/uploads\/2021\/04\/6baaa6215fa44147230d5a09521323c2.doc\" target=\"_blank\">demande d'autorisation d'utilisation<\/a>Faire.<\/p>\n<\/div>\n<\/div>","protected":false},"excerpt":{"rendered":"<p>\u30b5\u30a4\u30c8\u306e\u3054\u5229\u7528\u306b\u3064\u3044\u3066 \u904b\u55b6\u4e3b\u4f53\u306b\u3064\u3044\u3066 \u672c\u30a6\u30a7\u30d6\u30b5\u30a4\u30c8\u306f\u3001\u76f4\u5cf6\u753a\u89b3\u5149\u5354\u4f1a\u306b\u3088\u3063\u3066\u5236\u4f5c\u30fb\u7ba1\u7406\u30fb\u904b\u55b6\u3055\u308c\u3066\u3044\u307e\u3059\u3002 \u8457\u4f5c\u6a29\u30fb\u5546\u6a19\u306b\u3064\u3044\u3066 \u672c\u30a6\u30a7\u30d6\u30b5\u30a4\u30c8\u306b\u63b2\u8f09\u3055\u308c\u3066\u3044\u308b\u8457\u4f5c\u7269\uff08\u6587\u7ae0\u3001\u5199\u771f\u3001\u56f3\u5f62\u3001\u30c7\u30b6\u30a4\u30f3\u3001\u5546\u6a19\u3001\u30de\u30fc\u30af\uff09\u306e\u8457 [&hellip;]<\/p>\n","protected":false},"author":1,"featured_media":0,"parent":0,"menu_order":0,"comment_status":"closed","ping_status":"closed","template":"","meta":{"_acf_changed":false,"footnotes":""},"class_list":["post-343","page","type-page","status-publish","hentry"],"acf":[],"publishpress_future_workflow_manual_trigger":{"enabledWorkflows":[]},"_links":{"self":[{"href":"https:\/\/naoshima.net\/fr\/wp-json\/wp\/v2\/pages\/343","targetHints":{"allow":["GET"]}}],"collection":[{"href":"https:\/\/naoshima.net\/fr\/wp-json\/wp\/v2\/pages"}],"about":[{"href":"https:\/\/naoshima.net\/fr\/wp-json\/wp\/v2\/types\/page"}],"author":[{"embeddable":true,"href":"https:\/\/naoshima.net\/fr\/wp-json\/wp\/v2\/users\/1"}],"replies":[{"embeddable":true,"href":"https:\/\/naoshima.net\/fr\/wp-json\/wp\/v2\/comments?post=343"}],"version-history":[{"count":0,"href":"https:\/\/naoshima.net\/fr\/wp-json\/wp\/v2\/pages\/343\/revisions"}],"wp:attachment":[{"href":"https:\/\/naoshima.net\/fr\/wp-json\/wp\/v2\/media?parent=343"}],"curies":[{"name":"wp","href":"https:\/\/api.w.org\/{rel}","templated":true}]}}