{"id":372,"date":"2015-11-06T19:42:20","date_gmt":"2015-11-06T10:42:20","guid":{"rendered":"http:\/\/naoshima.net\/?page_id=372"},"modified":"2026-02-15T15:52:42","modified_gmt":"2026-02-15T06:52:42","slug":"access_from","status":"publish","type":"page","link":"https:\/\/naoshima.net\/fr\/access\/access_from\/","title":{"rendered":"Acc\u00e8s \u00e0 l'\u00eele"},"content":{"rendered":"<h2>Acc\u00e8s \u00e0 l'\u00eele<\/h2>\n<ul class=\"accessArea clear\">\n<li id=\"aarea01\"><strong>Vue g\u00e9n\u00e9rale de Naoshima<\/strong><\/li>\n<li id=\"aarea02\"><strong>Espace mus\u00e9al<\/strong><\/li>\n<li id=\"aarea03\"><strong>R\u00e9gion de Miyanoura<\/strong><\/li>\n<li id=\"aarea04\"><strong>Zone principale du village<\/strong><\/li>\n<li id=\"aarea05\"><strong>R\u00e9gion de Sekiura\/Kotokoro.<\/strong><\/li>\n<\/ul>\n<div class=\"mapImage\"><img loading=\"lazy\" decoding=\"async\" class=\"aligncenter size-full wp-image-1591\" src=\"https:\/\/naoshima.net\/wp-content\/uploads\/2015\/11\/access_map_k1.gif\" alt=\"art_map\" width=\"883\" height=\"746\" \/><\/div>\n<div class=\"mapImage nodisplay\"><img loading=\"lazy\" decoding=\"async\" class=\"aligncenter size-full wp-image-1599\" src=\"http:\/\/www.naoshima.net\/wp-content\/uploads\/2015\/11\/access_map_museum11.gif\" alt=\"access_map_museum1\" width=\"883\" height=\"430\" \/><\/div>\n<div class=\"mapImage nodisplay\"><img loading=\"lazy\" decoding=\"async\" src=\"http:\/\/www.naoshima.net\/wp-content\/uploads\/2015\/11\/access_map_miyanoura2.gif\" alt=\"access_map_miyanoura\" width=\"883\" height=\"485\" \/><\/div>\n<div class=\"mapImage nodisplay\"><img loading=\"lazy\" decoding=\"async\" class=\"aligncenter size-full wp-image-1603\" src=\"https:\/\/naoshima.net\/wp-content\/uploads\/2015\/11\/area_map_honmura_jp1.gif\" alt=\"area_map_honmura_jp\" width=\"883\" height=\"458\" \/><\/div>\n<div class=\"mapImage nodisplay\"><img loading=\"lazy\" decoding=\"async\" src=\"http:\/\/www.naoshima.net\/wp-content\/uploads\/2015\/11\/access_map_tsumuura31.gif\" alt=\"access_map_tsumuura3\" width=\"883\" height=\"430\" \/><\/div>\n<div class=\"accessHow\">\n<div id=\"tyoei\" class=\"accessInfo1 clear\">\n<div class=\"method\">bus de ville<\/div>\n<div class=\"text\">\n<p><span style=\"color: #ff0000;\">Le ferry relie le port de Miyaura, point de d\u00e9part et d'arriv\u00e9e du ferry, \u00e0 Tsutsuji-so, en passant par la zone de Honmura o\u00f9 se trouve le projet de maison. La zone situ\u00e9e au-del\u00e0 de Tsutsuji-so est la zone du mus\u00e9e. Depuis Tsutsuji-so, vous pouvez marcher ou utiliser la navette Benesse Art Site Naoshima.<\/span><br \/>\nLes bus de la ville sont des bus communautaires qui servent \u00e0 la vie quotidienne des habitants de la ville et qui s'arr\u00eatent \u00e0 diff\u00e9rents endroits de Naoshima. Vous aurez peut-\u00eatre l'occasion de rencontrer d'autres habitants dans le bus. La capacit\u00e9 du bus urbain est de 28 passagers, il se peut donc que vous ne puissiez pas monter \u00e0 bord. Si vous ne pouvez pas monter dans le bus, vous devrez peut-\u00eatre attendre le bus suivant.<span style=\"color: #ff0000;\">Pour les groupes de 10 personnes ou plus, n'oubliez pas de contacter \u00e0 l'avance l'association touristique de Naoshima (087-892-2299).<\/span>Des bus suppl\u00e9mentaires peuvent \u00eatre mis en place en fonction de la situation. Veuillez noter que les samedis, dimanches et jours f\u00e9ri\u00e9s, le service de bus de l'apr\u00e8s-midi entre Tsutsuji-so et Noukyo-mae et le port de Miyaura est tr\u00e8s fr\u00e9quent\u00e9 et il se peut que vous ne puissiez pas le prendre. Nous ne sommes pas responsables de l'embarquement sur les ferries, etc.\u00a0<\/p>\n<p>Les tarifs sont de 100 \u00a5 par trajet pour les adultes (coll\u00e9giens et plus \u00e2g\u00e9s) et de 50 \u00a5 pour les enfants de 5 ans, les \u00e9l\u00e8ves de l'\u00e9cole primaire et les personnes handicap\u00e9es (avec un accompagnateur). Aucun billet n'est n\u00e9cessaire, il suffit d'ins\u00e9rer des pi\u00e8ces dans la bo\u00eete \u00e0 billets lorsque vous descendez (il n'y a pas de changeur de monnaie, veuillez donc pr\u00e9parer de la monnaie avant de monter \u00e0 bord).<\/p>\n<p><span style=\"color: #ff0000;\">Tous les efforts sont faits pour que les utilisateurs de fauteuils roulants puissent voyager confortablement dans les bus de la ville. Cependant, en fonction du nombre de passagers, de l'\u00e9quipement du v\u00e9hicule et des conditions d'exploitation, il peut ne pas \u00eatre possible d'accueillir les utilisateurs de fauteuils roulants, veuillez donc contacter l'association touristique de Naoshima (TEL : 087-892-2299) \u00e0 l'avance si vous pr\u00e9voyez d'utiliser les bus de la ville dans un fauteuil roulant. Veuillez contacter l'association touristique de Naoshima (t\u00e9l : 087-892-2299) \u00e0 l'avance.<\/span><\/p>\n<h1><a href=\"https:\/\/naoshima.net\/wp-content\/uploads\/2025\/03\/53574bafe4fd10bb87b9b6f9131569fb.pdf\" target=\"_blank\" rel=\"noopener\">Horaires des bus de la ville<\/a><\/h1>\n<p>Le bus de ville s'arr\u00eate \u00e0 Tsutsuji-so. La zone du mus\u00e9e situ\u00e9e au-del\u00e0 de Tsutsuji-so (Benesse Art Site Naoshima) se trouve \u00e9galement dans la zone du parc national de Setonaikai, et Benesse Art Site Naoshima encourage les visiteurs \u00e0 se promener et \u00e0 appr\u00e9cier le paysage et les \u0153uvres d'art en plein air. Les navettes \u00e0 l'int\u00e9rieur du site sont peu fr\u00e9quentes et, bien qu'elles soient renforc\u00e9es pendant les p\u00e9riodes d'affluence, tous les visiteurs ne pourront pas passer.<\/p>\n<\/div>\n<\/div>\n<div class=\"accessInfo2 clear\">\n<div class=\"method\">Benesse Art Site Naoshima Navette sur place<\/div>\n<div class=\"text\">\u00a0<\/div>\n<div id=\"shuttle\" class=\"accessInfo2 clear\">\n<div class=\"text\">\n<p><a href=\"https:\/\/benesse-artsite.jp\/stay\/FreeBus_timetable.pdf\" target=\"_blank\" rel=\"noopener\">Benesse Art Site Naoshima Horaires des navettes gratuites sur place<\/a><br \/>\n*Les jours o\u00f9 le mus\u00e9e d'art Chichu et le mus\u00e9e Lee Ufan sont ferm\u00e9s (g\u00e9n\u00e9ralement le lundi), le service de navette sur place n'est pas disponible. Veuillez marcher depuis Tsutsuji-so jusqu'aux installations artistiques, qui sont \u00e9galement ouvertes le lundi.<\/p>\n<p>fantassin (p\u00e9riode Edo)<\/p>\n<\/div>\n<\/div>\n<div class=\"accessInfo3 clear\">\n<div class=\"text\">\n<p>La carte routi\u00e8re de Naoshima vous permet de savoir combien de temps il faut pour faire le tour de l'\u00eele \u00e0 pied.<br \/>\n<a href=\"https:\/\/naoshima.net\/wp-content\/uploads\/2022\/02\/9efed985dbe275b92345809bdd53d650.pdf\" target=\"_blank\" rel=\"noopener\">Feuille de route de Naoshima<\/a><\/p>\n<\/div>\n<\/div>\n<div id=\"recb\" class=\"accessInfo4 clear\">\n<div class=\"method\">Location de v\u00e9los<br \/>\nlocation de moto<\/div>\n<div class=\"method\">\u25cf District de Miyanoura<\/div>\n<div class=\"text\">\n<p>\u21d2 De l'autre c\u00f4t\u00e9 de la route du bateau, T.V.C. Naoshima Rental Service Miyaura, Fuu-chan et Ougiya Rent-a-Cycle (de gauche \u00e0 droite) sont align\u00e9s.<\/p>\n<p>\u25cf District de Honmura<br \/>\n\u21d2 \"Cafe Garden\" pr\u00e8s du port de Naoshima (Honmura), \"T.V.C. SERVICE (T.V.C. Naoshima Rental Service Honmura)\" o\u00f9 le b\u00e2timent de la soci\u00e9t\u00e9 est visible depuis le port de Naoshima (Honmura) et \"Island Hut | BOOK CAFE &amp; TENT STAY\" pr\u00e8s du projet de maison \"Stone Bridge\".<\/p>\n<p><a href=\"http:\/\/www.naoshima.net\/wp-content\/uploads\/2020\/11\/rentamana-1.pdf\">*Veuillez lire cette section si vous louez un v\u00e9lo sur l'\u00eele.<\/a><\/p>\n<p>En plus de ces points de location, plusieurs maisons d'h\u00f4tes louent \u00e9galement des bicyclettes aux personnes qui y passent la nuit.<\/p>\n<p><a href=\"https:\/\/naoshima.net\/fr\/access\/rental\/\">Pour plus d'informations.<\/a><\/p>\n<\/div>\n<\/div>\n<div id=\"recar\" class=\"accessInfo5 clear\">\n<div class=\"method\">louer une voiture<\/div>\n<div class=\"text\">\n<p>\u25cf<a href=\"https:\/\/www.facebook.com\/naosimarentalcar\/\" target=\"_blank\" rel=\"noopener\">Location de voitures \u00e0 Naoshima.<\/a>(090-2862-7040, r\u00e9servation obligatoire) [Ouvert irr\u00e9guli\u00e8rement].<br \/>\n\u00a06 000 yens\/jour (essence comprise) 11 000 yens\/jour (le jour m\u00eame - le lendemain, essence comprise)<br \/>\nLes heures d'ouverture sont n\u00e9gociables. Il n'y a pas de magasin de location de voitures, mais vous pouvez faire une r\u00e9servation par t\u00e9l\u00e9phone et r\u00e9cup\u00e9rer votre voiture au port de Miyaura.<\/p>\n<p>\u25cf \"<a href=\"https:\/\/ougiya-naoshima.jp\/rental.html\">Location de bicyclettes Ougiya<\/a>090-3189-0471 [Ouvert 24\/7].<br \/>\n\u00a04 800 yens\/3 heures<br \/>\n\u00a06.400\/ 4 heures<br \/>\n\u00a07 800 euros par jour (9h00-18h00)<br \/>\n\u00a0*L'utilisation minimale est de 3 heures. Pendant la haute saison, l'utilisation minimale est un forfait d'une journ\u00e9e.<br \/>\n\u00a0*Comprend l'essence et l'assurance.<br \/>\n\u00a0*L'assurance du v\u00e9hicule (optionnelle) est en sus.<\/p>\n<p>Pour les deux points de vente susmentionn\u00e9s, nous vous recommandons de r\u00e9server \u00e0 l'avance, car nous n'avons que quelques unit\u00e9s en stock et il se peut que nous ne soyons pas en mesure de les louer si vous faites une demande le jour m\u00eame.<\/p>\n<p>Fu-chan Rent-a-Car (070-5056-1252) [En principe tous les lundis (si le lundi est un jour f\u00e9ri\u00e9, ferm\u00e9 le jour suivant)<\/p>\n<p>\u3000(Possibilit\u00e9 de r\u00e9server \u00e0 l'avance, uniquement par t\u00e9l\u00e9phone, pendant les heures de bureau).<\/p>\n<p>\u3000Tarif de base 6 000 yens (tarif fixe entre 8h00 et 18h00, ind\u00e9pendamment de la dur\u00e9e d'utilisation).<\/p>\n<p>(y compris l'essence, 8:00-18:00)<\/p>\n<p>&nbsp;<\/p>\n<\/div>\n<\/div>\n<div class=\"accessInfo6 clear\">\n<div class=\"method\">parking<\/div>\n<div class=\"text\">\n<p>\u25cf Parking du port de Miyaura (g\u00e9r\u00e9 par la chambre de commerce et d'industrie de la ville de Naoshima).<br \/>\nV\u00e9hicules standard : 200 yens\/jour ; bus touristiques et autres grands v\u00e9hicules : 1 000 yens\/jour.<\/p>\n<p>\u25cf Parking principal du village (gratuit).<br \/>\nParking situ\u00e9 au sud-est du temple Minamiji, o\u00f9 les grands bus peuvent \u00eatre gar\u00e9s (nombre limit\u00e9). (G\u00e9r\u00e9 par le d\u00e9partement de la construction et de l'\u00e9conomie de la ville de Naoshima).<\/p>\n<p>\u25cf Parking de la maison de plage 'Tsutsuji-so' (gratuit).<br \/>\nIl est possible de se garer pour prendre la navette Benesse sur place. Le stationnement est \u00e9galement possible pour les grands bus.<\/p>\n<p>Parking du parc de p\u00eache de Naoshima (gratuit).<br \/>\nR\u00e9serv\u00e9 aux usagers du parc de p\u00eache<\/p>\n<p>Il s'agit notamment de<\/p>\n<\/div>\n<\/div>\n<div id=\"taxi\" class=\"accessInfo7 clear\">\n<div class=\"method\">taxi<\/div>\n<div class=\"text\">\n<p>Nissin Taxi *Capacit\u00e9 jusqu'\u00e0 9 personnes.<\/p>\n<p>\u3000Pour les r\u00e9servations, contactez le centre de r\u00e9partition des taxis Nissin au 087-882-2424.<\/p>\n<p>Taxi Okawa *Capacit\u00e9 jusqu'\u00e0 9 personnes.<\/p>\n<p>\u3000Pour les r\u00e9servations, contactez le bureau d'Okawa Taxi Naoshima au 087-851-3356.<\/p>\n<\/div>\n<\/div>\n<\/div>\n<\/div>","protected":false},"excerpt":{"rendered":"<p>\u5cf6\u5185\u306e\u30a2\u30af\u30bb\u30b9 \u76f4\u5cf6\u5168\u4f53\u56f3 \u7f8e\u8853\u9928\u30a8\u30ea\u30a2 \u5bae\u30ce\u6d66\u30a8\u30ea\u30a2 \u672c\u6751\u30a8\u30ea\u30a2 \u7a4d\u6d66\u30fb\u7434\u5f3e\u5730\u30a8\u30ea\u30a2 \u753a\u55b6\u30d0\u30b9 \u30d5\u30a7\u30ea\u30fc\u306e\u767a\u7740\u6240\u3067\u3042\u308b\u5bae\u6d66\u6e2f\u304b\u3089\u3001\u5bb6\u30d7\u30ed\u30b8\u30a7\u30af\u30c8\u306e\u3042\u308b\u672c\u6751\u5730\u533a\u3092\u7d4c\u7531\u3057\u3001\u3064\u3064\u3058\u8358\u307e\u3067\u306e\u9593\u3092\u904b\u884c\u3057\u3066\u3044\u307e\u3059\u3002\u3064\u3064\u3058\u8358\u304b\u3089\u5148\u306f [&hellip;]<\/p>\n","protected":false},"author":1,"featured_media":0,"parent":370,"menu_order":0,"comment_status":"closed","ping_status":"closed","template":"","meta":{"_acf_changed":false,"footnotes":""},"class_list":["post-372","page","type-page","status-publish","hentry"],"acf":[],"publishpress_future_workflow_manual_trigger":{"enabledWorkflows":[]},"_links":{"self":[{"href":"https:\/\/naoshima.net\/fr\/wp-json\/wp\/v2\/pages\/372","targetHints":{"allow":["GET"]}}],"collection":[{"href":"https:\/\/naoshima.net\/fr\/wp-json\/wp\/v2\/pages"}],"about":[{"href":"https:\/\/naoshima.net\/fr\/wp-json\/wp\/v2\/types\/page"}],"author":[{"embeddable":true,"href":"https:\/\/naoshima.net\/fr\/wp-json\/wp\/v2\/users\/1"}],"replies":[{"embeddable":true,"href":"https:\/\/naoshima.net\/fr\/wp-json\/wp\/v2\/comments?post=372"}],"version-history":[{"count":6,"href":"https:\/\/naoshima.net\/fr\/wp-json\/wp\/v2\/pages\/372\/revisions"}],"predecessor-version":[{"id":7325,"href":"https:\/\/naoshima.net\/fr\/wp-json\/wp\/v2\/pages\/372\/revisions\/7325"}],"up":[{"embeddable":true,"href":"https:\/\/naoshima.net\/fr\/wp-json\/wp\/v2\/pages\/370"}],"wp:attachment":[{"href":"https:\/\/naoshima.net\/fr\/wp-json\/wp\/v2\/media?parent=372"}],"curies":[{"name":"wp","href":"https:\/\/api.w.org\/{rel}","templated":true}]}}