{"id":374,"date":"2015-11-06T19:42:53","date_gmt":"2015-11-06T10:42:53","guid":{"rendered":"http:\/\/naoshima.net\/?page_id=374"},"modified":"2026-04-07T11:50:14","modified_gmt":"2026-04-07T02:50:14","slug":"access_area","status":"publish","type":"page","link":"https:\/\/naoshima.net\/fr\/access\/access_area\/","title":{"rendered":"Acc\u00e8s \u00e0 chaque port, \u00e0 Naoshima et aux autres \u00eeles"},"content":{"rendered":"<h2>Acc\u00e8s \u00e0 chaque port, \u00e0 Naoshima et aux autres \u00eeles\u00a0<\/h2>\n<p class=\"accessFrom\" style=\"text-align: center;\"><img loading=\"lazy\" decoding=\"async\" src=\"http:\/\/naoshima.net\/wp-content\/uploads\/2015\/11\/access_from.gif\" alt=\"area\" usemap=\"#fromaccess\" width=\"681\" height=\"492\" \/><\/p>\n<div id=\"afrom01\" class=\"aFrom01 clear\">\n<div class=\"left\">\n<h2>Naoshima (Port Miyaura) \u21d4 Uno<\/h2>\n<ul>\n<li class=\"time\">20 minutes par ferry 15 minutes par petit bateau de passagers<\/li>\n<li class=\"pay\">370 euros pour un aller simple pour les ferries et les petits bateaux de passagers.<\/li>\n<li class=\"ryokaku\">...petits bateaux \u00e0 passagers (seules les personnes sont autoris\u00e9es \u00e0 bord).<\/li>\n<\/ul>\n<p>\u25ce ... les vols de nuit sont factur\u00e9s s\u00e9par\u00e9ment.<\/p>\n<\/div>\n<div class=\"right\">\n<table>\n<tbody>\n<tr>\n<td width=\"40\">\u00a0<\/td>\n<th>\u00a0De Naoshima<\/th>\n<th>\u00a0d\u00e9part de Uno (Japon)\u00a0<\/th>\n<\/tr>\n<tr>\n<td>&nbsp;<\/td>\n<td>6:00<\/td>\n<td>6:10<\/td>\n<\/tr>\n<tr>\n<td><img loading=\"lazy\" decoding=\"async\" src=\"http:\/\/naoshima.net\/wp-content\/uploads\/2015\/11\/access_from-04.png\" alt=\"\u5c0f\u578b\u65c5\u5ba2\u8239\" width=\"40\" height=\"30\" \/><\/td>\n<td>&nbsp;<\/td>\n<td>6:25 (hors service)<\/td>\n<\/tr>\n<tr>\n<td>&nbsp;<\/td>\n<td>6:40<\/td>\n<td>6:30<\/td>\n<\/tr>\n<tr>\n<td>&nbsp;<\/td>\n<td>7:50<\/td>\n<td>7:20<\/td>\n<\/tr>\n<tr>\n<td>&nbsp;<\/td>\n<td>8:52<\/td>\n<td>8:22<\/td>\n<\/tr>\n<tr>\n<td>&nbsp;<\/td>\n<td>9:52<\/td>\n<td>9:22<\/td>\n<\/tr>\n<tr>\n<td><img loading=\"lazy\" decoding=\"async\" src=\"http:\/\/naoshima.net\/wp-content\/uploads\/2015\/11\/access_from-04.png\" alt=\"\u5c0f\u578b\u65c5\u5ba2\u8239\" width=\"40\" height=\"30\" \/><\/td>\n<td>\u00a010:25 (hors service)<\/td>\n<td>10:00 (Hors service)<\/td>\n<\/tr>\n<tr>\n<td>&nbsp;<\/td>\n<td>11:10<\/td>\n<td>11:00<\/td>\n<\/tr>\n<tr>\n<td>\u00a0<img loading=\"lazy\" decoding=\"async\" src=\"http:\/\/naoshima.net\/wp-content\/uploads\/2015\/11\/access_from-04.png\" alt=\"\u5c0f\u578b\u65c5\u5ba2\u8239\" width=\"40\" height=\"30\" \/><\/td>\n<td>12:05 (Hors service)<\/td>\n<td>&nbsp;<\/td>\n<\/tr>\n<tr>\n<td>&nbsp;<\/td>\n<td>12:45<\/td>\n<td>12:15<\/td>\n<\/tr>\n<tr>\n<td class=\"bk\"><img loading=\"lazy\" decoding=\"async\" src=\"http:\/\/naoshima.net\/wp-content\/uploads\/2015\/11\/access_from-04.png\" alt=\"\u5c0f\u578b\u65c5\u5ba2\u8239\" width=\"40\" height=\"30\" \/><\/td>\n<td class=\"bk\">\u00a013:55<\/td>\n<td class=\"bk\">13:00 (pas en service)<\/td>\n<\/tr>\n<tr>\n<td><img loading=\"lazy\" decoding=\"async\" src=\"http:\/\/naoshima.net\/wp-content\/uploads\/2015\/11\/access_from-04.png\" alt=\"\u5c0f\u578b\u65c5\u5ba2\u8239\" width=\"40\" height=\"30\" \/><\/td>\n<td>\u00a014:15 (Hors service)<\/td>\n<td>13:30<\/td>\n<\/tr>\n<tr>\n<td>&nbsp;<\/td>\n<td>14:55<\/td>\n<td>14:25<\/td>\n<\/tr>\n<tr>\n<td>&nbsp;<\/td>\n<td>16:02<\/td>\n<td>15:30<\/td>\n<\/tr>\n<tr>\n<td><img loading=\"lazy\" decoding=\"async\" src=\"http:\/\/naoshima.net\/wp-content\/uploads\/2015\/11\/access_from-04.png\" alt=\"\u5c0f\u578b\u65c5\u5ba2\u8239\" width=\"40\" height=\"30\" \/><\/td>\n<td>&nbsp;<\/td>\n<td>16:05 (Hors service)<\/td>\n<\/tr>\n<tr>\n<td>&nbsp;<\/td>\n<td>16:35<\/td>\n<td>16:30<\/td>\n<\/tr>\n<tr>\n<td>&nbsp;<\/td>\n<td>17:35<\/td>\n<td>17:05<\/td>\n<\/tr>\n<tr>\n<td>&nbsp;<\/td>\n<td>19:02<\/td>\n<td>18:53<\/td>\n<\/tr>\n<tr>\n<td>&nbsp;<\/td>\n<td>20:25<\/td>\n<td>20:25<\/td>\n<\/tr>\n<tr>\n<td class=\"bk\"><img loading=\"lazy\" decoding=\"async\" src=\"http:\/\/naoshima.net\/wp-content\/uploads\/2015\/11\/access_from-04.png\" alt=\"\u5c0f\u578b\u65c5\u5ba2\u8239\" width=\"40\" height=\"30\" \/><\/td>\n<td class=\"bk\">21:15<\/td>\n<td class=\"bk\">22:30<\/td>\n<\/tr>\n<tr>\n<td class=\"bk\"><img loading=\"lazy\" decoding=\"async\" src=\"http:\/\/naoshima.net\/wp-content\/uploads\/2015\/11\/access_from-04.png\" alt=\"\u5c0f\u578b\u65c5\u5ba2\u8239\" width=\"40\" height=\"30\" \/><\/td>\n<td class=\"bk\">22:05 (Hors service)<\/td>\n<td class=\"bk\">\u00a0<\/td>\n<\/tr>\n<tr>\n<td class=\"bk\"><img loading=\"lazy\" decoding=\"async\" src=\"http:\/\/naoshima.net\/wp-content\/uploads\/2015\/11\/access_from-04.png\" alt=\"\u5c0f\u578b\u65c5\u5ba2\u8239\" width=\"40\" height=\"30\" \/><\/td>\n<td class=\"bk\">\u25ce0:15<\/td>\n<td class=\"bk\">\u25ce0:35<\/td>\n<\/tr>\n<\/tbody>\n<\/table>\n<\/div>\n<\/div>\n<div id=\"afrom02\" class=\"aFrom02 clear\">\n<div class=\"left\">\n<h2>Naoshima (Port Miyaura) \u21d4 Takamatsu<\/h2>\n<ul>\n<li class=\"time\">Takamatsu =&gt; Naoshima 50 mins.<br \/>\nNaoshima =&gt; Takamatsu 60 mins.<\/li>\n<li class=\"pay\">Ferry (aller simple) ... \u00a5680<br \/>\nBateau \u00e0 grande vitesse (aller simple) 1 590 \u00a5<\/li>\n<li class=\"ryokaku\">...Bateaux \u00e0 passagers \u00e0 grande vitesse (seules les personnes sont autoris\u00e9es \u00e0 bord).<\/li>\n<\/ul>\n<\/div>\n<div class=\"right\">\n<table>\n<tbody>\n<tr>\n<td width=\"40\">\u00a0<\/td>\n<th>De Naoshima<\/th>\n<th>Depuis Takamatsu<\/th>\n<\/tr>\n<tr>\n<td><img loading=\"lazy\" decoding=\"async\" src=\"http:\/\/naoshima.net\/wp-content\/uploads\/2015\/11\/access_from-06.png\" alt=\"\u9ad8\u901f\u65c5\u5ba2\u8239\uff08\u4eba\u306e\u307f\u4e57\u8239\u53ef\uff09\" width=\"40\" height=\"30\" \/><\/td>\n<td>6:45<\/td>\n<td>7:20<\/td>\n<\/tr>\n<tr>\n<td>&nbsp;<\/td>\n<td>7:00<\/td>\n<td>8:12<\/td>\n<\/tr>\n<tr>\n<td class=\"bk\"><img loading=\"lazy\" decoding=\"async\" src=\"http:\/\/naoshima.net\/wp-content\/uploads\/2015\/11\/access_from-06.png\" alt=\"\u9ad8\u901f\u65c5\u5ba2\u8239\uff08\u4eba\u306e\u307f\u4e57\u8239\u53ef\uff09\" width=\"40\" height=\"30\" \/><\/td>\n<td class=\"bk\">8:40<\/td>\n<td class=\"bk\">9:20<\/td>\n<\/tr>\n<tr>\n<td>&nbsp;<\/td>\n<td>9:07<\/td>\n<td>10:14<\/td>\n<\/tr>\n<tr>\n<td class=\"bk\"><img loading=\"lazy\" decoding=\"async\" src=\"http:\/\/naoshima.net\/wp-content\/uploads\/2015\/11\/access_from-06.png\" alt=\"\u9ad8\u901f\u65c5\u5ba2\u8239\uff08\u4eba\u306e\u307f\u4e57\u8239\u53ef\uff09\" width=\"40\" height=\"30\" \/><\/td>\n<td class=\"bk\">10:00 (Hors service)<\/td>\n<td class=\"bk\">11:30 (Hors service)<\/td>\n<\/tr>\n<tr>\n<td>&nbsp;<\/td>\n<td>11:30<\/td>\n<td>12:40<\/td>\n<\/tr>\n<tr>\n<td>&nbsp;<\/td>\n<td>14:20<\/td>\n<td>15:35<\/td>\n<\/tr>\n<tr>\n<td class=\"bk\"><img loading=\"lazy\" decoding=\"async\" src=\"http:\/\/naoshima.net\/wp-content\/uploads\/2015\/11\/access_from-06.png\" alt=\"\u9ad8\u901f\u65c5\u5ba2\u8239\uff08\u4eba\u306e\u307f\u4e57\u8239\u53ef\uff09\" width=\"40\" height=\"30\" \/><\/td>\n<td class=\"bk\">16:25 (Hors service)<\/td>\n<td class=\"bk\">17:05 (Hors service)<\/td>\n<\/tr>\n<tr>\n<td>&nbsp;<\/td>\n<td>17:00<\/td>\n<td>18:05<\/td>\n<\/tr>\n<tr>\n<td class=\"bk\"><img loading=\"lazy\" decoding=\"async\" src=\"http:\/\/naoshima.net\/wp-content\/uploads\/2015\/11\/access_from-06.png\" alt=\"\u9ad8\u901f\u65c5\u5ba2\u8239\uff08\u4eba\u306e\u307f\u4e57\u8239\u53ef\uff09\" width=\"40\" height=\"30\" \/><\/td>\n<td class=\"bk\">19:45<\/td>\n<td class=\"bk\">20:30<\/td>\n<\/tr>\n<\/tbody>\n<\/table>\n<\/div>\n<\/div>\n<div id=\"afrom03\" class=\"aFrom03 clear\">\n<div class=\"left\">\n<h2>Naoshima (Port Miyaura) \u21d4 Teshima\/Inujima<\/h2>\n<ul>\n<li class=\"time\">20 minutes.<\/li>\n<li class=\"pay\">Naoshima\u21d4Teshima (aller simple) ... \u00a5820<br \/>\n\u00a0Teshima\u21d4Inujima (aller simple) ... \u00a51,630<br \/>\nNaoshima\u21d4Inujima (aller simple) ... \u00a52,450<\/li>\n<li class=\"ryokaku\"><img loading=\"lazy\" decoding=\"async\" class=\"alignnone size-full wp-image-1317\" src=\"http:\/\/naoshima.net\/wp-content\/uploads\/2015\/11\/access_from-08.gif\" alt=\"access_from-08_en\" width=\"234\" height=\"29\" \/><\/li>\n<li class=\"ryokaku\">\n<p>Du 1er mars au 30 novembre de chaque ann\u00e9e Le bateau fonctionne les lundis, mercredis, jeudis, vendredis, samedis, dimanches et jours f\u00e9ri\u00e9s... .<br \/>\n1er d\u00e9cembre - fin f\u00e9vrier chaque ann\u00e9e Fonctionne les lundis, vendredis, samedis, dimanches et jours f\u00e9ri\u00e9s.<br \/>\nSi l'un des mus\u00e9es est ferm\u00e9, il n'y aura pas d'escale sur cette \u00eele.<br \/>\nLe mus\u00e9e d'art de Teshima et le mus\u00e9e d'art Inujima Seirensho sont ferm\u00e9s lorsque les deux sont ferm\u00e9s.<br \/>\nSi le jour de la semaine est modifi\u00e9, par exemple en raison d'un jour f\u00e9ri\u00e9, le mus\u00e9e fonctionnera selon le jour d'ouverture du mus\u00e9e.<\/p>\n<p>&nbsp;<\/p>\n<p>&nbsp;<\/p>\n<p><span lang=\"EN-US\"><span style=\"color: #000000; font-family: \u30e1\u30a4\u30ea\u30aa; font-size: small;\">\u00a0<\/span><\/span><\/p>\n<p><span lang=\"EN-US\"><span style=\"color: #000000; font-family: \u30e1\u30a4\u30ea\u30aa; font-size: small;\">\u00a0<\/span><\/span><\/p>\n<\/li>\n<\/ul>\n<\/div>\n<div class=\"right\">\u00a0<\/div>\n<div class=\"right\">\n<table style=\"margin-bottom: 10px;\">\n<tbody>\n<tr>\n<th>De Naoshima<\/th>\n<th>\u00e0 l'arriv\u00e9e \u00e0 Teshima<\/th>\n<th>D\u00e9part de Teshima<\/th>\n<th>Inujima (\u00eele)<\/th>\n<\/tr>\n<tr>\n<td>9:20<\/td>\n<td>9:42<\/td>\n<td>9:50<\/td>\n<td>10:15<\/td>\n<\/tr>\n<tr>\n<td>12:10<\/td>\n<td>12:32<\/td>\n<td>12:40<\/td>\n<td>13:05<\/td>\n<\/tr>\n<tr>\n<td>14:50<\/td>\n<td>15:12<\/td>\n<td>15:17<\/td>\n<td>15:42<\/td>\n<\/tr>\n<\/tbody>\n<\/table>\n<p>&lt;Th de Teshima<\/p>\n<table>\n<tbody>\n<tr>\n<th>D\u00e9part d'Inujima<\/th>\n<th>\u00e0 l'arriv\u00e9e \u00e0 Teshima<\/th>\n<th>D\u00e9part de Teshima<\/th>\n<th>Arriv\u00e9e \u00e0 Naoshima<\/th>\n<\/tr>\n<tr>\n<td>10:25<\/td>\n<td>10:50<\/td>\n<td>10:55<\/td>\n<td>11:17<\/td>\n<\/tr>\n<tr>\n<td>13:10<\/td>\n<td>13:35<\/td>\n<td>13:40<\/td>\n<td>14:02<\/td>\n<\/tr>\n<tr>\n<td>15:47<\/td>\n<td>16:12<\/td>\n<td>16:17<\/td>\n<td>16:39<\/td>\n<\/tr>\n<\/tbody>\n<\/table>\n<\/div>\n<\/div>\n<div id=\"afrom04\" class=\"aFrom04 clear\">\n<div class=\"left\">\n<h2>Port de Naoshima (Honmura) \u21d4 Uno<\/h2>\n<p>Le port de Naoshima (Honmura) est situ\u00e9 \u00e0 l'est de l'\u00eele.<\/p>\n<ul>\n<li class=\"time\">20 minutes.<\/li>\n<li class=\"pay\">Petit bateau pour passagers (aller simple) ... \u00a5370<\/li>\n<li class=\"ryokaku\"><img loading=\"lazy\" decoding=\"async\" class=\"alignnone size-full wp-image-1318\" src=\"http:\/\/naoshima.net\/wp-content\/uploads\/2015\/11\/access_from-10.gif\" alt=\"access_from-10_en\" width=\"229\" height=\"30\" \/><\/li>\n<\/ul>\n<\/div>\n<div class=\"right\">\n<table>\n<tbody>\n<tr>\n<th>De Naoshima<\/th>\n<th>d\u00e9part de Uno (Japon)<\/th>\n<\/tr>\n<tr>\n<td>6:45<\/td>\n<td>7:25<\/td>\n<\/tr>\n<tr>\n<td>7:55<\/td>\n<td>11:55<\/td>\n<\/tr>\n<tr>\n<td>13:00<\/td>\n<td>16:50<\/td>\n<\/tr>\n<tr>\n<td>17:20<\/td>\n<td>17:45<\/td>\n<\/tr>\n<tr>\n<td>18:10<\/td>\n<td>18:35<\/td>\n<\/tr>\n<\/tbody>\n<\/table>\n<\/div>\n<\/div>\n<div id=\"afrom05\" class=\"aFrom05 clear\">\n<h2>\u00a0\u2192Shodoshima, port de Tonosho.<\/h2>\n<p class=\"midashi\">Shodoshima via Uno Port<\/p>\n<ul>\n<li class=\"pay\">Naoshima, Miyaura Port =&gt; Uno Port... 370 yen + Uno Port =&gt; Shodoshima, Tonosho Port 1,260 yen \u2192.<span style=\"color: #ff0000;\">Total 1 630 \u00a5.<\/span><br \/>\nNaoshima, port Miyaura =&gt; port Uno... 370 yen + port Uno =&gt; Teshima, port Ieura 780 yen \u2192.<span style=\"color: #ff0000;\">Total 1 150 \u00a5.<\/span><\/li>\n<\/ul>\n<p>\u25ce = \u25ceL'embarquement n'est pas possible du port de Uno au port de Ieura sur Teshima en raison du transport de marchandises dangereuses le premier mardi de chaque mois. L'embarquement est possible du port de Ieura au port de Shodoshima\/Tosho via le port de Karato.<\/p>\n<p>&nbsp;<\/p>\n<table>\n<tbody>\n<tr>\n<td>&nbsp;<\/td>\n<td>De Naoshima<\/td>\n<td>Arriv\u00e9e de Uno<\/td>\n<td>les transferts (trains, bus, etc.)<\/td>\n<td>&nbsp;<\/td>\n<td>d\u00e9part de Uno (Japon)<\/td>\n<td>D\u00e9part du port de Ieura, Teshima<\/td>\n<td>D\u00e9part du port de Karato, Teshima<\/td>\n<td>Arriv\u00e9e \u00e0 Shodoshima, Port de Tonosho<\/td>\n<\/tr>\n<tr>\n<td>bac<\/td>\n<td>6:00<\/td>\n<td>6:20<\/td>\n<td>\u2192<\/td>\n<td>bac<\/td>\n<td>6:45<\/td>\n<td>7:25<\/td>\n<td>7:45<\/td>\n<td>8:14<\/td>\n<\/tr>\n<tr>\n<td>bac<\/td>\n<td>6:40<\/td>\n<td>7:00<\/td>\n<td>\u2192<\/td>\n<td>&nbsp;<\/td>\n<td>&nbsp;<\/td>\n<td>&nbsp;<\/td>\n<td>&nbsp;<\/td>\n<td>&nbsp;<\/td>\n<\/tr>\n<tr>\n<td>bac<\/td>\n<td>7:50<\/td>\n<td>8:10<\/td>\n<td>\u2192<\/td>\n<td>navire de passagers<\/td>\n<td>8:40<\/td>\n<td>9:05<\/td>\n<td>9:20<\/td>\n<td>9:40<\/td>\n<\/tr>\n<tr>\n<td>bac<\/td>\n<td>8:52<\/td>\n<td>9:12<\/td>\n<td>\u2192<\/td>\n<td>&nbsp;<\/td>\n<td>&nbsp;<\/td>\n<td>&nbsp;<\/td>\n<td>&nbsp;<\/td>\n<td>&nbsp;<\/td>\n<\/tr>\n<tr>\n<td>bac<\/td>\n<td>9:52<\/td>\n<td>10:12<\/td>\n<td>\u2192<\/td>\n<td>&nbsp;<\/td>\n<td>&nbsp;<\/td>\n<td>&nbsp;<\/td>\n<td>&nbsp;<\/td>\n<td>&nbsp;<\/td>\n<\/tr>\n<tr>\n<td>navire de passagers<\/td>\n<td>10:25 (hors service)<\/td>\n<td>10:40 (Hors service)<\/td>\n<td>\u2192<\/td>\n<td>bac<\/td>\n<td>\u25ce11:10<\/td>\n<td>11:50<\/td>\n<td>12:10<\/td>\n<td>12:39<\/td>\n<\/tr>\n<tr>\n<td>bac<\/td>\n<td>11:10<\/td>\n<td>11:30<\/td>\n<td>\u2192<\/td>\n<td>navire de passagers<\/td>\n<td>12:00<\/td>\n<td>12:25<\/td>\n<td>\u2013<\/td>\n<td>\u2013<\/td>\n<\/tr>\n<tr>\n<td>bac<\/td>\n<td>12:45<\/td>\n<td>13:05<\/td>\n<td>\u2192<\/td>\n<td>navire de passagers<\/td>\n<td>13:25<\/td>\n<td>13:50<\/td>\n<td>14:05<\/td>\n<td>14:25<\/td>\n<\/tr>\n<tr>\n<td>navire de passagers<\/td>\n<td>13:55<\/td>\n<td>14:10<\/td>\n<td>\u2192<\/td>\n<td>&nbsp;<\/td>\n<td>&nbsp;<\/td>\n<td>&nbsp;<\/td>\n<td>&nbsp;<\/td>\n<td>&nbsp;<\/td>\n<\/tr>\n<tr>\n<td>bac<\/td>\n<td>14:55<\/td>\n<td>15:15<\/td>\n<td>\u2192<\/td>\n<td>bac<\/td>\n<td>15:25<\/td>\n<td>16:05<\/td>\n<td>16:25<\/td>\n<td>16:54<\/td>\n<\/tr>\n<tr>\n<td>bac<\/td>\n<td>16:02<\/td>\n<td>16:22<\/td>\n<td>\u2192<\/td>\n<td>&nbsp;<\/td>\n<td>&nbsp;<\/td>\n<td>&nbsp;<\/td>\n<td>&nbsp;<\/td>\n<td>&nbsp;<\/td>\n<\/tr>\n<tr>\n<td>bac<\/td>\n<td>16:35<\/td>\n<td>16:55<\/td>\n<td>\u2192<\/td>\n<td>navire de passagers<\/td>\n<td>17:30<\/td>\n<td>17:55<\/td>\n<td>18:10<\/td>\n<td>18:30<\/td>\n<\/tr>\n<tr>\n<td>bac<\/td>\n<td>17:35<\/td>\n<td>17:55<\/td>\n<td>\u2192<\/td>\n<td>&nbsp;<\/td>\n<td>&nbsp;<\/td>\n<td>&nbsp;<\/td>\n<td>&nbsp;<\/td>\n<td>&nbsp;<\/td>\n<\/tr>\n<tr>\n<td>bac<\/td>\n<td>19:02<\/td>\n<td>19:22<\/td>\n<td>\u2192<\/td>\n<td>bac<\/td>\n<td>19:30<\/td>\n<td>20:10<\/td>\n<td>\u2013<\/td>\n<td>\u2013<\/td>\n<\/tr>\n<\/tbody>\n<\/table>\n<p class=\"midashi\">Shodoshima via le port de Takamatsu<\/p>\n<ul>\n<li class=\"pay\">Naoshima, port de Miyaura \u21d2 port de Takamatsu Ferry 680 yens, bateau \u00e0 passagers 1 590 yens<br \/>\nPort de Takamatsu \u21d2 Shodoshima, Port de Tonosho Ferry 700 yens, bateau passagers 1 400 yens<br \/>\n\u2192 Total \u00a51,380 - \u00a52,990<\/li>\n<\/ul>\n<p>\u25ce ... Le premier mardi de chaque mois, un service est r\u00e9serv\u00e9 aux v\u00e9hicules transportant des marchandises dangereuses, les passagers ordinaires ne sont donc pas autoris\u00e9s \u00e0 monter \u00e0 bord.<br \/>\n\u3000\u3000\u3000 Si la date est modifi\u00e9e, ce sera le jeudi suivant.<\/p>\n<table>\n<tbody>\n<tr>\n<td>&nbsp;<\/td>\n<td width=\"130\">D\u00e9part du port de Miyaura, Naoshima<\/td>\n<td width=\"130\">Arriv\u00e9e au port de Takamatsu<\/td>\n<td><span style=\"font-size: 8pt;\">les transferts (trains, bus, etc.)<\/span><\/td>\n<td>&nbsp;<\/td>\n<td width=\"130\">Depuis le port de Takamatsu<\/td>\n<td width=\"130\">Arriv\u00e9e au port de Tonosho<\/td>\n<\/tr>\n<tr>\n<td>bac<\/td>\n<td>7:00<\/td>\n<td>8:00<\/td>\n<td>\u2192<\/td>\n<td>bac<\/td>\n<td>8:02<\/td>\n<td>9:02<\/td>\n<\/tr>\n<tr>\n<td>&nbsp;<\/td>\n<td>&nbsp;<\/td>\n<td>&nbsp;<\/td>\n<td>\u2192<\/td>\n<td>navire de passagers<\/td>\n<td>8:20<\/td>\n<td>8:55<\/td>\n<\/tr>\n<tr>\n<td>&nbsp;<\/td>\n<td>&nbsp;<\/td>\n<td>&nbsp;<\/td>\n<td>\u2192<\/td>\n<td>bac<\/td>\n<td>9:00<\/td>\n<td>10:00<\/td>\n<\/tr>\n<tr>\n<td>&nbsp;<\/td>\n<td>&nbsp;<\/td>\n<td>&nbsp;<\/td>\n<td>\u2192<\/td>\n<td>navire de passagers<\/td>\n<td>9:10<\/td>\n<td>9:45<\/td>\n<\/tr>\n<tr>\n<td>\u00a0navire de passagers<\/td>\n<td>\u00a0\u25ce8:40\u00a0<\/td>\n<td>\u00a09:10<\/td>\n<td>\u2192<\/td>\n<td>bac<\/td>\n<td>10:00<\/td>\n<td>11:00<\/td>\n<\/tr>\n<tr>\n<td>&nbsp;<\/td>\n<td>&nbsp;<\/td>\n<td>&nbsp;<\/td>\n<td>\u2192<\/td>\n<td>navire de passagers<\/td>\n<td>10:00<\/td>\n<td>10:35<\/td>\n<\/tr>\n<tr>\n<td>bac<\/td>\n<td>9:07<\/td>\n<td>10:07<\/td>\n<td>\u2192<\/td>\n<td>navire de passagers<\/td>\n<td>10:40<\/td>\n<td>11:15<\/td>\n<\/tr>\n<tr>\n<td>&nbsp;<\/td>\n<td>&nbsp;<\/td>\n<td>&nbsp;<\/td>\n<td>\u2192<\/td>\n<td>bac<\/td>\n<td>10:40<\/td>\n<td>11:40<\/td>\n<\/tr>\n<tr>\n<td>navire de passagers<\/td>\n<td>10:00 (Hors service)<\/td>\n<td>10:30 (pas en service).<\/td>\n<td>\u2192<\/td>\n<td>navire de passagers<\/td>\n<td>11:20<\/td>\n<td>11:55<\/td>\n<\/tr>\n<tr>\n<td>&nbsp;<\/td>\n<td>&nbsp;<\/td>\n<td>&nbsp;<\/td>\n<td>\u2192<\/td>\n<td>bac<\/td>\n<td>11:35<\/td>\n<td>12:35<\/td>\n<\/tr>\n<tr>\n<td>bac<\/td>\n<td>11:30<\/td>\n<td>12:30<\/td>\n<td>\u2192<\/td>\n<td>bac<\/td>\n<td>12:45<\/td>\n<td>13:45<\/td>\n<\/tr>\n<tr>\n<td>&nbsp;<\/td>\n<td>&nbsp;<\/td>\n<td>&nbsp;<\/td>\n<td>\u2192<\/td>\n<td>navire de passagers<\/td>\n<td>13:00<\/td>\n<td>13:35<\/td>\n<\/tr>\n<tr>\n<td>&nbsp;<\/td>\n<td>&nbsp;<\/td>\n<td>&nbsp;<\/td>\n<td>\u2192<\/td>\n<td>navire de passagers<\/td>\n<td>13:40<\/td>\n<td>14:15<\/td>\n<\/tr>\n<tr>\n<td>&nbsp;<\/td>\n<td>&nbsp;<\/td>\n<td>&nbsp;<\/td>\n<td>\u2192<\/td>\n<td>bac<\/td>\n<td>13:40<\/td>\n<td>14:40<\/td>\n<\/tr>\n<tr>\n<td>&nbsp;<\/td>\n<td>&nbsp;<\/td>\n<td>&nbsp;<\/td>\n<td>\u2192<\/td>\n<td>navire de passagers<\/td>\n<td>14:20<\/td>\n<td>14:55<\/td>\n<\/tr>\n<tr>\n<td>&nbsp;<\/td>\n<td>&nbsp;<\/td>\n<td>&nbsp;<\/td>\n<td>\u2192<\/td>\n<td>navire de passagers<\/td>\n<td>15:10<\/td>\n<td>15:45<\/td>\n<\/tr>\n<tr>\n<td>&nbsp;<\/td>\n<td>&nbsp;<\/td>\n<td>&nbsp;<\/td>\n<td>\u2192<\/td>\n<td>bac<\/td>\n<td>15:10<\/td>\n<td>16:10<\/td>\n<\/tr>\n<tr>\n<td>bac<\/td>\n<td>14:20<\/td>\n<td>15:20<\/td>\n<td>\u2192<\/td>\n<td>navire de passagers<\/td>\n<td>15:50<\/td>\n<td>16:25<\/td>\n<\/tr>\n<tr>\n<td>&nbsp;<\/td>\n<td>&nbsp;<\/td>\n<td>&nbsp;<\/td>\n<td>\u2192<\/td>\n<td>bac<\/td>\n<td>16:10<\/td>\n<td>17:10<\/td>\n<\/tr>\n<tr>\n<td>&nbsp;<\/td>\n<td>&nbsp;<\/td>\n<td>&nbsp;<\/td>\n<td>\u2192<\/td>\n<td>navire de passagers<\/td>\n<td>16:30<\/td>\n<td>17:05<\/td>\n<\/tr>\n<tr>\n<td>navire de passagers<\/td>\n<td>\u25ce16:25 (hors service)<\/td>\n<td>16:55 (Hors service)<\/td>\n<td>\u2192<\/td>\n<td>navire de passagers<\/td>\n<td>17:10<\/td>\n<td>17:45<\/td>\n<\/tr>\n<tr>\n<td>&nbsp;<\/td>\n<td>&nbsp;<\/td>\n<td>&nbsp;<\/td>\n<td>\u2192<\/td>\n<td>bac<\/td>\n<td>17:20<\/td>\n<td>18:20<\/td>\n<\/tr>\n<tr>\n<td>&nbsp;<\/td>\n<td>&nbsp;<\/td>\n<td>&nbsp;<\/td>\n<td>\u2192<\/td>\n<td>navire de passagers<\/td>\n<td>17:50<\/td>\n<td>18:25<\/td>\n<\/tr>\n<tr>\n<td>&nbsp;<\/td>\n<td>&nbsp;<\/td>\n<td>&nbsp;<\/td>\n<td>\u2192<\/td>\n<td>bac<\/td>\n<td>17:50<\/td>\n<td>18:50<\/td>\n<\/tr>\n<tr>\n<td>bac<\/td>\n<td>17:00<\/td>\n<td>18:00<\/td>\n<td>\u2192<\/td>\n<td>navire de passagers<\/td>\n<td>18:30<\/td>\n<td>19:05<\/td>\n<\/tr>\n<tr>\n<td>&nbsp;<\/td>\n<td>&nbsp;<\/td>\n<td>&nbsp;<\/td>\n<td>\u2192<\/td>\n<td>bac<\/td>\n<td>18:50<\/td>\n<td>19:50<\/td>\n<\/tr>\n<tr>\n<td>navire de passagers<\/td>\n<td>19:45<\/td>\n<td>20:15<\/td>\n<td>\u2192<\/td>\n<td>bac<\/td>\n<td>20:20<\/td>\n<td>21:20<\/td>\n<\/tr>\n<\/tbody>\n<\/table>\n<\/div>\n<map id=\"fromaccess\" name=\"fromaccess\">\n<area alt=\"\" coords=\"425,206,426,199,430,194,435,190,442,189,449,190,454,194,458,199,459,206,458,213,454,218,449,222,442,223,435,222,430,218,426,213,425,206,425,206\" shape=\"poly\" href=\"#afrom05\" \/>\n<area alt=\"\" coords=\"269,219,270,212,274,207,279,203,286,202,293,203,298,207,302,212,303,219,302,226,298,231,293,235,286,236,279,235,274,231,270,226,269,219,269,219\" shape=\"poly\" href=\"#afrom04\" \/>\n<area alt=\"\" coords=\"293,193,294,186,298,181,303,177,310,176,317,177,322,181,326,186,327,193,326,200,322,205,317,209,310,210,303,209,298,205,294,200,293,193,293,193\" shape=\"poly\" href=\"#afrom03\" \/>\n<area alt=\"\" coords=\"220,320,221,313,225,308,230,304,237,303,244,304,249,308,253,313,254,320,253,327,249,332,244,336,237,337,230,336,225,332,221,327,220,320,220,320\" shape=\"poly\" href=\"#afrom02\" \/>\n<area alt=\"\" coords=\"199,230,200,223,204,218,209,214,216,213,223,214,228,218,232,223,233,230,232,237,228,242,223,246,216,247,209,246,204,242,200,237,199,230,199,230\" shape=\"poly\" href=\"#afrom01\" \/>\n <\/map>\n<\/p>\n<div id=\"extensionsWeblioEjBx\" style=\"position: absolute; z-index: 2147483647; left: 558px; top: 1655px;\">\u00a0<\/div>\n<div id=\"extensionsWeblioEjBx\" style=\"position: absolute; z-index: 2147483647; left: 21px; top: 3346px;\">\u00a0<\/div>","protected":false},"excerpt":{"rendered":"<p>\u5404\u6e2f\u3068\u76f4\u5cf6\u30fb\u4ed6\u5cf6\u306e\u30a2\u30af\u30bb\u30b9\u00a0 \u76f4\u5cf6(\u5bae\u6d66\u6e2f)\u21d4\u5b87\u91ce \u30d5\u30a7\u30ea\u30fc\u306720\u5206\u3000\u5c0f\u578b\u65c5\u5ba2\u823915\u5206 \u30d5\u30a7\u30ea\u30fc\u30fb\u5c0f\u578b\u65c5\u5ba2\u8239\u3068\u3082\u7247\u9053\u3000370\u5186 \u2026\u5c0f\u578b\u65c5\u5ba2\u8239(\u4eba\u306e\u307f\u4e57\u8239\u53ef) \u25ce&#8230;\u6df1\u591c\u4fbf\u306f\u3001\u5225\u6599\u91d1\u306b\u306a\u308a\u307e\u3059\u3002 \u00a0 \u00a0\u76f4\u5cf6\u767a \u00a0 [&hellip;]<\/p>\n","protected":false},"author":1,"featured_media":0,"parent":370,"menu_order":0,"comment_status":"closed","ping_status":"closed","template":"","meta":{"_acf_changed":false,"footnotes":""},"class_list":["post-374","page","type-page","status-publish","hentry"],"acf":[],"publishpress_future_workflow_manual_trigger":{"enabledWorkflows":[]},"_links":{"self":[{"href":"https:\/\/naoshima.net\/fr\/wp-json\/wp\/v2\/pages\/374","targetHints":{"allow":["GET"]}}],"collection":[{"href":"https:\/\/naoshima.net\/fr\/wp-json\/wp\/v2\/pages"}],"about":[{"href":"https:\/\/naoshima.net\/fr\/wp-json\/wp\/v2\/types\/page"}],"author":[{"embeddable":true,"href":"https:\/\/naoshima.net\/fr\/wp-json\/wp\/v2\/users\/1"}],"replies":[{"embeddable":true,"href":"https:\/\/naoshima.net\/fr\/wp-json\/wp\/v2\/comments?post=374"}],"version-history":[{"count":4,"href":"https:\/\/naoshima.net\/fr\/wp-json\/wp\/v2\/pages\/374\/revisions"}],"predecessor-version":[{"id":7379,"href":"https:\/\/naoshima.net\/fr\/wp-json\/wp\/v2\/pages\/374\/revisions\/7379"}],"up":[{"embeddable":true,"href":"https:\/\/naoshima.net\/fr\/wp-json\/wp\/v2\/pages\/370"}],"wp:attachment":[{"href":"https:\/\/naoshima.net\/fr\/wp-json\/wp\/v2\/media?parent=374"}],"curies":[{"name":"wp","href":"https:\/\/api.w.org\/{rel}","templated":true}]}}