{"id":379,"date":"2015-11-09T14:23:16","date_gmt":"2015-11-09T05:23:16","guid":{"rendered":"http:\/\/naoshima.net\/?page_id=379"},"modified":"2024-10-01T10:20:25","modified_gmt":"2024-10-01T01:20:25","slug":"sitemap","status":"publish","type":"page","link":"https:\/\/naoshima.net\/fr\/sitemap\/","title":{"rendered":"Plan du site"},"content":{"rendered":"<p class=\"sitemap1\"><a href=\"http:\/\/naoshima.net\/fr\/\">Site officiel de l'association touristique de Naoshima (Naoshima Tourism Travel Site) Accueil<\/a><\/p>\n<div class=\"sitemapDl\">\n<dl class=\"sitemap2 clear\">\n<dt><a href=\"http:\/\/naoshima.net\/fr\/guidemap\/\">T\u00e9l\u00e9charger le plan-guide<\/a><\/dt>\n<dd>Des fichiers PDF sont disponibles, y compris la carte de la r\u00e9gion de l'\u00eele.<\/dd>\n<\/dl>\n<dl class=\"sitemap3 clear\">\n<dt><a href=\"http:\/\/naoshima.net\/fr\/access\/\">acc\u00e8s<\/a><\/dt>\n<dd><a href=\"http:\/\/naoshima.net\/fr\/access\/\">Acc\u00e8s au port de Uno et au port de Takamatsu depuis plusieurs villes<\/a><br \/><a href=\"http:\/\/naoshima.net\/fr\/access\/access_area\/\">Acc\u00e8s aux ports et aux autres \u00eeles<\/a><br \/><a href=\"http:\/\/naoshima.net\/fr\/access\/access_from\/\">Acc\u00e8s \u00e0 l'int\u00e9rieur des \u00eeles<\/a><\/dd>\n<\/dl>\n<dl class=\"sitemap4 clear\">\n<dt><a href=\"http:\/\/naoshima.net\/fr\/wn\/\">Nouveaux arrivages et \u00e9v\u00e9nements<\/a><\/dt>\n<dd>Informations saisonni\u00e8res sur l'\u00eele de Naoshima !<\/dd>\n<\/dl>\n<dl class=\"sitemap5 clear\">\n<dt><a href=\"http:\/\/naoshima.net\/fr\/blog\/\">Blog du personnel<\/a><\/dt>\n<dd>Notre personnel, qui conna\u00eet Naoshima sur le bout des doigts, vous fera d\u00e9couvrir de nombreuses recommandations et attractions artistiques !<\/dd>\n<\/dl>\n<dl class=\"sitemap6 clear\">\n<dt><a href=\"http:\/\/naoshima.net\/fr\/art\/\">Appr\u00e9ciation de l'art<\/a><\/dt>\n<dd>Installations artistiques attrayantes par r\u00e9gion.<\/dd>\n<\/dl>\n<dl class=\"sitemap7 clear\">\n<dt><a href=\"http:\/\/naoshima.net\/fr\/foods\/\">manger<\/a><\/dt>\n<dd>Vous pouvez rechercher des \u00e9tablissements de restauration !<\/dd>\n<\/dl>\n<dl class=\"sitemap8 clear\">\n<dt><a href=\"http:\/\/naoshima.net\/fr\/stay\/\">\u00eatre amarr\u00e9<\/a><\/dt>\n<dd>Vous pouvez rechercher un logement !<\/dd>\n<\/dl>\n<dl class=\"sitemap9 clear\">\n<dt><a href=\"http:\/\/naoshima.net\/fr\/experience\/\">Exp\u00e9rience.<\/a><\/dt>\n<dd><a href=\"http:\/\/naoshima.net\/fr\/experience\/experience_tsurikouen\/\">Parc de p\u00eache de Naoshima<\/a><br \/><a href=\"http:\/\/naoshima.net\/fr\/experience\/mitsubishi\/\">Visite de la fonderie et de la raffinerie de Naoshima de Mitsubishi Materials.<\/a><br \/><a href=\"http:\/\/naoshima.net\/fr\/experience\/experience_beach\/\">Plage de Gotanji<\/a><\/dd>\n<\/dl>\n<dl class=\"sitemap10 clear\">\n<dt><a href=\"http:\/\/naoshima.net\/fr\/shop\/\">acheter<\/a><\/dt>\n<dd>Vous pouvez rechercher des centres commerciaux !<br \/> <a href=\"http:\/\/naoshima.net\/fr\/omiyage\/\">Souvenirs et sp\u00e9cialit\u00e9s<\/a><br \/> <a href=\"http:\/\/naoshima.net\/fr\/omiyage\/tokusan\/\">SOLASHIO.<\/a><\/dd>\n<\/dl>\n<dl class=\"sitemap11 clear\">\n<dt><a href=\"http:\/\/naoshima.net\/fr\/planning\/\">Plan.<\/a><\/dt>\n<dd><a href=\"http:\/\/naoshima.net\/fr\/planning\/kansyo\/\">Programme d'appr\u00e9ciation<\/a><br \/> <a href=\"http:\/\/naoshima.net\/wp-content\/uploads\/2024\/10\/232bbec93058b9e00430ce90a3ae82061.pdf\" target=\"_blank\">Pour les personnes arrivant en groupe.<\/a><\/dd>\n<\/dl>\n<dl class=\"sitemap13 clear\">\n<dt><a href=\"http:\/\/naoshima.net\/fr\/termsofuse\/\">A propos de l'utilisation du site<\/a><\/dt>\n<dd>\u00a0<\/dd>\n<\/dl>\n<\/div>","protected":false},"excerpt":{"rendered":"<p>\u76f4\u5cf6\u753a\u89b3\u5149\u5354\u4f1a\u516c\u5f0f\u300c\u76f4\u5cf6\uff08\u306a\u304a\u3057\u307e\uff09\u89b3\u5149\u65c5\u30b5\u30a4\u30c8\u300d\u3000\u30db\u30fc\u30e0 \u30ac\u30a4\u30c9\u30de\u30c3\u30d7\u30c0\u30a6\u30f3\u30ed\u30fc\u30c9 \u306a\u304a\u3057\u307e\u30a8\u30ea\u30a2MAP\u306a\u3069\u3001PDF\u30d5\u30a1\u30a4\u30eb\u3092\u3054\u7528\u610f\u3057\u3066\u304a\u308a\u307e\u3059 \u30a2\u30af\u30bb\u30b9 \u30fb\u5404\u90fd\u5e02\u304b\u3089\u5b87\u91ce\u6e2f\u30fb\u9ad8\u677e\u6e2f\u3078\u306e\u30a2\u30af\u30bb\u30b9\u30fb\u5404\u6e2f\u30fb\u4ed6\u5cf6\u3078\u306e\u30a2\u30af\u30bb\u30b9 [&hellip;]<\/p>\n","protected":false},"author":1,"featured_media":0,"parent":0,"menu_order":0,"comment_status":"closed","ping_status":"closed","template":"","meta":{"_acf_changed":false,"footnotes":""},"class_list":["post-379","page","type-page","status-publish","hentry"],"acf":[],"publishpress_future_workflow_manual_trigger":{"enabledWorkflows":[]},"_links":{"self":[{"href":"https:\/\/naoshima.net\/fr\/wp-json\/wp\/v2\/pages\/379","targetHints":{"allow":["GET"]}}],"collection":[{"href":"https:\/\/naoshima.net\/fr\/wp-json\/wp\/v2\/pages"}],"about":[{"href":"https:\/\/naoshima.net\/fr\/wp-json\/wp\/v2\/types\/page"}],"author":[{"embeddable":true,"href":"https:\/\/naoshima.net\/fr\/wp-json\/wp\/v2\/users\/1"}],"replies":[{"embeddable":true,"href":"https:\/\/naoshima.net\/fr\/wp-json\/wp\/v2\/comments?post=379"}],"version-history":[{"count":0,"href":"https:\/\/naoshima.net\/fr\/wp-json\/wp\/v2\/pages\/379\/revisions"}],"wp:attachment":[{"href":"https:\/\/naoshima.net\/fr\/wp-json\/wp\/v2\/media?parent=379"}],"curies":[{"name":"wp","href":"https:\/\/api.w.org\/{rel}","templated":true}]}}