{"id":391,"date":"2015-11-09T15:33:36","date_gmt":"2015-11-09T06:33:36","guid":{"rendered":"http:\/\/naoshima.net\/?page_id=391"},"modified":"2026-04-22T22:07:57","modified_gmt":"2026-04-22T13:07:57","slug":"guidemap_old","status":"publish","type":"page","link":"https:\/\/naoshima.net\/fr\/guidemap_old\/","title":{"rendered":"Carte guide"},"content":{"rendered":"<div class=\"guidemapBox\">\n<div class=\"guidemapArea\">\n<p><img loading=\"lazy\" decoding=\"async\" class=\"alignnone wp-image-6151\" src=\"http:\/\/naoshima.net\/wp-content\/uploads\/2025\/04\/3d6b270dd77797fa7e69034e768d861a1.jpg\" alt=\"\" width=\"500\" height=\"39\" srcset=\"https:\/\/naoshima.net\/wp-content\/uploads\/2025\/04\/3d6b270dd77797fa7e69034e768d861a1.jpg 836w, https:\/\/naoshima.net\/wp-content\/uploads\/2025\/04\/3d6b270dd77797fa7e69034e768d861a1-300x23.jpg 300w, https:\/\/naoshima.net\/wp-content\/uploads\/2025\/04\/3d6b270dd77797fa7e69034e768d861a1-800x62.jpg 800w\" sizes=\"auto, (max-width: 500px) 100vw, 500px\" \/><\/p>\n<p>\u00a0<img loading=\"lazy\" decoding=\"async\" class=\"alignnone wp-image-6073 size-medium\" src=\"http:\/\/naoshima.net\/wp-content\/uploads\/2025\/04\/247ad85875714f93997a55782c9bfd111.jpg\" alt=\"\" width=\"212\" height=\"300\" \/><\/p>\n<p style=\"text-align: right;\"><a href=\"https:\/\/saas.actibookone.com\/content\/detail?param=eyJjb250ZW50TnVtIjo2OTc5MjR9&amp;detailFlg=1&amp;pNo=1\"><img loading=\"lazy\" decoding=\"async\" class=\"alignleft wp-image-6092 size-medium\" src=\"http:\/\/naoshima.net\/wp-content\/uploads\/2025\/04\/33329abbf196c3ea526da68241e07eb1-300x65.jpg\" alt=\"\" width=\"300\" height=\"65\" srcset=\"https:\/\/naoshima.net\/wp-content\/uploads\/2025\/04\/33329abbf196c3ea526da68241e07eb1-300x65.jpg 300w, https:\/\/naoshima.net\/wp-content\/uploads\/2025\/04\/33329abbf196c3ea526da68241e07eb1.jpg 321w\" sizes=\"auto, (max-width: 300px) 100vw, 300px\" \/><\/a><\/p>\n<div style=\"display: block; clear: both;\">\u00a0<\/div>\n<p>&nbsp;<\/p>\n<p><img loading=\"lazy\" decoding=\"async\" class=\"alignnone wp-image-1203\" src=\"http:\/\/naoshima.net\/wp-content\/uploads\/2015\/11\/guidemap-081.gif\" alt=\"guidemap-08\" width=\"307\" height=\"65\" \/><\/p>\n<p><img loading=\"lazy\" decoding=\"async\" class=\"alignnone wp-image-6067 size-medium\" src=\"http:\/\/naoshima.net\/wp-content\/uploads\/2025\/04\/f13a06e822b832adfc3a08e52fea69f9-211x300.png\" alt=\"\" width=\"211\" height=\"300\" srcset=\"https:\/\/naoshima.net\/wp-content\/uploads\/2025\/04\/f13a06e822b832adfc3a08e52fea69f9-211x300.png 211w, https:\/\/naoshima.net\/wp-content\/uploads\/2025\/04\/f13a06e822b832adfc3a08e52fea69f9-563x800.png 563w, https:\/\/naoshima.net\/wp-content\/uploads\/2025\/04\/f13a06e822b832adfc3a08e52fea69f9.png 874w\" sizes=\"auto, (max-width: 211px) 100vw, 211px\" \/><\/p>\n<p style=\"text-align: right;\"><a href=\"https:\/\/saas.actibookone.com\/content\/detail?param=eyJjb250ZW50TnVtIjo1NzQ1MTZ9&amp;detailFlg=1&amp;pNo=1\"><img loading=\"lazy\" decoding=\"async\" class=\"alignleft wp-image-6092 size-medium\" src=\"http:\/\/naoshima.net\/wp-content\/uploads\/2025\/04\/33329abbf196c3ea526da68241e07eb1-300x65.jpg\" alt=\"\" width=\"300\" height=\"65\" srcset=\"https:\/\/naoshima.net\/wp-content\/uploads\/2025\/04\/33329abbf196c3ea526da68241e07eb1-300x65.jpg 300w, https:\/\/naoshima.net\/wp-content\/uploads\/2025\/04\/33329abbf196c3ea526da68241e07eb1.jpg 321w\" sizes=\"auto, (max-width: 300px) 100vw, 300px\" \/><\/a><\/p>\n<div style=\"display: block; clear: both;\"><img decoding=\"async\" src=\"http:\/\/naoshima.net\/wp-content\/themes\/official\/common\/image\/1x1.gif\" alt=\"\" \/>\u00a0\u00a0<\/div>\n<div class=\"guidemapBox\">\n<div class=\"guidemapArea\">\n<dl class=\"guidemapJikoku clear\">\n<dt><img decoding=\"async\" class=\"alignnone size-full wp-image-1208\" src=\"http:\/\/naoshima.net\/wp-content\/uploads\/2015\/11\/roadmap.gif\" alt=\"road map\" \/><br \/>\n\u00a0Carte routi\u00e8re de Naoshima<\/dt>\n<dd><a href=\"http:\/\/naoshima.net\/wp-content\/uploads\/2015\/11\/86d3061295654c0eb31b5bd391c3d888.pdf\"><img loading=\"lazy\" decoding=\"async\" class=\"alignnone wp-image-1095 size-full\" src=\"http:\/\/naoshima.net\/wp-content\/uploads\/2015\/11\/guidemap-06.gif\" alt=\"guidemap-06\" width=\"163\" height=\"42\" \/><\/a><\/dd>\n<\/dl>\n<\/div>\n<\/div>\n<div class=\"guidemapBox\">\n<div class=\"guidemapArea\">\n<dl class=\"guidemapJikoku\">\n<dt><img loading=\"lazy\" decoding=\"async\" class=\"alignnone size-full wp-image-1206\" src=\"http:\/\/naoshima.net\/wp-content\/uploads\/2015\/11\/townbus.gif\" alt=\"townbus\" width=\"244\" height=\"20\" \/><br \/>\n\u00a0Entr\u00e9e en vigueur le 1er avril 2025.<\/dt>\n<dd><a href=\"http:\/\/naoshima.net\/wp-content\/uploads\/2025\/04\/8dd91a2fa4ab96192c4a3b95966c748b.pdf\"><img loading=\"lazy\" decoding=\"async\" class=\"alignnone wp-image-1095 size-full\" src=\"http:\/\/naoshima.net\/wp-content\/uploads\/2015\/11\/guidemap-06.gif\" alt=\"townbus_timetable\" width=\"163\" height=\"42\" \/><\/a><\/dd>\n<\/dl>\n<\/div>\n<\/div>\n<h3>Transport de la zone du mus\u00e9e<\/h3>\n<div class=\"guidemapBox\">\n<div class=\"guidemapArea\">\n<dl class=\"guidemapJikoku clear\">\n<dt><img loading=\"lazy\" decoding=\"async\" class=\"alignnone size-full wp-image-1209\" src=\"http:\/\/naoshima.net\/wp-content\/uploads\/2015\/11\/bus1.gif\" alt=\"bus1\" width=\"453\" height=\"20\" \/><\/dt>\n<dd><a href=\"https:\/\/benesse-artsite.jp\/en\/stay\/FreeBus_timetable_en.pdf\" target=\"_blank\" rel=\"noopener\"><img loading=\"lazy\" decoding=\"async\" class=\"alignnone wp-image-1095 size-full\" src=\"http:\/\/naoshima.net\/wp-content\/uploads\/2015\/11\/guidemap-06.gif\" alt=\"guidemap-06\" width=\"163\" height=\"42\" \/><\/a><br \/>\n(1 page PDF File:228KB)<\/dd>\n<\/dl>\n<p>Cette navette gratuite circule entre Tsutsuji-so et le Chichu Art Museum, avec un bref arr\u00eat au Benesse House Museum et au Lee Ufan Museum. Circule toutes les 30 minutes (toutes les 15 minutes les jours o\u00f9 un grand nombre de visiteurs est attendu).<\/p>\n<p>\u00a0Changements d'horaires en mars-septembre et en octobre-f\u00e9vrier.<br \/>\nLa navette gratuite ne fonctionne pas les jours de fermeture du mus\u00e9e d'art Chichu et du mus\u00e9e Lee Ufan.<\/p>\n<\/div>\n<\/div>\n<div class=\"guidemapBox\">\n<div class=\"guidemapArea\">\n<dl class=\"guidemapJikoku clear\">\n<dt><img loading=\"lazy\" decoding=\"async\" class=\"alignnone size-full wp-image-1210\" src=\"http:\/\/naoshima.net\/wp-content\/uploads\/2015\/11\/bus2.gif\" alt=\"bus2\" width=\"619\" height=\"22\" \/><br \/>\nUn bus de courtoisie r\u00e9serv\u00e9 aux h\u00f4tes de Benesse House est \u00e9galement disponible.<br \/>\n<span style=\"color: #ffffff;\">Fichier PDF du site externe<\/span><\/dt>\n<dd><a href=\"https:\/\/benesse-artsite.jp\/en\/stay\/HotelBus_timetable_en.pdf\" target=\"_blank\" rel=\"noopener\"><img loading=\"lazy\" decoding=\"async\" class=\"alignnone wp-image-1095 size-full\" src=\"http:\/\/naoshima.net\/wp-content\/uploads\/2015\/11\/guidemap-06.gif\" alt=\"guidemap-06\" width=\"163\" height=\"42\" \/><\/a><\/dd>\n<\/dl>\n<\/div>\n<\/div>\n<div id=\"extensionsWeblioEjBx\">\u00a0<\/div>\n<p>\u201c&gt;\u00a0<\/p>\n<\/div>\n<\/div>","protected":false},"excerpt":{"rendered":"<p>\u00a0 \u00a0 &nbsp; \u00a0\u00a0 \u00a0Naoshima road map \u00a0\u203bEffective April. 1st,2025 Transportation of Museum Area (1page PDF File:228 [&hellip;]<\/p>\n","protected":false},"author":1,"featured_media":0,"parent":0,"menu_order":0,"comment_status":"closed","ping_status":"closed","template":"","meta":{"_acf_changed":false,"footnotes":""},"class_list":["post-391","page","type-page","status-publish","hentry"],"acf":[],"publishpress_future_workflow_manual_trigger":{"enabledWorkflows":[]},"_links":{"self":[{"href":"https:\/\/naoshima.net\/fr\/wp-json\/wp\/v2\/pages\/391","targetHints":{"allow":["GET"]}}],"collection":[{"href":"https:\/\/naoshima.net\/fr\/wp-json\/wp\/v2\/pages"}],"about":[{"href":"https:\/\/naoshima.net\/fr\/wp-json\/wp\/v2\/types\/page"}],"author":[{"embeddable":true,"href":"https:\/\/naoshima.net\/fr\/wp-json\/wp\/v2\/users\/1"}],"replies":[{"embeddable":true,"href":"https:\/\/naoshima.net\/fr\/wp-json\/wp\/v2\/comments?post=391"}],"version-history":[{"count":3,"href":"https:\/\/naoshima.net\/fr\/wp-json\/wp\/v2\/pages\/391\/revisions"}],"predecessor-version":[{"id":7321,"href":"https:\/\/naoshima.net\/fr\/wp-json\/wp\/v2\/pages\/391\/revisions\/7321"}],"wp:attachment":[{"href":"https:\/\/naoshima.net\/fr\/wp-json\/wp\/v2\/media?parent=391"}],"curies":[{"name":"wp","href":"https:\/\/api.w.org\/{rel}","templated":true}]}}