{"id":400,"date":"2015-11-11T15:31:55","date_gmt":"2015-11-11T06:31:55","guid":{"rendered":"http:\/\/naoshima.net\/?page_id=400"},"modified":"2025-12-28T09:11:06","modified_gmt":"2025-12-28T00:11:06","slug":"kansyo","status":"publish","type":"page","link":"https:\/\/naoshima.net\/fr\/planning\/kansyo\/","title":{"rendered":"Programme d'appr\u00e9ciation"},"content":{"rendered":"<div class=\"keikaku\">\n<h2>Programme d'appr\u00e9ciation<\/h2>\n<\/div>\n<div class=\"kansyoPg\">\n<p>Voici quelques visites pour vous aider \u00e0 l'appr\u00e9cier.<\/p>\n<h3>Guide touristique<\/h3>\n<table>\n<tbody>\n<tr>\n<th>Contenu<\/th>\n<td>Ce guide est r\u00e9alis\u00e9 par des \u00e9tudiants du projet de revitalisation de la communaut\u00e9 de Naoshima de l'universit\u00e9 de Kagawa. Le guide vous emm\u00e8nera dans le quartier de Honmura, y compris le projet de maison, tout en pr\u00e9sentant l'histoire et la culture de Naoshima. Le guide de 60 minutes vous emm\u00e8nera dans environ trois projets de maison, en les m\u00ealant \u00e0 l'histoire et \u00e0 la culture de Naoshima. Cependant, les guides \u00e9tant des \u00e9tudiants, ils ne peuvent pas fournir de commentaires sp\u00e9cialis\u00e9s ou acad\u00e9miques sur les \u0153uvres d'art ou l'architecture. Si vous souhaitez un commentaire sur l'art, rejoignez le prochain Benesse House 'House Project Tour'.<\/td>\n<\/tr>\n<tr>\n<th>fonds de coop\u00e9ration op\u00e9rationnelle<\/th>\n<td><span style=\"font-size: 12px;\">500 par personne (max. 8 personnes)<\/span><\/td>\n<\/tr>\n<tr>\n<th>application<\/th>\n<td>\n<div class=\"meSK8 M7eMe\" role=\"heading\" aria-level=\"2\"><span style=\"font-size: 12px;\">Informations sur les r\u00e9servations<\/span><\/div>\n<div class=\"spb5Rd OIC90c\"><span style=\"font-size: 12px;\">*Les r\u00e9servations doivent \u00eatre effectu\u00e9es au moins trois semaines \u00e0 l'avance.<\/span><br \/>\n<span style=\"font-size: 12px;\">*Seuls les samedis, dimanches et jours f\u00e9ri\u00e9s sont accept\u00e9s.<\/span><\/div>\n<p><span style=\"font-size: 12px;\">En r\u00e8gle g\u00e9n\u00e9rale, les ateliers ont lieu entre 10h00 et 16h00 les samedis, dimanches et jours f\u00e9ri\u00e9s. Une fois que le nombre de participants a \u00e9t\u00e9 fix\u00e9, veuillez nous contacter pour discuter des heures de d\u00e9but, etc. Veuillez toutefois noter que, dans de nombreux cas, nous ne serons pas en mesure de r\u00e9pondre \u00e0 votre demande.<\/span><\/p>\n<p><span style=\"font-size: 12px;\">Pour postuler.<span style=\"text-decoration: underline;\"><a href=\"https:\/\/docs.google.com\/forms\/d\/e\/1FAIpQLSf2Kfq1d23fqJmtWQpwaddX61YPiT2SyIaaLsj9zdeDnSxVxg\/viewform\">de cette mani\u00e8re (direction proche de l'orateur ou vers l'orateur)<\/a><\/span><\/span><\/p>\n<p><span style=\"font-size: 12px;\">Renseignements : NPO Naoshima Town Tourist Association TEL.\u00a0<span class=\"tel-link\">087-892-2299<\/span>\u00a0(8:30-18:00) \/ fax 087-892-2210<\/span><\/p>\n<\/td>\n<\/tr>\n<\/tbody>\n<\/table>\n<h3>Visite du projet de maison<\/h3>\n<p><img loading=\"lazy\" decoding=\"async\" class=\"alignright size-full wp-image-192\" src=\"http:\/\/naoshima.net\/wp-content\/uploads\/2015\/09\/arthonmura-01.jpg\" alt=\"\u5bb6\u30d7\u30ed\u30b8\u30a7\u30af\u30c8\" width=\"240\" height=\"198\" \/><\/p>\n<table class=\"clear\">\n<tbody>\n<tr>\n<th>Contenu<\/th>\n<td>Une promenade dans le quartier de Honmura avec des commentaires sur trois ou quatre projets de maisons, y compris le projet de maison \"Kakuniya\", \"Nanji\", \"Ishibashi\" et \"Gojo\".<br \/>\nPour plus d'informations.<a href=\"http:\/\/benesse-artsite.jp\/art\/arthouse.html#ie-project-tour\" target=\"_blank\" rel=\"noopener\">Projet de maison<\/a>Visitez la page d'accueil du site web de la<\/td>\n<\/tr>\n<\/tbody>\n<\/table>\n<h3><strong>Visite de la galerie du mus\u00e9e Benesse House<\/strong><\/h3>\n<table width=\"100%\">\n<tbody>\n<tr>\n<th>Contenu<\/th>\n<td>Le personnel de l'h\u00f4tel vous guidera \u00e0 travers les \u0153uvres d'art du mus\u00e9e Benesse House en vous racontant des \u00e9pisodes de leur cr\u00e9ation.<br \/>\nPour plus d'informations.<a href=\"http:\/\/benesse-artsite.jp\/art\/benessehouse-museum.html#programs\" target=\"_blank\" rel=\"noopener\">Mus\u00e9e de la maison Benesse<\/a>Visitez la page d'accueil du site web de la<\/td>\n<\/tr>\n<\/tbody>\n<\/table>\n<h3><strong>Visite priv\u00e9e du mus\u00e9e d'art de Chichu<\/strong><\/h3>\n<table width=\"100%\">\n<tbody>\n<tr>\n<th>Contenu<\/th>\n<td>Il s'agit d'une visite priv\u00e9e enti\u00e8rement r\u00e9serv\u00e9e pour ceux qui souhaitent approfondir leur appr\u00e9ciation.<br \/>\nLe personnel du mus\u00e9e vous expliquera chaque \u0153uvre d'art et vous guidera dans le mus\u00e9e d'art Chichu pour que votre visite se d\u00e9roule sans encombre.<br \/>\nPour plus d'informations.<a href=\"http:\/\/benesse-artsite.jp\/art\/chichu.html#program\" target=\"_blank\" rel=\"noopener\">Mus\u00e9e de la M\u00e9diterran\u00e9e<\/a>Visitez la page d'accueil du site web de la<\/td>\n<\/tr>\n<\/tbody>\n<\/table>\n<h3><strong>Programme de la nuit du ciel ouvert du mus\u00e9e d'art Chichu<\/strong><\/h3>\n<table width=\"100%\">\n<tbody>\n<tr>\n<th>Contenu<\/th>\n<td>James Turrell Open Sky peut \u00eatre vu \u00e0 tout moment pendant les heures d'ouverture, mais le programme nocturne permet aux visiteurs de regarder un programme sp\u00e9cial de 45 minutes en silence au coucher du soleil.<br \/>\nPour plus d'informations.<a href=\"http:\/\/benesse-artsite.jp\/art\/chichu.html#program\" target=\"_blank\" rel=\"noopener\">Mus\u00e9e de la M\u00e9diterran\u00e9e<\/a>Visitez la page d'accueil du site web de la<\/td>\n<\/tr>\n<\/tbody>\n<\/table>\n<h3>Mus\u00e9e Lee Ufan Visite priv\u00e9e<\/h3>\n<table width=\"100%\">\n<tbody>\n<tr>\n<th>Contenu<\/th>\n<td><span style=\"font-size: 12px;\">Il s'agit d'une visite enti\u00e8rement sur r\u00e9servation au cours de laquelle le personnel du mus\u00e9e guidera les visiteurs \u00e0 travers les \u0153uvres d'art tout en les observant ensemble.<br \/>\nPour plus d'informations.<a href=\"http:\/\/benesse-artsite.jp\/art\/lee-ufan.html#program\" target=\"_blank\" rel=\"noopener\">Mus\u00e9e Lee Ufan<\/a>Veuillez consulter le \"Programme\" sur le site web de la Commission europ\u00e9enne.<br \/>\n<\/span><\/td>\n<\/tr>\n<\/tbody>\n<\/table>\n<h3>(Naoshima, Teshima, Inujima) Visites guid\u00e9es.<\/h3>\n<p><span style=\"font-size: 14px;\">L'art se trouve non seulement sur Naoshima, mais aussi sur Teshima et Inujima, et le personnel responsable vous donnera des conseils sur la fa\u00e7on de l'appr\u00e9cier,<a href=\"http:\/\/naoshima.net\/wp-content\/uploads\/2015\/11\/95e727c2dfc1d56743449771daed2169.jpg\"><img loading=\"lazy\" decoding=\"async\" class=\"size-medium wp-image-2000 alignright\" src=\"http:\/\/naoshima.net\/wp-content\/uploads\/2015\/11\/95e727c2dfc1d56743449771daed2169-300x199.jpg\" alt=\"\u30c4\u30a2\u30fc\" width=\"300\" height=\"199\" srcset=\"https:\/\/naoshima.net\/wp-content\/uploads\/2015\/11\/95e727c2dfc1d56743449771daed2169-300x199.jpg 300w, https:\/\/naoshima.net\/wp-content\/uploads\/2015\/11\/95e727c2dfc1d56743449771daed2169.jpg 701w\" sizes=\"auto, (max-width: 300px) 100vw, 300px\" \/><\/a><br \/>\nDes visites guid\u00e9es sont organis\u00e9es pour vous faire d\u00e9couvrir l'histoire de l'\u00eele et les points forts de son riche environnement naturel.<\/span><\/p>\n<p><span style=\"color: #000000; font-size: 14px;\">Visite de Naoshima<\/span><br \/>\n<span style=\"color: #000000; font-size: 14px;\">\u25c6Toyoshima\/Inujima viewing tour.<\/span><br \/>\n<span style=\"color: #000000; font-size: 14px;\">\u25c6Ando : visites guid\u00e9es de l'architecture, etc.<\/span><\/p>\n<p><span style=\"font-size: 14px;\"> *Pour plus d'informations.<a href=\"http:\/\/benesse-artsite.jp\/stay\/#stay-program\" target=\"_blank\" rel=\"noopener\">de cette mani\u00e8re (direction proche de l'orateur ou vers l'orateur)<\/a>pour plus d'informations.<\/span><\/p>\n<p><span style=\"font-size: 14px;\"><a href=\"http:\/\/nao-tour2.resv.jp\/\" target=\"_blank\" rel=\"noopener\">Bureau d'accueil de Benesse House<\/a><\/span><\/p>\n<p><span style=\"font-size: 14px;\">*Certaines visites sont r\u00e9serv\u00e9es aux clients de Benesse House.<\/span><\/p>\n<\/div>","protected":false},"excerpt":{"rendered":"<p>\u9451\u8cde\u30d7\u30ed\u30b0\u30e9\u30e0 \u9451\u8cde\u306e\u624b\u52a9\u3051\u306b\u306a\u308b\u30c4\u30a2\u30fc\u3092\u3054\u7d39\u4ecb\u3057\u307e\u3059\u3002 \u89b3\u5149\u30ac\u30a4\u30c9 \u5185\u5bb9 \u9999\u5ddd\u5927\u5b66\u76f4\u5cf6\u5730\u57df\u6d3b\u6027\u5316\u30d7\u30ed\u30b8\u30a7\u30af\u30c8\u306e\u5b66\u751f\u304c\u884c\u3046\u30ac\u30a4\u30c9\u3067\u3059\u3002\u76f4\u5cf6\u306e\u6b74\u53f2\u3001\u6587\u5316\u306e\u3054\u7d39\u4ecb\u3092\u3057\u306a\u304c\u3089\u5bb6\u30d7\u30ed\u30b8\u30a7\u30af\u30c8\u3092\u542b\u3080\u672c\u6751\u30a8\u30ea\u30a2\u3092\u3054\u6848\u5185\u3057\u307e\u3059\u300260\u5206 [&hellip;]<\/p>\n","protected":false},"author":1,"featured_media":0,"parent":159,"menu_order":0,"comment_status":"closed","ping_status":"closed","template":"","meta":{"_acf_changed":false,"footnotes":""},"class_list":["post-400","page","type-page","status-publish","hentry"],"acf":[],"publishpress_future_workflow_manual_trigger":{"enabledWorkflows":[]},"_links":{"self":[{"href":"https:\/\/naoshima.net\/fr\/wp-json\/wp\/v2\/pages\/400","targetHints":{"allow":["GET"]}}],"collection":[{"href":"https:\/\/naoshima.net\/fr\/wp-json\/wp\/v2\/pages"}],"about":[{"href":"https:\/\/naoshima.net\/fr\/wp-json\/wp\/v2\/types\/page"}],"author":[{"embeddable":true,"href":"https:\/\/naoshima.net\/fr\/wp-json\/wp\/v2\/users\/1"}],"replies":[{"embeddable":true,"href":"https:\/\/naoshima.net\/fr\/wp-json\/wp\/v2\/comments?post=400"}],"version-history":[{"count":1,"href":"https:\/\/naoshima.net\/fr\/wp-json\/wp\/v2\/pages\/400\/revisions"}],"predecessor-version":[{"id":7277,"href":"https:\/\/naoshima.net\/fr\/wp-json\/wp\/v2\/pages\/400\/revisions\/7277"}],"up":[{"embeddable":true,"href":"https:\/\/naoshima.net\/fr\/wp-json\/wp\/v2\/pages\/159"}],"wp:attachment":[{"href":"https:\/\/naoshima.net\/fr\/wp-json\/wp\/v2\/media?parent=400"}],"curies":[{"name":"wp","href":"https:\/\/api.w.org\/{rel}","templated":true}]}}