{"id":5209,"date":"2022-12-07T09:39:37","date_gmt":"2022-12-07T00:39:37","guid":{"rendered":"http:\/\/naoshima.net\/?page_id=5209"},"modified":"2022-12-07T09:40:59","modified_gmt":"2022-12-07T00:40:59","slug":"5209-2","status":"publish","type":"page","link":"https:\/\/naoshima.net\/fr\/5209-2\/","title":{"rendered":"Shodoshima transit ENG"},"content":{"rendered":"<div id=\"afrom05\" class=\"aFrom05 clear\">\n<h2>\u00a0\u00a0 Pour Shodoshima (Tonosho Port)<\/h2>\n<p class=\"midashi\">Shodoshima via Uno Port<\/p>\n<ul>\n<li class=\"pay\">Naoshima (Miyanoura Port) \u21d2 Uno Port... \uffe5300+ Uno Port \u21d2 Shodoshima (Tonosho Port) \uffe51,260 \u2192.<span style=\"color: #ff0000;\">Total 1 560 \u00a5<\/span><br \/>Naoshima (port de Miyanoura) \u21d2 port d'Uno... \u00a5300 + port d'Uno \u21d2 Teshima (port d'Ieura) \u00a5780 \u2192<span style=\"color: #ff0000;\">Total \uffe51,080<\/span><\/li>\n<\/ul>\n<p>\u25ce = Impossible de prendre le ferry de Uno \u00e0 Ieura le premier mardi de chaque mois.<\/p>\n<p>&nbsp;<\/p>\n<table>\n<tbody>\n<tr>\n<td>\u00a0<\/td>\n<td>Naoshima Dpt.<\/td>\n<td>Uno Arriv.<\/td>\n<td>changer<\/td>\n<td>\u00a0<\/td>\n<td>Uno Dpt.<\/td>\n<td>Teshima (Ieura) Dpt.<\/td>\n<td>Dpt. de Teshima (Karato).<\/td>\n<td>Shodoshima Arriv.<\/td>\n<\/tr>\n<tr>\n<td>Ferry.<\/td>\n<td>6:00<\/td>\n<td>6:20<\/td>\n<td>\u2192<\/td>\n<td>Ferry.<\/td>\n<td>6:45<\/td>\n<td>7:25<\/td>\n<td>7:45<\/td>\n<td>8:14<\/td>\n<\/tr>\n<tr>\n<td>Ferry.<\/td>\n<td>6:40<\/td>\n<td>7:00<\/td>\n<td>\u2192<\/td>\n<td>\u00a0<\/td>\n<td>\u00a0<\/td>\n<td>\u00a0<\/td>\n<td>\u00a0<\/td>\n<td>\u00a0<\/td>\n<\/tr>\n<tr>\n<td>Ferry.<\/td>\n<td>7:50<\/td>\n<td>8:10<\/td>\n<td>\u2192<\/td>\n<td>H.Boat.<\/td>\n<td>8:40<\/td>\n<td>9:05<\/td>\n<td>9:20<\/td>\n<td>9:40<\/td>\n<\/tr>\n<tr>\n<td>Ferry.<\/td>\n<td>8:52<\/td>\n<td>9:12<\/td>\n<td>\u2192<\/td>\n<td>\u00a0<\/td>\n<td>\u00a0<\/td>\n<td>\u00a0<\/td>\n<td>\u00a0<\/td>\n<td>\u00a0<\/td>\n<\/tr>\n<tr>\n<td>Ferry.<\/td>\n<td>9:52<\/td>\n<td>10:12<\/td>\n<td>\u2192<\/td>\n<td>\u00a0<\/td>\n<td>\u00a0<\/td>\n<td>\u00a0<\/td>\n<td>\u00a0<\/td>\n<td>\u00a0<\/td>\n<\/tr>\n<tr>\n<td>H.Boat.<\/td>\n<td>10:25 (hors service)<\/td>\n<td>\u25cb 10:40<\/td>\n<td>\u2192<\/td>\n<td>Ferry.<\/td>\n<td>\u25ce11:10<\/td>\n<td>11:50<\/td>\n<td>12:10<\/td>\n<td>12:39<\/td>\n<\/tr>\n<tr>\n<td>Ferry.<\/td>\n<td>11:10<\/td>\n<td>11:30<\/td>\n<td>\u2192<\/td>\n<td>H.Boat.<\/td>\n<td>11:35<\/td>\n<td>12:00<\/td>\n<td>\u2013<\/td>\n<td>\u2013<\/td>\n<\/tr>\n<tr>\n<td>Ferry.<\/td>\n<td>12:45<\/td>\n<td>13:05<\/td>\n<td>\u2192<\/td>\n<td>H.Boat.<\/td>\n<td>13:25<\/td>\n<td>13:50<\/td>\n<td>14:05<\/td>\n<td>14:25<\/td>\n<\/tr>\n<tr>\n<td>H.Boat.<\/td>\n<td>13:55<\/td>\n<td>14:15<\/td>\n<td>\u2192<\/td>\n<td>\u00a0<\/td>\n<td>\u00a0<\/td>\n<td>\u00a0<\/td>\n<td>\u00a0<\/td>\n<td>\u00a0<\/td>\n<\/tr>\n<tr>\n<td>Ferry.<\/td>\n<td>14:55<\/td>\n<td>15:15<\/td>\n<td>\u2192<\/td>\n<td>Ferry.<\/td>\n<td>15:25<\/td>\n<td>16:05<\/td>\n<td>16:25<\/td>\n<td>16:54<\/td>\n<\/tr>\n<tr>\n<td>Ferry.<\/td>\n<td>16:02<\/td>\n<td>16:22<\/td>\n<td>\u2192<\/td>\n<td>\u00a0<\/td>\n<td>\u00a0<\/td>\n<td>\u00a0<\/td>\n<td>\u00a0<\/td>\n<td>\u00a0<\/td>\n<\/tr>\n<tr>\n<td>Ferry.<\/td>\n<td>16:35<\/td>\n<td>16:55<\/td>\n<td>\u2192<\/td>\n<td>H.Boat.<\/td>\n<td>17:30<\/td>\n<td>17:55<\/td>\n<td>18:10<\/td>\n<td>18:30<\/td>\n<\/tr>\n<tr>\n<td>Ferry.<\/td>\n<td>17:35<\/td>\n<td>17:55<\/td>\n<td>\u2192<\/td>\n<td>\u00a0<\/td>\n<td>\u00a0<\/td>\n<td>\u00a0<\/td>\n<td>\u00a0<\/td>\n<td>\u00a0<\/td>\n<\/tr>\n<tr>\n<td>Ferry.<\/td>\n<td>19:02<\/td>\n<td>19:22<\/td>\n<td>\u2192<\/td>\n<td>Ferry.<\/td>\n<td>19:30<\/td>\n<td>20:10<\/td>\n<td>\u2013<\/td>\n<td>\u2013<\/td>\n<\/tr>\n<\/tbody>\n<\/table>\n<p class=\"midashi\">Shodoshima via le port de Takamatsu<\/p>\n<ul>\n<li class=\"pay\">Naoshima(Miyanoura Port)\u21d2Takamatsu Port...Ferry : \uffe5520, Bateau \u00e0 passagers : \uffe51,220<br \/>Takamatsu Poat \u21d2 Shoshima (Tonosho Port)...Ferry : 700, bateau \u00e0 passagers : 1 190 \u00a5.<br \/> \u2192 Total \u00a51,220 - \u00a52,410<\/li>\n<\/ul>\n<p>Fonctionne les vendredi, samedi et dimanche et les jours f\u00e9ri\u00e9s nationaux de mars \u00e0 novembre.<br \/>H.Boat = bateau passeur \u00e0 grande vitesse.<\/p>\n<table>\n<tbody>\n<tr>\n<td>\u00a0<\/td>\n<td width=\"130\">Naoshima Dpt.<\/td>\n<td width=\"130\">Takamatsu Arriv.<\/td>\n<td><span style=\"font-size: 8pt;\">changer<\/span><\/td>\n<td>\u00a0<\/td>\n<td width=\"130\">Takamatsu Dpt.<\/td>\n<td width=\"130\">Tonosho Arriv.<\/td>\n<\/tr>\n<tr>\n<td>Ferry.<\/td>\n<td>7:00<\/td>\n<td>8:00<\/td>\n<td>\u2192<\/td>\n<td>Ferry.<\/td>\n<td>8:02<\/td>\n<td>9:02<\/td>\n<\/tr>\n<tr>\n<td>\u00a0<\/td>\n<td>\u00a0<\/td>\n<td>\u00a0<\/td>\n<td>\u2192<\/td>\n<td>H.Boat.<\/td>\n<td>8:20<\/td>\n<td>8:55<\/td>\n<\/tr>\n<tr>\n<td>\u00a0<\/td>\n<td>\u00a0<\/td>\n<td>\u00a0<\/td>\n<td>\u2192<\/td>\n<td>Ferry.<\/td>\n<td>9:00<\/td>\n<td>10:00<\/td>\n<\/tr>\n<tr>\n<td>H.Boat.<\/td>\n<td>\u25ce8:40 (hors service)<\/td>\n<td>9:05<\/td>\n<td>\u2192<\/td>\n<td>H.Boat.<\/td>\n<td>9:10<\/td>\n<td>9:45<\/td>\n<\/tr>\n<tr>\n<td>\u00a0<\/td>\n<td>\u00a0<\/td>\n<td>\u00a0<\/td>\n<td>\u2192<\/td>\n<td>Ferry.<\/td>\n<td>10:00<\/td>\n<td>11:00<\/td>\n<\/tr>\n<tr>\n<td>\u00a0<\/td>\n<td>\u00a0<\/td>\n<td>\u00a0<\/td>\n<td>\u2192<\/td>\n<td>H.Boat.<\/td>\n<td>10:00<\/td>\n<td>10:35<\/td>\n<\/tr>\n<tr>\n<td>Ferry.<\/td>\n<td>9:07<\/td>\n<td>10:07<\/td>\n<td>\u2192<\/td>\n<td>H.Boat.<\/td>\n<td>10:40<\/td>\n<td>11:15<\/td>\n<\/tr>\n<tr>\n<td>\u00a0<\/td>\n<td>\u00a0<\/td>\n<td>\u00a0<\/td>\n<td>\u2192<\/td>\n<td>Ferry.<\/td>\n<td>10:40<\/td>\n<td>11:40<\/td>\n<\/tr>\n<tr>\n<td>H.Boat.<\/td>\n<td>\u25ce10:00 (hors service)<\/td>\n<td>10:30<\/td>\n<td>\u2192<\/td>\n<td>H.Boat.<\/td>\n<td>11:20<\/td>\n<td>11:55<\/td>\n<\/tr>\n<tr>\n<td>\u00a0<\/td>\n<td>\u00a0<\/td>\n<td>\u00a0<\/td>\n<td>\u2192<\/td>\n<td>Ferry.<\/td>\n<td>11:35<\/td>\n<td>12:35<\/td>\n<\/tr>\n<tr>\n<td>Ferry.<\/td>\n<td>11:30<\/td>\n<td>12:30<\/td>\n<td>\u2192<\/td>\n<td>Ferry.<\/td>\n<td>12:45<\/td>\n<td>13:45<\/td>\n<\/tr>\n<tr>\n<td>\u00a0<\/td>\n<td>\u00a0<\/td>\n<td>\u00a0<\/td>\n<td>\u2192<\/td>\n<td>H.Boat.<\/td>\n<td>13:00<\/td>\n<td>13:35<\/td>\n<\/tr>\n<tr>\n<td>\u00a0<\/td>\n<td>\u00a0<\/td>\n<td>\u00a0<\/td>\n<td>\u2192<\/td>\n<td>H.Boat.<\/td>\n<td>13:40<\/td>\n<td>14:15<\/td>\n<\/tr>\n<tr>\n<td>\u00a0<\/td>\n<td>\u00a0<\/td>\n<td>\u00a0<\/td>\n<td>\u2192<\/td>\n<td>Ferry.<\/td>\n<td>13:40<\/td>\n<td>14:40<\/td>\n<\/tr>\n<tr>\n<td>\u00a0<\/td>\n<td>\u00a0<\/td>\n<td>\u00a0<\/td>\n<td>\u2192<\/td>\n<td>H.Boat.<\/td>\n<td>14:20<\/td>\n<td>14:55<\/td>\n<\/tr>\n<tr>\n<td>\u00a0<\/td>\n<td>\u00a0<\/td>\n<td>\u00a0<\/td>\n<td>\u2192<\/td>\n<td>H.Boat.<\/td>\n<td>15:10<\/td>\n<td>15:45<\/td>\n<\/tr>\n<tr>\n<td>\u00a0<\/td>\n<td>\u00a0<\/td>\n<td>\u00a0<\/td>\n<td>\u2192<\/td>\n<td>Ferry.<\/td>\n<td>15:10<\/td>\n<td>16:10<\/td>\n<\/tr>\n<tr>\n<td>Ferry.<\/td>\n<td>14:20<\/td>\n<td>15:20<\/td>\n<td>\u2192<\/td>\n<td>H.Boat.<\/td>\n<td>15:50<\/td>\n<td>16:25<\/td>\n<\/tr>\n<tr>\n<td>\u00a0<\/td>\n<td>\u00a0<\/td>\n<td>\u00a0<\/td>\n<td>\u2192<\/td>\n<td>Ferry.<\/td>\n<td>16:10<\/td>\n<td>17:10<\/td>\n<\/tr>\n<tr>\n<td>\u00a0<\/td>\n<td>\u00a0<\/td>\n<td>\u00a0<\/td>\n<td>\u2192<\/td>\n<td>H.Boat.<\/td>\n<td>16:30<\/td>\n<td>17:05<\/td>\n<\/tr>\n<tr>\n<td>H.Boat.<\/td>\n<td>\u25ce16:25 (hors service)<\/td>\n<td>16:55<\/td>\n<td>\u2192<\/td>\n<td>H.Boat.<\/td>\n<td>17:10<\/td>\n<td>17:45<\/td>\n<\/tr>\n<tr>\n<td>\u00a0<\/td>\n<td>\u00a0<\/td>\n<td>\u00a0<\/td>\n<td>\u2192<\/td>\n<td>Ferry.<\/td>\n<td>17:20<\/td>\n<td>18:20<\/td>\n<\/tr>\n<tr>\n<td>\u00a0<\/td>\n<td>\u00a0<\/td>\n<td>\u00a0<\/td>\n<td>\u2192<\/td>\n<td>H.Boat.<\/td>\n<td>17:50<\/td>\n<td>18:25<\/td>\n<\/tr>\n<tr>\n<td>\u00a0<\/td>\n<td>\u00a0<\/td>\n<td>\u00a0<\/td>\n<td>\u2192<\/td>\n<td>Ferry.<\/td>\n<td>17:50<\/td>\n<td>18:50<\/td>\n<\/tr>\n<tr>\n<td>Ferry.<\/td>\n<td>17:00<\/td>\n<td>18:00<\/td>\n<td>\u2192<\/td>\n<td>H.Boat.<\/td>\n<td>18:30<\/td>\n<td>19:05<\/td>\n<\/tr>\n<tr>\n<td>\u00a0<\/td>\n<td>\u00a0<\/td>\n<td>\u00a0<\/td>\n<td>\u2192<\/td>\n<td>Ferry.<\/td>\n<td>18:50<\/td>\n<td>19:50<\/td>\n<\/tr>\n<tr>\n<td>H.Boat.<\/td>\n<td>19:45<\/td>\n<td>20:15<\/td>\n<td>\u2192<\/td>\n<td>Ferry.<\/td>\n<td>20:20<\/td>\n<td>21:20<\/td>\n<\/tr>\n<\/tbody>\n<\/table>\n<\/div>\n<map id=\"fromaccess\" name=\"fromaccess\">\n<area alt=\"\" coords=\"425,206,426,199,430,194,435,190,442,189,449,190,454,194,458,199,459,206,458,213,454,218,449,222,442,223,435,222,430,218,426,213,425,206,425,206\" shape=\"poly\" href=\"#afrom05\" \/>\n<area alt=\"\" coords=\"269,219,270,212,274,207,279,203,286,202,293,203,298,207,302,212,303,219,302,226,298,231,293,235,286,236,279,235,274,231,270,226,269,219,269,219\" shape=\"poly\" href=\"#afrom04\" \/>\n<area alt=\"\" coords=\"293,193,294,186,298,181,303,177,310,176,317,177,322,181,326,186,327,193,326,200,322,205,317,209,310,210,303,209,298,205,294,200,293,193,293,193\" shape=\"poly\" href=\"#afrom03\" \/>\n<area alt=\"\" coords=\"220,320,221,313,225,308,230,304,237,303,244,304,249,308,253,313,254,320,253,327,249,332,244,336,237,337,230,336,225,332,221,327,220,320,220,320\" shape=\"poly\" href=\"#afrom02\" \/>\n<area alt=\"\" coords=\"199,230,200,223,204,218,209,214,216,213,223,214,228,218,232,223,233,230,232,237,228,242,223,246,216,247,209,246,204,242,200,237,199,230,199,230\" shape=\"poly\" href=\"#afrom01\" \/>\n <\/map>\n<\/p>\n<div id=\"extensionsWeblioEjBx\" style=\"position: absolute; z-index: 2147483647; left: 558px; top: 1655px;\">\u00a0<\/div>","protected":false},"excerpt":{"rendered":"<p>\u00a0\u00a0 For Shodoshima(Tonosho Port) Shodoshima via\u00a0Uno Port Naoshima(Miyanoura Port)\u21d2Uno Port\u2026\uffe5300\uff0b Uno Port\u21d2Shodo [&hellip;]<\/p>\n","protected":false},"author":2,"featured_media":0,"parent":0,"menu_order":0,"comment_status":"closed","ping_status":"closed","template":"","meta":{"_acf_changed":false,"footnotes":""},"class_list":["post-5209","page","type-page","status-publish","hentry"],"acf":[],"publishpress_future_workflow_manual_trigger":{"enabledWorkflows":[]},"_links":{"self":[{"href":"https:\/\/naoshima.net\/fr\/wp-json\/wp\/v2\/pages\/5209","targetHints":{"allow":["GET"]}}],"collection":[{"href":"https:\/\/naoshima.net\/fr\/wp-json\/wp\/v2\/pages"}],"about":[{"href":"https:\/\/naoshima.net\/fr\/wp-json\/wp\/v2\/types\/page"}],"author":[{"embeddable":true,"href":"https:\/\/naoshima.net\/fr\/wp-json\/wp\/v2\/users\/2"}],"replies":[{"embeddable":true,"href":"https:\/\/naoshima.net\/fr\/wp-json\/wp\/v2\/comments?post=5209"}],"version-history":[{"count":0,"href":"https:\/\/naoshima.net\/fr\/wp-json\/wp\/v2\/pages\/5209\/revisions"}],"wp:attachment":[{"href":"https:\/\/naoshima.net\/fr\/wp-json\/wp\/v2\/media?parent=5209"}],"curies":[{"name":"wp","href":"https:\/\/api.w.org\/{rel}","templated":true}]}}