{"id":6012,"date":"2025-03-28T12:21:23","date_gmt":"2025-03-28T03:21:23","guid":{"rendered":"http:\/\/naoshima.net\/?page_id=6012"},"modified":"2026-04-03T09:57:07","modified_gmt":"2026-04-03T00:57:07","slug":"guidemap","status":"publish","type":"page","link":"https:\/\/naoshima.net\/fr\/guidemap\/","title":{"rendered":"T\u00e9l\u00e9charger le plan-guide"},"content":{"rendered":"<div class=\"guidemapBox\">\n<div class=\"guidemapArea\">\n<p><img loading=\"lazy\" decoding=\"async\" class=\"alignnone wp-image-243 size-full\" src=\"http:\/\/naoshima.net\/wp-content\/uploads\/2015\/09\/guidemap-03.gif\" alt=\"\" width=\"159\" height=\"19\" \/><\/p>\n<p>\u00a0<img loading=\"lazy\" decoding=\"async\" class=\"alignnone wp-image-6073 size-medium\" src=\"http:\/\/naoshima.net\/wp-content\/uploads\/2025\/03\/1574a67a0869a3229b8891be6ca9f1a7.jpg\" alt=\"\" width=\"212\" height=\"300\" \/><\/p>\n<p style=\"text-align: right;\"><a href=\"https:\/\/saas.actibookone.com\/content\/detail?param=eyJjb250ZW50TnVtIjo3MTQ3NzZ9&amp;detailFlg=0&amp;pNo=1\"><img loading=\"lazy\" decoding=\"async\" class=\"alignleft wp-image-6091 size-medium\" src=\"http:\/\/naoshima.net\/wp-content\/uploads\/2025\/04\/bc3c83070197fdd7adf339ba2a0446a3-300x65.jpg\" alt=\"\" width=\"300\" height=\"65\" srcset=\"https:\/\/naoshima.net\/wp-content\/uploads\/2025\/04\/bc3c83070197fdd7adf339ba2a0446a3-300x65.jpg 300w, https:\/\/naoshima.net\/wp-content\/uploads\/2025\/04\/bc3c83070197fdd7adf339ba2a0446a3.jpg 321w\" sizes=\"auto, (max-width: 300px) 100vw, 300px\" \/><\/a><\/p>\n<div style=\"display: block; clear: both;\">\u00a0<\/div>\n<p>&nbsp;<\/p>\n<p style=\"text-align: left;\">\u00a0<\/p>\n<p><img loading=\"lazy\" decoding=\"async\" class=\"alignnone wp-image-248 size-full\" src=\"http:\/\/naoshima.net\/wp-content\/uploads\/2015\/09\/guidemap-08.gif\" alt=\"\" width=\"137\" height=\"38\" \/><\/p>\n<p><img loading=\"lazy\" decoding=\"async\" class=\"alignnone wp-image-6066 size-medium\" src=\"http:\/\/naoshima.net\/wp-content\/uploads\/2025\/04\/a741ef62758097dfa1b39de8ea705f83-210x300.png\" alt=\"\" width=\"210\" height=\"300\" srcset=\"https:\/\/naoshima.net\/wp-content\/uploads\/2025\/04\/a741ef62758097dfa1b39de8ea705f83-210x300.png 210w, https:\/\/naoshima.net\/wp-content\/uploads\/2025\/04\/a741ef62758097dfa1b39de8ea705f83-560x800.png 560w, https:\/\/naoshima.net\/wp-content\/uploads\/2025\/04\/a741ef62758097dfa1b39de8ea705f83.png 871w\" sizes=\"auto, (max-width: 210px) 100vw, 210px\" \/><\/p>\n<p style=\"text-align: right;\"><a href=\"https:\/\/saas.actibookone.com\/content\/detail?param=eyJjb250ZW50TnVtIjo2OTc5Mjd9&amp;detailFlg=1&amp;pNo=1\"><img loading=\"lazy\" decoding=\"async\" class=\"alignleft wp-image-6091 size-medium\" src=\"http:\/\/naoshima.net\/wp-content\/uploads\/2025\/04\/bc3c83070197fdd7adf339ba2a0446a3-300x65.jpg\" alt=\"\" width=\"300\" height=\"65\" srcset=\"https:\/\/naoshima.net\/wp-content\/uploads\/2025\/04\/bc3c83070197fdd7adf339ba2a0446a3-300x65.jpg 300w, https:\/\/naoshima.net\/wp-content\/uploads\/2025\/04\/bc3c83070197fdd7adf339ba2a0446a3.jpg 321w\" sizes=\"auto, (max-width: 300px) 100vw, 300px\" \/><\/a><\/p>\n<div style=\"display: block; clear: both;\"><img decoding=\"async\" src=\"http:\/\/naoshima.net\/wp-content\/themes\/official\/common\/image\/1x1.gif\" alt=\"\" \/>\u00a0\u00a0<\/div>\n<div class=\"guidemapBox\">\n<div class=\"guidemapArea\">\n<dl class=\"guidemapJikoku clear\">\n<dt><img loading=\"lazy\" decoding=\"async\" class=\"alignnone size-full wp-image-1614\" src=\"http:\/\/naoshima.net\/wp-content\/uploads\/2015\/09\/roadmap.gif\" alt=\"\u76f4\u5cf6\u30ed\u30fc\u30c9\u30de\u30c3\u30d7\" width=\"189\" height=\"22\" \/><br \/>\nIl s'agit d'une carte g\u00e9n\u00e9rale de Naoshima. Elle indique l'emplacement de chaque lieu et les temps de trajet.<\/dt>\n<dd><a href=\"http:\/\/naoshima.net\/wp-content\/uploads\/2024\/07\/4105b00a1fa0df277c0249bd298eb6d2.pdf\" target=\"_blank\" rel=\"noopener\"><img loading=\"lazy\" decoding=\"async\" class=\"alignnone\" src=\"http:\/\/naoshima.net\/wp-content\/uploads\/2015\/09\/guidemap-06.gif\" alt=\"PDF\u3092\u898b\u308b\" width=\"163\" height=\"42\" \/><\/a><\/dd>\n<\/dl>\n<\/div>\n<\/div>\n<div class=\"guidemapBox\">\n<div class=\"guidemapArea\">\n<dl class=\"guidemapJikoku clear\">\n<dt><img decoding=\"async\" class=\"alignnone size-full wp-image-1614\" src=\"http:\/\/naoshima.net\/wp-content\/uploads\/2015\/09\/kankou_map.png\" alt=\"\u76f4\u5cf6\u89b3\u5149\u30de\u30c3\u30d7\" \/><br \/>\nQue peut-on faire \u00e0 Naoshima ? Comment puis-je en profiter ? Comment planifier ma visite ? R\u00e9soudre vos probl\u00e8mes !<\/dt>\n<dd><a href=\"http:\/\/naoshima.net\/wp-content\/uploads\/2015\/09\/656f3e66897f7f3f9a67cb71a9ecbf71.pdf\" target=\"_blank\" rel=\"noopener\"><img loading=\"lazy\" decoding=\"async\" src=\"http:\/\/naoshima.net\/wp-content\/uploads\/2015\/09\/guidemap-06.gif\" alt=\"PDF\u3092\u898b\u308b\" width=\"163\" height=\"42\" \/><\/a><\/dd>\n<\/dl>\n<\/div>\n<\/div>\n<div class=\"guidemapBox\">\n<div class=\"guidemapArea\">\n<dl class=\"guidemapJikoku\">\n<dt><img loading=\"lazy\" decoding=\"async\" src=\"http:\/\/naoshima.net\/wp-content\/uploads\/2015\/09\/guidemap-20.gif\" alt=\"\u76f4\u5cf6\u753a\u55b6\u30d0\u30b9\u6642\u523b\u8868\" width=\"222\" height=\"21\" \/><br \/>\nModifi\u00e9 le 1er avril 2025.<\/dt>\n<dd><a href=\"http:\/\/naoshima.net\/wp-content\/uploads\/2025\/03\/53574bafe4fd10bb87b9b6f9131569fb.pdf\" target=\"_blank\" rel=\"noopener\"><img loading=\"lazy\" decoding=\"async\" class=\"alignnone\" src=\"http:\/\/naoshima.net\/wp-content\/uploads\/2015\/09\/guidemap-06.gif\" alt=\"PDF\u3092\u898b\u308b\" width=\"163\" height=\"42\" \/><\/a><\/dd>\n<\/dl>\n<\/div>\n<\/div>\n<h3>Transport vers le site artistique de Benesse \u00e0 Naoshima<\/h3>\n<div class=\"guidemapBox\">\n<div class=\"guidemapArea\">\n<dl class=\"guidemapJikoku clear\">\n<dt><img loading=\"lazy\" decoding=\"async\" src=\"http:\/\/naoshima.net\/wp-content\/uploads\/2015\/09\/guidemap-21.gif\" alt=\"\u5834\u5185\u30b7\u30e3\u30c8\u30eb\u30d0\u30b9\uff08\u65e5\u5e30\u308a\u5ba2\u5411\u3051\uff09\" width=\"349\" height=\"21\" \/><br \/>\n*Il s'agit d'un fichier PDF provenant d'un site web externe.<\/dt>\n<dd><a href=\"https:\/\/www.benesse-artsite.jp\/stay\/FreeBus_timetable.pdf\" target=\"_blank\" rel=\"noopener\"><img loading=\"lazy\" decoding=\"async\" class=\"alignnone\" src=\"http:\/\/naoshima.net\/wp-content\/uploads\/2015\/09\/guidemap-06.gif\" alt=\"PDF\u3092\u898b\u308b\" width=\"163\" height=\"42\" \/><\/a><\/dd>\n<\/dl>\n<p class=\"atten\">Itin\u00e9raire : Tsutsujiso - (Benesse House Shop (aller-retour uniquement)) - Benesse House Museum Lower - Lee Ufan Museum - Chichu Art Museum<br \/>\n*Les horaires changent entre mars-septembre et octobre-f\u00e9vrier.<br \/>\n*Le fonctionnement est suspendu les jours de fermeture du mus\u00e9e d'art Chichu et du mus\u00e9e Lee Ufan.<br \/>\n*Il n'y a g\u00e9n\u00e9ralement que quelques services, et bien qu'ils soient augment\u00e9s pendant les p\u00e9riodes de forte affluence, tous ne pourront pas passer. Benesse Art Site Naoshima se trouve \u00e9galement dans la zone du parc national de la mer int\u00e9rieure de Seto, et Benesse Art Site Naoshima encourage les visiteurs \u00e0 se promener et \u00e0 appr\u00e9cier le paysage et les \u0153uvres d'art en plein air.<\/p>\n<\/div>\n<\/div>\n<div class=\"guidemapBox\">\n<div class=\"guidemapArea\">\n<dl class=\"guidemapJikoku clear\">\n<dt><img loading=\"lazy\" decoding=\"async\" src=\"http:\/\/naoshima.net\/wp-content\/uploads\/2015\/09\/guidemap-22.gif\" alt=\"\u30d9\u30cd\u30c3\u30bb\u30cf\u30a6\u30b9\u5bbf\u6cca\u8005\u5c02\u7528\u30d0\u30b9\u6642\u523b\u8868\" width=\"382\" height=\"19\" \/><br \/>\nPour les clients de Benesse House, une navette relie le port de Miyaura au mus\u00e9e d'art Chichu en passant par l'h\u00f4tel, selon les horaires des bateaux.<br \/>\n*Fichier PDF provenant d'un site web externe.<\/dt>\n<dd><a href=\"https:\/\/www.benesse-artsite.jp\/stay\/HotelBus_timetable.pdf\" target=\"_blank\" rel=\"noopener\"><img loading=\"lazy\" decoding=\"async\" class=\"alignnone\" src=\"http:\/\/naoshima.net\/wp-content\/uploads\/2015\/09\/guidemap-06.gif\" alt=\"PDF\u3092\u898b\u308b\" width=\"163\" height=\"42\" \/><\/a><\/dd>\n<\/dl>\n<\/div>\n<\/div>\n<\/div>\n<\/div>","protected":false},"excerpt":{"rendered":"<p>\u00a0 \u00a0 &nbsp; \u00a0 \u00a0\u00a0 \u76f4\u5cf6\u306e\u5168\u4f53\u5730\u56f3\u3067\u3059\u3002\u5404\u62e0\u70b9\u306e\u4f4d\u7f6e\u95a2\u4fc2\u3084\u79fb\u52d5\u6642\u9593\u304c\u5206\u304b\u308a\u307e\u3059\u3002 \u76f4\u5cf6\u306b\u306f\u4f55\u304c\u3042\u308b\u306e\uff1f\u3069\u3093\u306a\u98a8\u306b\u697d\u3057\u3081\u308b\u306e\uff1f\u3069\u3046\u3084\u3063\u3066\u8a08\u753b\u3092\u7acb\u3066\u3088\u3046\u304b\uff1f\u304a\u60a9\u307f\u3092\u89e3\u6c7a\uff01 \u203b\u4ee4\u548c7\u5e744\u67081\u65e5\u6539\u6b63 \u30d9\u30cd\u30c3\u30bb\u30a2\u30fc\u30c8\u30b5 [&hellip;]<\/p>\n","protected":false},"author":2,"featured_media":0,"parent":0,"menu_order":0,"comment_status":"closed","ping_status":"closed","template":"","meta":{"_acf_changed":false,"footnotes":""},"class_list":["post-6012","page","type-page","status-publish","hentry"],"acf":[],"publishpress_future_workflow_manual_trigger":{"enabledWorkflows":[]},"_links":{"self":[{"href":"https:\/\/naoshima.net\/fr\/wp-json\/wp\/v2\/pages\/6012","targetHints":{"allow":["GET"]}}],"collection":[{"href":"https:\/\/naoshima.net\/fr\/wp-json\/wp\/v2\/pages"}],"about":[{"href":"https:\/\/naoshima.net\/fr\/wp-json\/wp\/v2\/types\/page"}],"author":[{"embeddable":true,"href":"https:\/\/naoshima.net\/fr\/wp-json\/wp\/v2\/users\/2"}],"replies":[{"embeddable":true,"href":"https:\/\/naoshima.net\/fr\/wp-json\/wp\/v2\/comments?post=6012"}],"version-history":[{"count":3,"href":"https:\/\/naoshima.net\/fr\/wp-json\/wp\/v2\/pages\/6012\/revisions"}],"predecessor-version":[{"id":7377,"href":"https:\/\/naoshima.net\/fr\/wp-json\/wp\/v2\/pages\/6012\/revisions\/7377"}],"wp:attachment":[{"href":"https:\/\/naoshima.net\/fr\/wp-json\/wp\/v2\/media?parent=6012"}],"curies":[{"name":"wp","href":"https:\/\/api.w.org\/{rel}","templated":true}]}}