{"id":683,"date":"2016-02-17T14:31:16","date_gmt":"2016-02-17T05:31:16","guid":{"rendered":"http:\/\/naoshima.net\/?page_id=683"},"modified":"2021-05-15T12:43:25","modified_gmt":"2021-05-15T03:43:25","slug":"experience_beach","status":"publish","type":"page","link":"https:\/\/naoshima.net\/fr\/experience\/experience_beach\/","title":{"rendered":"Plage de Gotanji"},"content":{"rendered":"<div class=\"experienceBox\">\n<div class=\"expBeach\">\n<h2><img loading=\"lazy\" decoding=\"async\" class=\"alignnone\" src=\"http:\/\/naoshima.net\/wp-content\/uploads\/2016\/02\/experience_beach.jpg\" alt=\"\u7434\u5f3e\u5730(\u3054\u305f\u3093\u3058)\u6d77\u6c34\u6d74\u5834\" width=\"483\" height=\"67\" \/><\/h2>\n<p class=\"lead\">La plage situ\u00e9e au sud de l'\u00eele, au \u201cHometown Beach House Tsutsuji-so\u201d, est une plage de sable.<br \/> Bien qu'il s'agisse d'une plage, cela signifie que l'eau est peu profonde et propice \u00e0 la baignade, et qu'il n'y a pas de sauveteurs. La baignade se fait \u00e0 vos risques et p\u00e9rils.<br \/>Les barbecues et autres installations autonomes ne sont pas autoris\u00e9s sur le site. Il n'y a pas de camping, donc si vous souhaitez passer la nuit, le Tsutsuji-so est une option pratique.<\/p>\n<p class=\"leadImage\"><img decoding=\"async\" src=\"http:\/\/naoshima.net\/wp-content\/uploads\/2016\/02\/experience_beach-01.jpg\" alt=\"\" \/><\/p>\n<\/div>\n<div class=\"areaBeach\">\n<div class=\"expSec clear\">\n<table class=\"extb1\">\n<tbody>\n<tr>\n<td width=\"260\"><img loading=\"lazy\" decoding=\"async\" src=\"http:\/\/naoshima.net\/wp-content\/uploads\/2016\/02\/experience_beach-02.jpg\" alt=\"\" width=\"250\" height=\"170\" \/><\/td>\n<td width=\"260\"><img loading=\"lazy\" decoding=\"async\" src=\"http:\/\/naoshima.net\/wp-content\/uploads\/2016\/02\/experience_beach-03.jpg\" alt=\"\" width=\"250\" height=\"170\" \/><\/td>\n<td valign=\"top\">Le nom de l'endroit vient de la l\u00e9gende selon laquelle c'est sur cette plage que la princesse de Hime-tomari jouait de la cithare pour r\u00e9conforter son p\u00e8re.<br \/> Pr\u00e8s de la plage se trouvent un monument \u00e0 l'empereur Sutoku et un monument \u00e0 Wakayama Makisui. Il y a \u00e9galement un monument d\u00e9di\u00e9 \u00e0 \"Oyaji no Umi\" (la mer de mon p\u00e8re), une chanson \u00e9crite \u00e0 Naoshima par un natif de la ville et qui a connu un grand succ\u00e8s.<\/td>\n<\/tr>\n<\/tbody>\n<\/table>\n<table class=\"extb1\">\n<tbody>\n<tr>\n<td>En \u00e9t\u00e9, le festival du feu de Naoshima se tient dans la r\u00e9gion, attirant les foules avec des artistes en direct et des spectacles locaux, ainsi que plus de 1 800 feux d'artifice marins lanc\u00e9s \u00e0 partir de barges au large.<\/td>\n<td valign=\"top\"><img loading=\"lazy\" decoding=\"async\" src=\"http:\/\/naoshima.net\/wp-content\/uploads\/2016\/02\/experience_beach-04.jpg\" alt=\"\" width=\"409\" height=\"222\" \/><\/td>\n<\/tr>\n<\/tbody>\n<\/table>\n<\/div>\n<h3><img loading=\"lazy\" decoding=\"async\" src=\"http:\/\/naoshima.net\/wp-content\/uploads\/2016\/02\/experience_beach_meyasu.gif\" alt=\"\u4f11\u5712\u30fb\u958b\u5712\u6642\u9593\" width=\"168\" height=\"42\" \/><\/h3>\n<div class=\"expSec clear\">\n<p>De la mi-juillet \u00e0 la fin ao\u00fbt.<\/p>\n<\/div>\n<h3><img loading=\"lazy\" decoding=\"async\" src=\"http:\/\/naoshima.net\/wp-content\/uploads\/2016\/02\/experience_beach_setsubi.gif\" alt=\"\u6599\u91d1\" width=\"168\" height=\"42\" \/><\/h3>\n<div class=\"expSec clear\">\n<ul>\n<li>Toilettes publiques, douches (eau chaude payante), vestiaires, lave-pieds, caf\u00e9 et distributeurs automatiques sur le site de Tsutsuji-so.<\/li>\n<\/ul>\n<h4>(Install\u00e9 uniquement en \u00e9t\u00e9).<\/h4>\n<ul>\n<li>masse flottante (d'algues, de glace, etc.)<\/li>\n<li>plongeoir<\/li>\n<li>Cordes indiquant les zones de baignade (pour \u00e9viter les accidents avec les bateaux, etc., pas les filets anti-requins).<\/li>\n<\/ul>\n<\/div>\n<h3><img loading=\"lazy\" decoding=\"async\" src=\"http:\/\/naoshima.net\/wp-content\/uploads\/2016\/02\/experience_beach_parking.gif\" alt=\"\u99d0\u8eca\u5834\" width=\"168\" height=\"42\" \/><\/h3>\n<div class=\"expSec clear\">\n<p>Un parking municipal se trouve \u00e0 c\u00f4t\u00e9 de Tsutsuji-so (gratuit pour environ 70 v\u00e9hicules).<\/p>\n<\/div>\n<h3><img loading=\"lazy\" decoding=\"async\" src=\"http:\/\/naoshima.net\/wp-content\/uploads\/2016\/02\/experience_beach_access.gif\" alt=\"\u30a2\u30af\u30bb\u30b9\" width=\"168\" height=\"42\" \/><\/h3>\n<div class=\"expSec clear\"><iframe loading=\"lazy\" style=\"border: 1px solid #dcd1ba;\" src=\"https:\/\/www.google.com\/maps\/embed?pb=!1m16!1m12!1m3!1d3290.2643975912556!2d133.99569389199556!3d34.445435693721805!2m3!1f0!2f0!3f0!3m2!1i1024!2i768!4f13.1!2m1!1z55C05by-5Zyw5rW35rC05rW05aC0!5e0!3m2!1sja!2sjp!4v1453175985786\" width=\"815\" height=\"400\" frameborder=\"0\" allowfullscreen=\"allowfullscreen\"><\/iframe><\/div>\n<h3><img loading=\"lazy\" decoding=\"async\" src=\"http:\/\/naoshima.net\/wp-content\/uploads\/2016\/02\/experience_beach_inquiry.gif\" alt=\"\u304a\u554f\u5408\u308f\u305b\" width=\"168\" height=\"42\" \/><\/h3>\n<div class=\"expSec clear\">\n<dl class=\"clear\">\n<dt>Mairie de Naoshima, section urbanisme et tourisme<\/dt>\n<dd><img loading=\"lazy\" decoding=\"async\" class=\"alignnone size-full wp-image-209\" src=\"http:\/\/naoshima.net\/wp-content\/uploads\/2015\/09\/experience_tel.gif\" alt=\"experience_tel\" width=\"34\" height=\"34\" \/><span class=\"tel-link\">087-892-2020<\/span><img loading=\"lazy\" decoding=\"async\" src=\"http:\/\/naoshima.net\/wp-content\/uploads\/2015\/09\/experience_fax.gif\" alt=\"\" width=\"34\" height=\"34\" \/>087-892-3888<\/dd>\n<\/dl>\n<\/div>\n<\/div>\n<\/div>","protected":false},"excerpt":{"rendered":"<p>\u5cf6\u306e\u5357\u5074\u306e\u201c\u3075\u308b\u3055\u3068\u6d77\u306e\u5bb6\u300c\u3064\u3064\u3058\u8358\u300d\u201d\u306e\u6d77\u5cb8\u4e00\u5e2f\u304c\u7802\u6d5c\u306b\u306a\u3063\u3066\u3044\u307e\u3059\u3002 \u6d77\u6c34\u6d74\u5834\u3068\u540d\u524d\u306f\u3064\u3044\u3066\u3044\u307e\u3059\u304c\u3001\u9060\u6d45\u3067\u6c34\u8cea\u304c\u6c34\u6d74\u306b\u9069\u3059\u308b\u3068\u3044\u3046\u610f\u5473\u3067\u3042\u308a\u3001\u76e3\u8996\u54e1\u3084\u30ec\u30b9\u30ad\u30e5\u30fc\u306f\u3044\u307e\u305b\u3093\u3002\u904a\u6cf3\u306f\u81ea\u5df1\u8cac\u4efb\u3067\u884c\u3063\u3066\u304f\u3060\u3055\u3044\u3002\u5834\u5185\u3067BB [&hellip;]<\/p>\n","protected":false},"author":1,"featured_media":0,"parent":87,"menu_order":0,"comment_status":"closed","ping_status":"closed","template":"","meta":{"_acf_changed":false,"footnotes":""},"class_list":["post-683","page","type-page","status-publish","hentry"],"acf":[],"publishpress_future_workflow_manual_trigger":{"enabledWorkflows":[]},"_links":{"self":[{"href":"https:\/\/naoshima.net\/fr\/wp-json\/wp\/v2\/pages\/683","targetHints":{"allow":["GET"]}}],"collection":[{"href":"https:\/\/naoshima.net\/fr\/wp-json\/wp\/v2\/pages"}],"about":[{"href":"https:\/\/naoshima.net\/fr\/wp-json\/wp\/v2\/types\/page"}],"author":[{"embeddable":true,"href":"https:\/\/naoshima.net\/fr\/wp-json\/wp\/v2\/users\/1"}],"replies":[{"embeddable":true,"href":"https:\/\/naoshima.net\/fr\/wp-json\/wp\/v2\/comments?post=683"}],"version-history":[{"count":0,"href":"https:\/\/naoshima.net\/fr\/wp-json\/wp\/v2\/pages\/683\/revisions"}],"up":[{"embeddable":true,"href":"https:\/\/naoshima.net\/fr\/wp-json\/wp\/v2\/pages\/87"}],"wp:attachment":[{"href":"https:\/\/naoshima.net\/fr\/wp-json\/wp\/v2\/media?parent=683"}],"curies":[{"name":"wp","href":"https:\/\/api.w.org\/{rel}","templated":true}]}}