{"id":7,"date":"2015-08-21T19:51:12","date_gmt":"2015-08-21T10:51:12","guid":{"rendered":"http:\/\/naoshima.net\/?page_id=7"},"modified":"2022-02-21T16:56:15","modified_gmt":"2022-02-21T07:56:15","slug":"art","status":"publish","type":"page","link":"https:\/\/naoshima.net\/fr\/art\/","title":{"rendered":"Appr\u00e9ciation de l'art"},"content":{"rendered":"<p class=\"artpdf\">\u00a0<\/p>\n<ul class=\"artArea clear\">\n<li id=\"aarea01\"><a href=\"http:\/\/naoshima.net\/fr\/art\/\"><strong>Vue g\u00e9n\u00e9rale de Naoshima <\/strong><\/a><\/li>\n<li id=\"aarea02\"><a href=\"http:\/\/naoshima.net\/fr\/art\/art_museum\/\"><strong>Espace mus\u00e9al<\/strong>Appr\u00e9ciation de l'art<\/a><\/li>\n<li id=\"aarea03\"><a href=\"http:\/\/naoshima.net\/fr\/art\/art_miyanoura\/\"><strong>R\u00e9gion de Miyanoura<\/strong>Appr\u00e9ciation de l'art<\/a><\/li>\n<li id=\"aarea04\"><a href=\"http:\/\/naoshima.net\/fr\/art\/art_honmura\/\"><strong>Zone principale du village<\/strong>Appr\u00e9ciation de l'art<\/a><\/li>\n<\/ul>\n<p class=\"artMap\"><img loading=\"lazy\" decoding=\"async\" class=\"alignnone size-full wp-image-92\" src=\"http:\/\/naoshima.net\/wp-content\/uploads\/2015\/08\/art_map21.gif\" alt=\"art_map\" usemap=\"#Map\" width=\"883\" height=\"746\" \/><\/p>\n<map name=\"Map\">\n<area coords=\"137,283,366,452\" shape=\"rect\" href=\"http:\/\/naoshima.net\/art\/art_miyanoura\" \/>\n<area coords=\"438,281,658,432\" shape=\"rect\" href=\"http:\/\/naoshima.net\/art\/art_honmura\" \/>\n<area coords=\"330,493,639,721\" shape=\"rect\" href=\"http:\/\/naoshima.net\/art\/art_museum\/\" \/>\n <\/map><\/p>","protected":false},"excerpt":{"rendered":"<p>\u00a0 Carte g\u00e9n\u00e9rale de Naoshima Exposition d'art dans la zone du mus\u00e9e Exposition d'art dans la zone de Miyanoura Exposition d'art dans la zone de Honmura<\/p>","protected":false},"author":1,"featured_media":0,"parent":0,"menu_order":0,"comment_status":"closed","ping_status":"closed","template":"","meta":{"_acf_changed":false,"footnotes":""},"class_list":["post-7","page","type-page","status-publish","hentry"],"acf":[],"publishpress_future_workflow_manual_trigger":{"enabledWorkflows":[]},"_links":{"self":[{"href":"https:\/\/naoshima.net\/fr\/wp-json\/wp\/v2\/pages\/7","targetHints":{"allow":["GET"]}}],"collection":[{"href":"https:\/\/naoshima.net\/fr\/wp-json\/wp\/v2\/pages"}],"about":[{"href":"https:\/\/naoshima.net\/fr\/wp-json\/wp\/v2\/types\/page"}],"author":[{"embeddable":true,"href":"https:\/\/naoshima.net\/fr\/wp-json\/wp\/v2\/users\/1"}],"replies":[{"embeddable":true,"href":"https:\/\/naoshima.net\/fr\/wp-json\/wp\/v2\/comments?post=7"}],"version-history":[{"count":0,"href":"https:\/\/naoshima.net\/fr\/wp-json\/wp\/v2\/pages\/7\/revisions"}],"wp:attachment":[{"href":"https:\/\/naoshima.net\/fr\/wp-json\/wp\/v2\/media?parent=7"}],"curies":[{"name":"wp","href":"https:\/\/api.w.org\/{rel}","templated":true}]}}