{"id":87,"date":"2015-09-08T08:59:22","date_gmt":"2015-09-07T23:59:22","guid":{"rendered":"http:\/\/naoshima.net\/?page_id=87"},"modified":"2025-09-16T13:17:52","modified_gmt":"2025-09-16T04:17:52","slug":"experience","status":"publish","type":"page","link":"https:\/\/naoshima.net\/fr\/experience\/","title":{"rendered":"Exp\u00e9rience."},"content":{"rendered":"<div class=\"experienceList clear\">\n<div>\n<h2><img loading=\"lazy\" decoding=\"async\" class=\"aligncenter wp-image-4650\" src=\"http:\/\/naoshima.net\/wp-content\/uploads\/2022\/03\/5605797ffac41b7a70a8a57866ea09c0.png\" alt=\"\" width=\"425\" height=\"144\" srcset=\"https:\/\/naoshima.net\/wp-content\/uploads\/2022\/03\/5605797ffac41b7a70a8a57866ea09c0.png 568w, https:\/\/naoshima.net\/wp-content\/uploads\/2022\/03\/5605797ffac41b7a70a8a57866ea09c0-300x101.png 300w\" sizes=\"auto, (max-width: 425px) 100vw, 425px\" \/><\/h2>\n<p class=\"expDetail\">Il s'agit d'une installation de p\u00eache payante sur Naoshima. La p\u00eache peut \u00eatre pratiqu\u00e9e \u00e0 partir des tas de pierres situ\u00e9s \u00e0 l'ouest du parc et pr\u00e8s des petites installations de fractionnement. Des cannes \u00e0 p\u00eache peuvent \u00eatre lou\u00e9es et des app\u00e2ts sont disponibles \u00e0 la vente. Tout le monde est invit\u00e9 \u00e0 pratiquer la p\u00eache en mer dans ce parc de p\u00eache s\u00e9curis\u00e9.<\/p>\n<p><a href=\"http:\/\/naoshima.net\/fr\/experience\/experience_tsurikouen\/\">Plus d'informations.<\/a><\/p>\n<\/div>\n<div>\n<h2><img loading=\"lazy\" decoding=\"async\" class=\"aligncenter wp-image-5519\" src=\"http:\/\/naoshima.net\/wp-content\/uploads\/2023\/10\/72ea58f3ccebb1dee0ebbe46790c9817.png\" alt=\"\u30d0\u30ca\u30fc\" width=\"425\" height=\"192\" \/><\/h2>\n<p class=\"expDetail\">Naoshima Smelter &amp; Refinery, Mitsubishi Materials Corporation, une entreprise de premier plan \u00e0 Naoshima.<br \/> Le cuivre, l'or et l'argent sont produits ici, dans l'un des volumes les plus \u00e9lev\u00e9s du pays. Des visites sont organis\u00e9es pour d\u00e9couvrir les principales installations de l'usine.\u00a0<\/p>\n<p><a href=\"http:\/\/naoshima.net\/fr\/experience\/mitsubishi\/\">Plus d'informations.<\/a><\/p>\n<\/div>\n<div>\n<p><img loading=\"lazy\" decoding=\"async\" class=\"aligncenter\" src=\"http:\/\/naoshima.net\/wp-content\/uploads\/2015\/09\/experience_list-05.jpg\" alt=\"experience_list-05\" width=\"424\" height=\"143\" \/><\/p>\n<p class=\"expDetail\">La plage situ\u00e9e au sud de l'\u00eele, au \u201cHometown Beach House Tsutsuji-so\u201d, est une plage de sable.<br \/> Bien qu'il s'agisse d'une plage, cela signifie que l'eau est peu profonde et propice \u00e0 la baignade, et qu'il n'y a pas de sauveteurs. La baignade se fait \u00e0 vos risques et p\u00e9rils.<\/p>\n<p><a href=\"http:\/\/naoshima.net\/fr\/experience\/experience_beach\/\">Plus d'informations.<\/a><\/p>\n<\/div>\n<\/div>","protected":false},"excerpt":{"rendered":"<p>\u76f4\u5cf6\u306b\u3042\u308b\u6709\u6599\u91e3\u308a\u65bd\u8a2d\u3067\u3059\u3002\u5712\u5185\u897f\u5074\u306e\u77f3\u7a4d\u5834\u3084\u5c0f\u5272\u65bd\u8a2d\u4ed8\u8fd1\u304b\u3089\u91e3\u308a\u304c\u697d\u3057\u3081\u307e\u3059\u3002\u91e3\u7aff\u306e\u8cb8\u3057\u51fa\u3057\u3084\u990c\u306e\u8ca9\u58f2\u3082\u884c\u3063\u3066\u3044\u307e\u3059\u3002\u5b89\u5168\u306a\u91e3\u308a\u516c\u5712\u3067\u3001\u7686\u69d8\u305d\u308d\u3063\u3066\u6d77\u91e3\u308a\u3092\u304a\u697d\u3057\u307f\u304f\u3060\u3055\u3044 \u8a73\u7d30\u3092\u898b\u308b \u76f4\u5cf6\u3092\u4ee3\u8868\u3059\u308b\u4f01\u696d\u3001\u4e09\u83f1\u30de\u30c6\u30ea\u30a2 [&hellip;]<\/p>\n","protected":false},"author":1,"featured_media":0,"parent":0,"menu_order":0,"comment_status":"closed","ping_status":"closed","template":"","meta":{"_acf_changed":false,"footnotes":""},"class_list":["post-87","page","type-page","status-publish","hentry"],"acf":[],"publishpress_future_workflow_manual_trigger":{"enabledWorkflows":[]},"_links":{"self":[{"href":"https:\/\/naoshima.net\/fr\/wp-json\/wp\/v2\/pages\/87","targetHints":{"allow":["GET"]}}],"collection":[{"href":"https:\/\/naoshima.net\/fr\/wp-json\/wp\/v2\/pages"}],"about":[{"href":"https:\/\/naoshima.net\/fr\/wp-json\/wp\/v2\/types\/page"}],"author":[{"embeddable":true,"href":"https:\/\/naoshima.net\/fr\/wp-json\/wp\/v2\/users\/1"}],"replies":[{"embeddable":true,"href":"https:\/\/naoshima.net\/fr\/wp-json\/wp\/v2\/comments?post=87"}],"version-history":[{"count":0,"href":"https:\/\/naoshima.net\/fr\/wp-json\/wp\/v2\/pages\/87\/revisions"}],"wp:attachment":[{"href":"https:\/\/naoshima.net\/fr\/wp-json\/wp\/v2\/media?parent=87"}],"curies":[{"name":"wp","href":"https:\/\/api.w.org\/{rel}","templated":true}]}}